{"id":3909,"date":"2022-09-21T11:44:28","date_gmt":"2022-09-21T09:44:28","guid":{"rendered":"https:\/\/cardastrueart.com\/?page_id=3909"},"modified":"2024-10-11T14:24:49","modified_gmt":"2024-10-11T12:24:49","slug":"technologia","status":"publish","type":"page","link":"https:\/\/cardastrueart.com\/en\/technology\/","title":{"rendered":"Technology"},"content":{"rendered":"<div data-elementor-type=\"wp-page\" data-elementor-id=\"3909\" class=\"elementor elementor-3909\" data-elementor-post-type=\"page\">\n\t\t\t\t\t\t<section class=\"elementor-section elementor-top-section elementor-element elementor-element-fbb48c1 elementor-section-full_width elementor-section-height-default elementor-section-height-default\" data-id=\"fbb48c1\" data-element_type=\"section\" id=\"t\" data-settings=\"{&quot;background_background&quot;:&quot;classic&quot;}\">\n\t\t\t\t\t\t<div class=\"elementor-container elementor-column-gap-default\">\n\t\t\t\t\t<div class=\"elementor-column elementor-col-100 elementor-top-column elementor-element elementor-element-5d324f4\" data-id=\"5d324f4\" data-element_type=\"column\">\n\t\t\t<div class=\"elementor-widget-wrap elementor-element-populated\">\n\t\t\t\t\t\t<section class=\"elementor-section elementor-inner-section elementor-element elementor-element-7193ccb elementor-section-full_width elementor-section-height-default elementor-section-height-default\" data-id=\"7193ccb\" data-element_type=\"section\">\n\t\t\t\t\t\t<div class=\"elementor-container elementor-column-gap-default\">\n\t\t\t\t\t<div class=\"elementor-column elementor-col-100 elementor-inner-column elementor-element elementor-element-5122186\" data-id=\"5122186\" data-element_type=\"column\">\n\t\t\t<div class=\"elementor-widget-wrap elementor-element-populated\">\n\t\t\t\t\t\t<div class=\"elementor-element elementor-element-c1987fc elementor-widget elementor-widget-ucaddon_side_border_heading\" data-id=\"c1987fc\" data-element_type=\"widget\" data-widget_type=\"ucaddon_side_border_heading.default\">\n\t\t\t\t<div class=\"elementor-widget-container\">\n\t\t\t\n<!-- start Side Line Heading -->\n<style>\/* widget: Side Line Heading *\/\n\n#uc_side_border_heading_elementor_c1987fc\n{\n  display:flex;\n}\n\n#uc_side_border_heading_elementor_c1987fc .side_border_heading_title\n{\n  color:black;\n}\n\n#uc_side_border_heading_elementor_c1987fc .side_border_heading_subtitle\n{\n  line-height:1.5em;\n  color:gray;\n}\n#uc_side_border_heading_elementor_c1987fc .side_border_heading_line_holder{\nflex-shrink: 0;\n}\n\n#uc_side_border_heading_elementor_c1987fc .side_border_heading_line_spacer{\nflex-shrink: 0;\n}\n\n<\/style>\n\n<div id=\"uc_side_border_heading_elementor_c1987fc\">\n  <div class=\"side_border_heading_line_holder\"><div class=\"side_border_heading_line\" style=\"background-color:#000000;\"><\/div><\/div>\n  <div class=\"side_border_heading_line_spacer\"><\/div>\n  <div>\n    <div class=\"side_border_heading_title\"><span  class=\"uc_style_side_border_heading_elementor_title\" style=\"color:#7A7A7A;\">Technology<\/span><\/div>\n    <div class=\"side_border_heading_subtitle\"><\/div>\n  <\/div>\n<\/div>\n<!-- end Side Line Heading -->\t\t<\/div>\n\t\t\t\t<\/div>\n\t\t\t\t<div class=\"elementor-element elementor-element-8da5dcf elementor-widget elementor-widget-text-editor\" data-id=\"8da5dcf\" data-element_type=\"widget\" data-widget_type=\"text-editor.default\">\n\t\t\t\t<div class=\"elementor-widget-container\">\n\t\t\t\t\t\t\t<p>We have a comprehensively equipped research and conservation workshop and a rich collection of specialist literature.<br \/>Our conservators have at their disposal an XRF spectrometer, microscopes, specialized equipment for taking photos in UV and IR light, a professional digital radiography device, a 3D scanner, a 3D printer, and full-size low-pressure tables.<\/p>\t\t\t\t\t\t<\/div>\n\t\t\t\t<\/div>\n\t\t\t\t<div class=\"elementor-element elementor-element-283fa0a elementor-widget elementor-widget-gallery\" data-id=\"283fa0a\" data-element_type=\"widget\" data-settings=\"{&quot;lazyload&quot;:&quot;yes&quot;,&quot;gallery_layout&quot;:&quot;grid&quot;,&quot;columns&quot;:4,&quot;columns_tablet&quot;:2,&quot;columns_mobile&quot;:1,&quot;gap&quot;:{&quot;unit&quot;:&quot;px&quot;,&quot;size&quot;:10,&quot;sizes&quot;:[]},&quot;gap_tablet&quot;:{&quot;unit&quot;:&quot;px&quot;,&quot;size&quot;:10,&quot;sizes&quot;:[]},&quot;gap_mobile&quot;:{&quot;unit&quot;:&quot;px&quot;,&quot;size&quot;:10,&quot;sizes&quot;:[]},&quot;link_to&quot;:&quot;file&quot;,&quot;aspect_ratio&quot;:&quot;3:2&quot;,&quot;content_hover_animation&quot;:&quot;fade-in&quot;}\" data-widget_type=\"gallery.default\">\n\t\t\t\t<div class=\"elementor-widget-container\">\n\t\t\t\t\t<div class=\"elementor-gallery__container\">\n\t\t\t\t\t\t\t<a class=\"e-gallery-item elementor-gallery-item elementor-animated-content\" href=\"https:\/\/cardastrueart.com\/wp-content\/uploads\/2022\/09\/0-RENOWACJA.jpg\" data-elementor-open-lightbox=\"yes\" data-elementor-lightbox-slideshow=\"283fa0a\" data-e-action-hash=\"#elementor-action%3Aaction%3Dlightbox%26settings%3DeyJpZCI6NDAwMiwidXJsIjoiaHR0cHM6XC9cL2NhcmRhc3RydWVhcnQuY29tXC93cC1jb250ZW50XC91cGxvYWRzXC8yMDIyXC8wOVwvMC1SRU5PV0FDSkEuanBnIiwic2xpZGVzaG93IjoiMjgzZmEwYSJ9\">\n\t\t\t\t\t<div class=\"e-gallery-image elementor-gallery-item__image\" data-thumbnail=\"https:\/\/cardastrueart.com\/wp-content\/uploads\/2022\/09\/0-RENOWACJA-768x876.jpg\" data-width=\"768\" data-height=\"876\" aria-label=\"\" role=\"img\" ><\/div>\n\t\t\t\t\t\t\t\t\t\t\t\t\t\t<\/a>\n\t\t\t\t\t\t\t<a class=\"e-gallery-item elementor-gallery-item elementor-animated-content\" href=\"https:\/\/cardastrueart.com\/wp-content\/uploads\/2022\/09\/0-RENOWACJA-3.jpg\" data-elementor-open-lightbox=\"yes\" data-elementor-lightbox-slideshow=\"283fa0a\" data-e-action-hash=\"#elementor-action%3Aaction%3Dlightbox%26settings%3DeyJpZCI6NDAwMSwidXJsIjoiaHR0cHM6XC9cL2NhcmRhc3RydWVhcnQuY29tXC93cC1jb250ZW50XC91cGxvYWRzXC8yMDIyXC8wOVwvMC1SRU5PV0FDSkEtMy5qcGciLCJzbGlkZXNob3ciOiIyODNmYTBhIn0%3D\">\n\t\t\t\t\t<div class=\"e-gallery-image elementor-gallery-item__image\" data-thumbnail=\"https:\/\/cardastrueart.com\/wp-content\/uploads\/2022\/09\/0-RENOWACJA-3-768x512.jpg\" data-width=\"768\" data-height=\"512\" aria-label=\"\" role=\"img\" ><\/div>\n\t\t\t\t\t\t\t\t\t\t\t\t\t\t<\/a>\n\t\t\t\t\t\t\t<a class=\"e-gallery-item elementor-gallery-item elementor-animated-content\" href=\"https:\/\/cardastrueart.com\/wp-content\/uploads\/2022\/09\/0-RENOWACJA-2.jpg\" data-elementor-open-lightbox=\"yes\" data-elementor-lightbox-slideshow=\"283fa0a\" data-e-action-hash=\"#elementor-action%3Aaction%3Dlightbox%26settings%3DeyJpZCI6NDAwMCwidXJsIjoiaHR0cHM6XC9cL2NhcmRhc3RydWVhcnQuY29tXC93cC1jb250ZW50XC91cGxvYWRzXC8yMDIyXC8wOVwvMC1SRU5PV0FDSkEtMi5qcGciLCJzbGlkZXNob3ciOiIyODNmYTBhIn0%3D\">\n\t\t\t\t\t<div class=\"e-gallery-image elementor-gallery-item__image\" data-thumbnail=\"https:\/\/cardastrueart.com\/wp-content\/uploads\/2022\/09\/0-RENOWACJA-2.jpg\" data-width=\"750\" data-height=\"1125\" aria-label=\"\" role=\"img\" ><\/div>\n\t\t\t\t\t\t\t\t\t\t\t\t\t\t<\/a>\n\t\t\t\t\t\t\t<a class=\"e-gallery-item elementor-gallery-item elementor-animated-content\" href=\"https:\/\/cardastrueart.com\/wp-content\/uploads\/2022\/09\/0-BIBLIOTEKA.jpg\" data-elementor-open-lightbox=\"yes\" data-elementor-lightbox-slideshow=\"283fa0a\" data-e-action-hash=\"#elementor-action%3Aaction%3Dlightbox%26settings%3DeyJpZCI6Mzk5NiwidXJsIjoiaHR0cHM6XC9cL2NhcmRhc3RydWVhcnQuY29tXC93cC1jb250ZW50XC91cGxvYWRzXC8yMDIyXC8wOVwvMC1CSUJMSU9URUtBLmpwZyIsInNsaWRlc2hvdyI6IjI4M2ZhMGEifQ%3D%3D\">\n\t\t\t\t\t<div class=\"e-gallery-image elementor-gallery-item__image\" data-thumbnail=\"https:\/\/cardastrueart.com\/wp-content\/uploads\/2022\/09\/0-BIBLIOTEKA-768x450.jpg\" data-width=\"768\" data-height=\"450\" aria-label=\"\" role=\"img\" ><\/div>\n\t\t\t\t\t\t\t\t\t\t\t\t\t\t<\/a>\n\t\t\t\t\t<\/div>\n\t\t\t<\/div>\n\t\t\t\t<\/div>\n\t\t\t\t<div class=\"elementor-element elementor-element-1911e66 elementor-widget elementor-widget-toggle\" data-id=\"1911e66\" data-element_type=\"widget\" data-widget_type=\"toggle.default\">\n\t\t\t\t<div class=\"elementor-widget-container\">\n\t\t\t\t\t<div class=\"elementor-toggle\">\n\t\t\t\t\t\t\t<div class=\"elementor-toggle-item\">\n\t\t\t\t\t<div id=\"elementor-tab-title-2621\" class=\"elementor-tab-title\" data-tab=\"1\" role=\"button\" aria-controls=\"elementor-tab-content-2621\" aria-expanded=\"false\">\n\t\t\t\t\t\t\t\t\t\t\t\t<span class=\"elementor-toggle-icon elementor-toggle-icon-left\" aria-hidden=\"true\">\n\t\t\t\t\t\t\t\t\t\t\t\t\t\t\t<span class=\"elementor-toggle-icon-closed\"><i class=\"fas fa-caret-right\"><\/i><\/span>\n\t\t\t\t\t\t\t\t<span class=\"elementor-toggle-icon-opened\"><i class=\"elementor-toggle-icon-opened fas fa-caret-up\"><\/i><\/span>\n\t\t\t\t\t\t\t\t\t\t\t\t\t<\/span>\n\t\t\t\t\t\t\t\t\t\t\t\t<a class=\"elementor-toggle-title\" tabindex=\"0\">XRF spectrometry <\/a>\n\t\t\t\t\t<\/div>\n\n\t\t\t\t\t<div id=\"elementor-tab-content-2621\" class=\"elementor-tab-content elementor-clearfix\" data-tab=\"1\" role=\"region\" aria-labelledby=\"elementor-tab-title-2621\"><p>It uses the phenomenon of X-ray fluorescence. It is used to perform detailed analyzes of the elemental composition of pigments in the paint layer and underpainting. They allow, among others on the dating of the time of creation of painting on the basis of the so-called dating pigments and confirm its authenticity.<\/p><p><a href=\"http:\/\/cardastrueart.com\/wp-content\/uploads\/2022\/09\/0-SPEKTROMETR.jpg\"><img fetchpriority=\"high\" decoding=\"async\" class=\"alignnone size-medium wp-image-4004\" src=\"http:\/\/cardastrueart.com\/wp-content\/uploads\/2022\/09\/0-SPEKTROMETR-300x200.jpg\" alt=\"\" width=\"300\" height=\"200\" srcset=\"https:\/\/cardastrueart.com\/wp-content\/uploads\/2022\/09\/0-SPEKTROMETR-300x200.jpg 300w, https:\/\/cardastrueart.com\/wp-content\/uploads\/2022\/09\/0-SPEKTROMETR-1024x682.jpg 1024w, https:\/\/cardastrueart.com\/wp-content\/uploads\/2022\/09\/0-SPEKTROMETR-768x512.jpg 768w, https:\/\/cardastrueart.com\/wp-content\/uploads\/2022\/09\/0-SPEKTROMETR-1536x1024.jpg 1536w, https:\/\/cardastrueart.com\/wp-content\/uploads\/2022\/09\/0-SPEKTROMETR-18x12.jpg 18w, https:\/\/cardastrueart.com\/wp-content\/uploads\/2022\/09\/0-SPEKTROMETR.jpg 1688w\" sizes=\"(max-width: 300px) 100vw, 300px\" \/> \u00a0<\/a><a href=\"http:\/\/cardastrueart.com\/wp-content\/uploads\/2022\/09\/0-SPEKTROMETR-WYNIKI.jpg\"><img decoding=\"async\" class=\"alignnone size-medium wp-image-4003\" src=\"http:\/\/cardastrueart.com\/wp-content\/uploads\/2022\/09\/0-SPEKTROMETR-WYNIKI-300x200.jpg\" alt=\"\" width=\"300\" height=\"200\" srcset=\"https:\/\/cardastrueart.com\/wp-content\/uploads\/2022\/09\/0-SPEKTROMETR-WYNIKI-300x200.jpg 300w, https:\/\/cardastrueart.com\/wp-content\/uploads\/2022\/09\/0-SPEKTROMETR-WYNIKI-1024x682.jpg 1024w, https:\/\/cardastrueart.com\/wp-content\/uploads\/2022\/09\/0-SPEKTROMETR-WYNIKI-768x512.jpg 768w, https:\/\/cardastrueart.com\/wp-content\/uploads\/2022\/09\/0-SPEKTROMETR-WYNIKI-1536x1024.jpg 1536w, https:\/\/cardastrueart.com\/wp-content\/uploads\/2022\/09\/0-SPEKTROMETR-WYNIKI-18x12.jpg 18w, https:\/\/cardastrueart.com\/wp-content\/uploads\/2022\/09\/0-SPEKTROMETR-WYNIKI.jpg 1688w\" sizes=\"(max-width: 300px) 100vw, 300px\" \/><\/a><\/p><\/div>\n\t\t\t\t<\/div>\n\t\t\t\t\t\t\t<div class=\"elementor-toggle-item\">\n\t\t\t\t\t<div id=\"elementor-tab-title-2622\" class=\"elementor-tab-title\" data-tab=\"2\" role=\"button\" aria-controls=\"elementor-tab-content-2622\" aria-expanded=\"false\">\n\t\t\t\t\t\t\t\t\t\t\t\t<span class=\"elementor-toggle-icon elementor-toggle-icon-left\" aria-hidden=\"true\">\n\t\t\t\t\t\t\t\t\t\t\t\t\t\t\t<span class=\"elementor-toggle-icon-closed\"><i class=\"fas fa-caret-right\"><\/i><\/span>\n\t\t\t\t\t\t\t\t<span class=\"elementor-toggle-icon-opened\"><i class=\"elementor-toggle-icon-opened fas fa-caret-up\"><\/i><\/span>\n\t\t\t\t\t\t\t\t\t\t\t\t\t<\/span>\n\t\t\t\t\t\t\t\t\t\t\t\t<a class=\"elementor-toggle-title\" tabindex=\"0\">Photography in ultraviolet and infrared light <\/a>\n\t\t\t\t\t<\/div>\n\n\t\t\t\t\t<div id=\"elementor-tab-content-2622\" class=\"elementor-tab-content elementor-clearfix\" data-tab=\"2\" role=\"region\" aria-labelledby=\"elementor-tab-title-2622\"><p>It allows you to assess the changes introduced to the painting during its creation by the author himself and subsequent conservation interventions. It also provides a lot of information about the materials used both in the creative process and later during intervention and conservation work.<\/p><p><a href=\"http:\/\/cardastrueart.com\/wp-content\/uploads\/2022\/09\/0-FOTO-PODCZERWIEN.jpg\"><img decoding=\"async\" class=\"alignnone size-medium wp-image-3998\" src=\"http:\/\/cardastrueart.com\/wp-content\/uploads\/2022\/09\/0-FOTO-PODCZERWIEN-300x200.jpg\" alt=\"\" width=\"300\" height=\"200\" srcset=\"https:\/\/cardastrueart.com\/wp-content\/uploads\/2022\/09\/0-FOTO-PODCZERWIEN-300x200.jpg 300w, https:\/\/cardastrueart.com\/wp-content\/uploads\/2022\/09\/0-FOTO-PODCZERWIEN-1024x682.jpg 1024w, https:\/\/cardastrueart.com\/wp-content\/uploads\/2022\/09\/0-FOTO-PODCZERWIEN-768x512.jpg 768w, https:\/\/cardastrueart.com\/wp-content\/uploads\/2022\/09\/0-FOTO-PODCZERWIEN-1536x1024.jpg 1536w, https:\/\/cardastrueart.com\/wp-content\/uploads\/2022\/09\/0-FOTO-PODCZERWIEN-18x12.jpg 18w, https:\/\/cardastrueart.com\/wp-content\/uploads\/2022\/09\/0-FOTO-PODCZERWIEN.jpg 1688w\" sizes=\"(max-width: 300px) 100vw, 300px\" \/> \u00a0<\/a><a href=\"http:\/\/cardastrueart.com\/wp-content\/uploads\/2023\/09\/rau1.jpg\"><img loading=\"lazy\" decoding=\"async\" class=\"alignnone wp-image-4449 size-large\" src=\"http:\/\/cardastrueart.com\/wp-content\/uploads\/2023\/09\/rau1-1024x401.jpg\" alt=\"\" width=\"800\" height=\"313\" srcset=\"https:\/\/cardastrueart.com\/wp-content\/uploads\/2023\/09\/rau1-1024x401.jpg 1024w, https:\/\/cardastrueart.com\/wp-content\/uploads\/2023\/09\/rau1-300x117.jpg 300w, https:\/\/cardastrueart.com\/wp-content\/uploads\/2023\/09\/rau1-768x300.jpg 768w, https:\/\/cardastrueart.com\/wp-content\/uploads\/2023\/09\/rau1-1536x601.jpg 1536w, https:\/\/cardastrueart.com\/wp-content\/uploads\/2023\/09\/rau1-2048x801.jpg 2048w, https:\/\/cardastrueart.com\/wp-content\/uploads\/2023\/09\/rau1-18x7.jpg 18w\" sizes=\"(max-width: 800px) 100vw, 800px\" \/><\/a><\/p><\/div>\n\t\t\t\t<\/div>\n\t\t\t\t\t\t\t<div class=\"elementor-toggle-item\">\n\t\t\t\t\t<div id=\"elementor-tab-title-2623\" class=\"elementor-tab-title\" data-tab=\"3\" role=\"button\" aria-controls=\"elementor-tab-content-2623\" aria-expanded=\"false\">\n\t\t\t\t\t\t\t\t\t\t\t\t<span class=\"elementor-toggle-icon elementor-toggle-icon-left\" aria-hidden=\"true\">\n\t\t\t\t\t\t\t\t\t\t\t\t\t\t\t<span class=\"elementor-toggle-icon-closed\"><i class=\"fas fa-caret-right\"><\/i><\/span>\n\t\t\t\t\t\t\t\t<span class=\"elementor-toggle-icon-opened\"><i class=\"elementor-toggle-icon-opened fas fa-caret-up\"><\/i><\/span>\n\t\t\t\t\t\t\t\t\t\t\t\t\t<\/span>\n\t\t\t\t\t\t\t\t\t\t\t\t<a class=\"elementor-toggle-title\" tabindex=\"0\">Scanner and 3D printer <\/a>\n\t\t\t\t\t<\/div>\n\n\t\t\t\t\t<div id=\"elementor-tab-content-2623\" class=\"elementor-tab-content elementor-clearfix\" data-tab=\"3\" role=\"region\" aria-labelledby=\"elementor-tab-title-2623\"><p>They allow you to make three-dimensional models of restored objects and then print the elements to fill the losses.<\/p><p><a href=\"http:\/\/cardastrueart.com\/wp-content\/uploads\/2022\/09\/0-DRUKARKA-3D.jpg\"><img loading=\"lazy\" decoding=\"async\" class=\"alignnone size-medium wp-image-3997\" src=\"http:\/\/cardastrueart.com\/wp-content\/uploads\/2022\/09\/0-DRUKARKA-3D-200x300.jpg\" alt=\"\" width=\"200\" height=\"300\" srcset=\"https:\/\/cardastrueart.com\/wp-content\/uploads\/2022\/09\/0-DRUKARKA-3D-200x300.jpg 200w, https:\/\/cardastrueart.com\/wp-content\/uploads\/2022\/09\/0-DRUKARKA-3D-683x1024.jpg 683w, https:\/\/cardastrueart.com\/wp-content\/uploads\/2022\/09\/0-DRUKARKA-3D-8x12.jpg 8w, https:\/\/cardastrueart.com\/wp-content\/uploads\/2022\/09\/0-DRUKARKA-3D.jpg 750w\" sizes=\"(max-width: 200px) 100vw, 200px\" \/><\/a><a href=\"http:\/\/cardastrueart.com\/wp-content\/uploads\/2022\/10\/0-SKANER-3D.jpg\"><img loading=\"lazy\" decoding=\"async\" class=\"size-medium wp-image-4040 alignleft\" src=\"http:\/\/cardastrueart.com\/wp-content\/uploads\/2022\/10\/0-SKANER-3D-300x213.jpg\" alt=\"\" width=\"300\" height=\"213\" srcset=\"https:\/\/cardastrueart.com\/wp-content\/uploads\/2022\/10\/0-SKANER-3D-300x213.jpg 300w, https:\/\/cardastrueart.com\/wp-content\/uploads\/2022\/10\/0-SKANER-3D-1024x729.jpg 1024w, https:\/\/cardastrueart.com\/wp-content\/uploads\/2022\/10\/0-SKANER-3D-768x546.jpg 768w, https:\/\/cardastrueart.com\/wp-content\/uploads\/2022\/10\/0-SKANER-3D-1536x1093.jpg 1536w, https:\/\/cardastrueart.com\/wp-content\/uploads\/2022\/10\/0-SKANER-3D-18x12.jpg 18w, https:\/\/cardastrueart.com\/wp-content\/uploads\/2022\/10\/0-SKANER-3D.jpg 1581w\" sizes=\"(max-width: 300px) 100vw, 300px\" \/><\/a><\/p><\/div>\n\t\t\t\t<\/div>\n\t\t\t\t\t\t\t<div class=\"elementor-toggle-item\">\n\t\t\t\t\t<div id=\"elementor-tab-title-2624\" class=\"elementor-tab-title\" data-tab=\"4\" role=\"button\" aria-controls=\"elementor-tab-content-2624\" aria-expanded=\"false\">\n\t\t\t\t\t\t\t\t\t\t\t\t<span class=\"elementor-toggle-icon elementor-toggle-icon-left\" aria-hidden=\"true\">\n\t\t\t\t\t\t\t\t\t\t\t\t\t\t\t<span class=\"elementor-toggle-icon-closed\"><i class=\"fas fa-caret-right\"><\/i><\/span>\n\t\t\t\t\t\t\t\t<span class=\"elementor-toggle-icon-opened\"><i class=\"elementor-toggle-icon-opened fas fa-caret-up\"><\/i><\/span>\n\t\t\t\t\t\t\t\t\t\t\t\t\t<\/span>\n\t\t\t\t\t\t\t\t\t\t\t\t<a class=\"elementor-toggle-title\" tabindex=\"0\">Visible reflected light microscopy and UV fluorescence<\/a>\n\t\t\t\t\t<\/div>\n\n\t\t\t\t\t<div id=\"elementor-tab-content-2624\" class=\"elementor-tab-content elementor-clearfix\" data-tab=\"4\" role=\"region\" aria-labelledby=\"elementor-tab-title-2624\"><p>It allows for an in-depth analysis of the structure, technique and technology of the work, determining the causes of possible damage, and determining the scope and methods of interference in the work.<\/p><p><a href=\"http:\/\/cardastrueart.com\/wp-content\/uploads\/2022\/09\/0-MIKROSKOP.jpg\"><img loading=\"lazy\" decoding=\"async\" class=\"alignnone size-medium wp-image-3999\" src=\"http:\/\/cardastrueart.com\/wp-content\/uploads\/2022\/09\/0-MIKROSKOP-220x300.jpg\" alt=\"\" width=\"220\" height=\"300\" srcset=\"https:\/\/cardastrueart.com\/wp-content\/uploads\/2022\/09\/0-MIKROSKOP-220x300.jpg 220w, https:\/\/cardastrueart.com\/wp-content\/uploads\/2022\/09\/0-MIKROSKOP-751x1024.jpg 751w, https:\/\/cardastrueart.com\/wp-content\/uploads\/2022\/09\/0-MIKROSKOP-768x1047.jpg 768w, https:\/\/cardastrueart.com\/wp-content\/uploads\/2022\/09\/0-MIKROSKOP-9x12.jpg 9w, https:\/\/cardastrueart.com\/wp-content\/uploads\/2022\/09\/0-MIKROSKOP.jpg 825w\" sizes=\"(max-width: 220px) 100vw, 220px\" \/><\/a><\/p><\/div>\n\t\t\t\t<\/div>\n\t\t\t\t\t\t\t<div class=\"elementor-toggle-item\">\n\t\t\t\t\t<div id=\"elementor-tab-title-2625\" class=\"elementor-tab-title\" data-tab=\"5\" role=\"button\" aria-controls=\"elementor-tab-content-2625\" aria-expanded=\"false\">\n\t\t\t\t\t\t\t\t\t\t\t\t<span class=\"elementor-toggle-icon elementor-toggle-icon-left\" aria-hidden=\"true\">\n\t\t\t\t\t\t\t\t\t\t\t\t\t\t\t<span class=\"elementor-toggle-icon-closed\"><i class=\"fas fa-caret-right\"><\/i><\/span>\n\t\t\t\t\t\t\t\t<span class=\"elementor-toggle-icon-opened\"><i class=\"elementor-toggle-icon-opened fas fa-caret-up\"><\/i><\/span>\n\t\t\t\t\t\t\t\t\t\t\t\t\t<\/span>\n\t\t\t\t\t\t\t\t\t\t\t\t<a class=\"elementor-toggle-title\" tabindex=\"0\">Digital radiography<\/a>\n\t\t\t\t\t<\/div>\n\n\t\t\t\t\t<div id=\"elementor-tab-content-2625\" class=\"elementor-tab-content elementor-clearfix\" data-tab=\"5\" role=\"region\" aria-labelledby=\"elementor-tab-title-2625\"><p>Used to determine the state of preservation of the object, the techniques used by the author, previous repaintings, and conservation interventions.<\/p><p><a href=\"http:\/\/cardastrueart.com\/wp-content\/uploads\/2023\/09\/20230220_111303-scaled-e1694774238467.jpg\"><img loading=\"lazy\" decoding=\"async\" class=\"alignnone size-medium wp-image-4454\" src=\"http:\/\/cardastrueart.com\/wp-content\/uploads\/2023\/09\/20230220_111303-scaled-e1694774238467-213x300.jpg\" alt=\"\" width=\"213\" height=\"300\" srcset=\"https:\/\/cardastrueart.com\/wp-content\/uploads\/2023\/09\/20230220_111303-scaled-e1694774238467-213x300.jpg 213w, https:\/\/cardastrueart.com\/wp-content\/uploads\/2023\/09\/20230220_111303-scaled-e1694774238467-726x1024.jpg 726w, https:\/\/cardastrueart.com\/wp-content\/uploads\/2023\/09\/20230220_111303-scaled-e1694774238467-768x1084.jpg 768w, https:\/\/cardastrueart.com\/wp-content\/uploads\/2023\/09\/20230220_111303-scaled-e1694774238467-1088x1536.jpg 1088w, https:\/\/cardastrueart.com\/wp-content\/uploads\/2023\/09\/20230220_111303-scaled-e1694774238467-1451x2048.jpg 1451w, https:\/\/cardastrueart.com\/wp-content\/uploads\/2023\/09\/20230220_111303-scaled-e1694774238467-9x12.jpg 9w, https:\/\/cardastrueart.com\/wp-content\/uploads\/2023\/09\/20230220_111303-scaled-e1694774238467.jpg 1814w\" sizes=\"(max-width: 213px) 100vw, 213px\" \/>\u00a0 \u00a0\u00a0<\/a><a href=\"http:\/\/cardastrueart.com\/wp-content\/uploads\/2023\/03\/Tetmajer_chlopiec_2023-02-20_11-09-08_serwis-scaled.jpg\"><img loading=\"lazy\" decoding=\"async\" class=\"alignnone size-medium wp-image-4401\" src=\"http:\/\/cardastrueart.com\/wp-content\/uploads\/2023\/03\/Tetmajer_chlopiec_2023-02-20_11-09-08_serwis-300x225.jpg\" alt=\"\" width=\"300\" height=\"225\" srcset=\"https:\/\/cardastrueart.com\/wp-content\/uploads\/2023\/03\/Tetmajer_chlopiec_2023-02-20_11-09-08_serwis-300x225.jpg 300w, https:\/\/cardastrueart.com\/wp-content\/uploads\/2023\/03\/Tetmajer_chlopiec_2023-02-20_11-09-08_serwis-1024x766.jpg 1024w, https:\/\/cardastrueart.com\/wp-content\/uploads\/2023\/03\/Tetmajer_chlopiec_2023-02-20_11-09-08_serwis-768x575.jpg 768w, https:\/\/cardastrueart.com\/wp-content\/uploads\/2023\/03\/Tetmajer_chlopiec_2023-02-20_11-09-08_serwis-1536x1150.jpg 1536w, https:\/\/cardastrueart.com\/wp-content\/uploads\/2023\/03\/Tetmajer_chlopiec_2023-02-20_11-09-08_serwis-2048x1533.jpg 2048w, https:\/\/cardastrueart.com\/wp-content\/uploads\/2023\/03\/Tetmajer_chlopiec_2023-02-20_11-09-08_serwis-16x12.jpg 16w\" sizes=\"(max-width: 300px) 100vw, 300px\" \/><\/a><\/p><\/div>\n\t\t\t\t<\/div>\n\t\t\t\t\t\t\t\t<\/div>\n\t\t\t\t<\/div>\n\t\t\t\t<\/div>\n\t\t\t\t\t<\/div>\n\t\t<\/div>\n\t\t\t\t\t<\/div>\n\t\t<\/section>\n\t\t\t\t\t<\/div>\n\t\t<\/div>\n\t\t\t\t\t<\/div>\n\t\t<\/section>\n\t\t\t\t<\/div>","protected":false},"excerpt":{"rendered":"<p>Technologia Dysponujemy kompleksowo wyposa\u017con\u0105 pracowni\u0105 badawczo-konserwatorsk\u0105 i bogatym ksi\u0119gozbiorem literatury specjalistycznej.Do dyspozycji nasi konserwatorzy maj\u0105 spektrometr XRF, mikroskopy, specjalistyczny sprz\u0119t do wykonywania zdj\u0119\u0107 w \u015bwietle UV i IR, profesjonalne urz\u0105dzenia do radiografii cyfrowej skaner 3D, drukark\u0119 3D, pe\u0142nowymiarowe sto\u0142y niskoci\u015bnieniowe. Spektrometria XRF Wykorzystuje zjawisko fluorescencji rentgenowskiej. Stosowana jest do wykonywania szczeg\u00f3\u0142owych analiz sk\u0142adu pierwiastkowego pigment\u00f3w [&hellip;]<\/p>","protected":false},"author":1,"featured_media":0,"parent":0,"menu_order":0,"comment_status":"closed","ping_status":"closed","template":"","meta":{"footnotes":""},"class_list":["post-3909","page","type-page","status-publish","hentry"],"_links":{"self":[{"href":"https:\/\/cardastrueart.com\/en\/wp-json\/wp\/v2\/pages\/3909","targetHints":{"allow":["GET"]}}],"collection":[{"href":"https:\/\/cardastrueart.com\/en\/wp-json\/wp\/v2\/pages"}],"about":[{"href":"https:\/\/cardastrueart.com\/en\/wp-json\/wp\/v2\/types\/page"}],"author":[{"embeddable":true,"href":"https:\/\/cardastrueart.com\/en\/wp-json\/wp\/v2\/users\/1"}],"replies":[{"embeddable":true,"href":"https:\/\/cardastrueart.com\/en\/wp-json\/wp\/v2\/comments?post=3909"}],"version-history":[{"count":82,"href":"https:\/\/cardastrueart.com\/en\/wp-json\/wp\/v2\/pages\/3909\/revisions"}],"predecessor-version":[{"id":5925,"href":"https:\/\/cardastrueart.com\/en\/wp-json\/wp\/v2\/pages\/3909\/revisions\/5925"}],"wp:attachment":[{"href":"https:\/\/cardastrueart.com\/en\/wp-json\/wp\/v2\/media?parent=3909"}],"curies":[{"name":"wp","href":"https:\/\/api.w.org\/{rel}","templated":true}]}}