{"id":4804,"date":"2024-01-18T12:53:11","date_gmt":"2024-01-18T11:53:11","guid":{"rendered":"https:\/\/cardastrueart.com\/?page_id=4804"},"modified":"2024-12-02T13:10:10","modified_gmt":"2024-12-02T12:10:10","slug":"badania-skarbu-bydgoskiego","status":"publish","type":"page","link":"https:\/\/cardastrueart.com\/en\/news\/badania-skarbu-bydgoskiego\/","title":{"rendered":"Analyzes of the Bydgoszcz treasure"},"content":{"rendered":"<div data-elementor-type=\"wp-page\" data-elementor-id=\"4804\" class=\"elementor elementor-4804\" data-elementor-post-type=\"page\">\n\t\t\t\t\t\t<section class=\"elementor-section elementor-top-section elementor-element elementor-element-4d4d6583 elementor-section-boxed elementor-section-height-default elementor-section-height-default\" data-id=\"4d4d6583\" data-element_type=\"section\">\n\t\t\t\t\t\t<div class=\"elementor-container elementor-column-gap-default\">\n\t\t\t\t\t<div class=\"elementor-column elementor-col-100 elementor-top-column elementor-element elementor-element-64e7f29e\" data-id=\"64e7f29e\" data-element_type=\"column\">\n\t\t\t<div class=\"elementor-widget-wrap elementor-element-populated\">\n\t\t\t\t\t\t<div class=\"elementor-element elementor-element-6f0eb01 elementor-widget elementor-widget-heading\" data-id=\"6f0eb01\" data-element_type=\"widget\" data-widget_type=\"heading.default\">\n\t\t\t\t<div class=\"elementor-widget-container\">\n\t\t\t<h2 class=\"elementor-heading-title elementor-size-default\">Analyzes of the Bydgoszcz treasure<\/h2>\t\t<\/div>\n\t\t\t\t<\/div>\n\t\t\t\t<div class=\"elementor-element elementor-element-34ee24c elementor-widget elementor-widget-text-editor\" data-id=\"34ee24c\" data-element_type=\"widget\" data-widget_type=\"text-editor.default\">\n\t\t\t\t<div class=\"elementor-widget-container\">\n\t\t\t\t\t\t\t<p>We have established cooperation with the Leon Wycz\u00f3\u0142kowski District Museum in Bydgoszcz. Together we will conduct non-destructive testing of selected museum objects.<\/p><p>We started with preliminary analyzes of artifacts included in the so-called Bydgoszcz treasure:<\/p><ol><li>Button for fastening men's outerwear, gold-plated silver,<br \/>beginning of the 17th century<\/li><li>Two plaques with the Virgin Mary, silver, first half of the 17th century.<\/li><li>Outfit fastening in the form of hands giving heart to each other<br \/>beginning of the 17th century<\/li><li>Rosette \u2013 costume decoration, gold, enamel, ruby,<br \/>end of the 16th - beginning of the 17th century.<\/li><\/ol><p>Our cooperation aims to mutually expand knowledge and discover the secrets hidden in works of art.<\/p><p>Thank you!<\/p>\t\t\t\t\t\t<\/div>\n\t\t\t\t<\/div>\n\t\t\t\t<div class=\"elementor-element elementor-element-6f07e4a1 elementor-widget elementor-widget-gallery\" data-id=\"6f07e4a1\" data-element_type=\"widget\" data-settings=\"{&quot;lazyload&quot;:&quot;yes&quot;,&quot;gallery_layout&quot;:&quot;grid&quot;,&quot;columns&quot;:4,&quot;columns_tablet&quot;:2,&quot;columns_mobile&quot;:1,&quot;gap&quot;:{&quot;unit&quot;:&quot;px&quot;,&quot;size&quot;:10,&quot;sizes&quot;:[]},&quot;gap_tablet&quot;:{&quot;unit&quot;:&quot;px&quot;,&quot;size&quot;:10,&quot;sizes&quot;:[]},&quot;gap_mobile&quot;:{&quot;unit&quot;:&quot;px&quot;,&quot;size&quot;:10,&quot;sizes&quot;:[]},&quot;link_to&quot;:&quot;file&quot;,&quot;aspect_ratio&quot;:&quot;3:2&quot;,&quot;content_hover_animation&quot;:&quot;fade-in&quot;}\" data-widget_type=\"gallery.default\">\n\t\t\t\t<div class=\"elementor-widget-container\">\n\t\t\t\t\t<div class=\"elementor-gallery__container\">\n\t\t\t\t\t\t\t<a class=\"e-gallery-item elementor-gallery-item elementor-animated-content\" href=\"https:\/\/cardastrueart.com\/wp-content\/uploads\/2024\/01\/DSC01929-scaled.jpg\" data-elementor-open-lightbox=\"yes\" data-elementor-lightbox-slideshow=\"6f07e4a1\" data-e-action-hash=\"#elementor-action%3Aaction%3Dlightbox%26settings%3DeyJpZCI6NDc5OSwidXJsIjoiaHR0cHM6XC9cL2NhcmRhc3RydWVhcnQuY29tXC93cC1jb250ZW50XC91cGxvYWRzXC8yMDI0XC8wMVwvRFNDMDE5Mjktc2NhbGVkLmpwZyIsInNsaWRlc2hvdyI6IjZmMDdlNGExIn0%3D\">\n\t\t\t\t\t<div class=\"e-gallery-image elementor-gallery-item__image\" data-thumbnail=\"https:\/\/cardastrueart.com\/wp-content\/uploads\/2024\/01\/DSC01929-768x541.jpg\" data-width=\"768\" data-height=\"541\" aria-label=\"\" role=\"img\" ><\/div>\n\t\t\t\t\t\t\t\t\t\t\t\t\t\t<\/a>\n\t\t\t\t\t\t\t<a class=\"e-gallery-item elementor-gallery-item elementor-animated-content\" href=\"https:\/\/cardastrueart.com\/wp-content\/uploads\/2024\/01\/DSC01916-\u2014-kopia-1.jpg\" data-elementor-open-lightbox=\"yes\" data-elementor-lightbox-slideshow=\"6f07e4a1\" data-e-action-hash=\"#elementor-action%3Aaction%3Dlightbox%26settings%3DeyJpZCI6NDc5OCwidXJsIjoiaHR0cHM6XC9cL2NhcmRhc3RydWVhcnQuY29tXC93cC1jb250ZW50XC91cGxvYWRzXC8yMDI0XC8wMVwvRFNDMDE5MTYtXHUyMDE0LWtvcGlhLTEuanBnIiwic2xpZGVzaG93IjoiNmYwN2U0YTEifQ%3D%3D\">\n\t\t\t\t\t<div class=\"e-gallery-image elementor-gallery-item__image\" data-thumbnail=\"https:\/\/cardastrueart.com\/wp-content\/uploads\/2024\/01\/DSC01916-\u2014-kopia-1-768x749.jpg\" data-width=\"768\" data-height=\"749\" aria-label=\"\" role=\"img\" ><\/div>\n\t\t\t\t\t\t\t\t\t\t\t\t\t\t<\/a>\n\t\t\t\t\t\t\t<a class=\"e-gallery-item elementor-gallery-item elementor-animated-content\" href=\"https:\/\/cardastrueart.com\/wp-content\/uploads\/2023\/11\/DSC01917-scaled.jpg\" data-elementor-open-lightbox=\"yes\" data-elementor-lightbox-slideshow=\"6f07e4a1\" data-e-action-hash=\"#elementor-action%3Aaction%3Dlightbox%26settings%3DeyJpZCI6NDU1OSwidXJsIjoiaHR0cHM6XC9cL2NhcmRhc3RydWVhcnQuY29tXC93cC1jb250ZW50XC91cGxvYWRzXC8yMDIzXC8xMVwvRFNDMDE5MTctc2NhbGVkLmpwZyIsInNsaWRlc2hvdyI6IjZmMDdlNGExIn0%3D\">\n\t\t\t\t\t<div class=\"e-gallery-image elementor-gallery-item__image\" data-thumbnail=\"https:\/\/cardastrueart.com\/wp-content\/uploads\/2023\/11\/DSC01917-768x527.jpg\" data-width=\"768\" data-height=\"527\" aria-label=\"\" role=\"img\" ><\/div>\n\t\t\t\t\t\t\t\t\t\t\t\t\t\t<\/a>\n\t\t\t\t\t\t\t<a class=\"e-gallery-item elementor-gallery-item elementor-animated-content\" href=\"https:\/\/cardastrueart.com\/wp-content\/uploads\/2023\/11\/DSC01924-scaled.jpg\" data-elementor-open-lightbox=\"yes\" data-elementor-lightbox-slideshow=\"6f07e4a1\" data-e-action-hash=\"#elementor-action%3Aaction%3Dlightbox%26settings%3DeyJpZCI6NDU1OCwidXJsIjoiaHR0cHM6XC9cL2NhcmRhc3RydWVhcnQuY29tXC93cC1jb250ZW50XC91cGxvYWRzXC8yMDIzXC8xMVwvRFNDMDE5MjQtc2NhbGVkLmpwZyIsInNsaWRlc2hvdyI6IjZmMDdlNGExIn0%3D\">\n\t\t\t\t\t<div class=\"e-gallery-image elementor-gallery-item__image\" data-thumbnail=\"https:\/\/cardastrueart.com\/wp-content\/uploads\/2023\/11\/DSC01924-768x452.jpg\" data-width=\"768\" data-height=\"452\" aria-label=\"\" role=\"img\" ><\/div>\n\t\t\t\t\t\t\t\t\t\t\t\t\t\t<\/a>\n\t\t\t\t\t<\/div>\n\t\t\t<\/div>\n\t\t\t\t<\/div>\n\t\t\t\t<div class=\"elementor-element elementor-element-beb592b elementor-widget elementor-widget-text-editor\" data-id=\"beb592b\" data-element_type=\"widget\" data-widget_type=\"text-editor.default\">\n\t\t\t\t<div class=\"elementor-widget-container\">\n\t\t\t\t\t\t\t<p><strong>More information:<\/strong><\/p><p><a href=\"https:\/\/www.facebook.com\/muzeumbydgoszcz\/posts\/pfbid034EUY3vADX6YHM15DLyqT4DfnrUMjrJZDNq3UjfqR23VeJvNXLTv5cKEKqaeAbz2fl\">https:\/\/www.facebook.com\/muzeumbydgoszcz\/posts\/pfbid034EUY3vADX6YHM15DLyqT4DfnrUMjrJZDNq3UjfqR23VeJvNXLTv5cKEKqaeAbz2fl<\/a><\/p><p><a href=\"https:\/\/muzeum.bydgoszcz.pl\/wystawy\/skarb-bydgoski\/\">https:\/\/muzeum.bydgoszcz.pl\/wystawy\/skarb-bydgoski\/<\/a><\/p>\t\t\t\t\t\t<\/div>\n\t\t\t\t<\/div>\n\t\t\t\t\t<\/div>\n\t\t<\/div>\n\t\t\t\t\t<\/div>\n\t\t<\/section>\n\t\t\t\t<section class=\"elementor-section elementor-top-section elementor-element elementor-element-8352982 elementor-section-boxed elementor-section-height-default elementor-section-height-default\" data-id=\"8352982\" data-element_type=\"section\">\n\t\t\t\t\t\t<div class=\"elementor-container elementor-column-gap-default\">\n\t\t\t\t\t<div class=\"elementor-column elementor-col-33 elementor-top-column elementor-element elementor-element-06a1496\" data-id=\"06a1496\" data-element_type=\"column\">\n\t\t\t<div class=\"elementor-widget-wrap elementor-element-populated\">\n\t\t\t\t\t\t<div class=\"elementor-element elementor-element-93fcb62 elementor-align-center elementor-widget elementor-widget-button\" data-id=\"93fcb62\" data-element_type=\"widget\" data-widget_type=\"button.default\">\n\t\t\t\t<div class=\"elementor-widget-container\">\n\t\t\t\t\t\t\t<div class=\"elementor-button-wrapper\">\n\t\t\t\t\t<a class=\"elementor-button elementor-button-link elementor-size-xs\" href=\"https:\/\/cardastrueart.com\/en\/aktualnosci\/\">\n\t\t\t\t\t\t<span class=\"elementor-button-content-wrapper\">\n\t\t\t\t\t\t\t\t\t<span class=\"elementor-button-text\">Return<\/span>\n\t\t\t\t\t<\/span>\n\t\t\t\t\t<\/a>\n\t\t\t\t<\/div>\n\t\t\t\t\t\t<\/div>\n\t\t\t\t<\/div>\n\t\t\t\t\t<\/div>\n\t\t<\/div>\n\t\t\t\t<div class=\"elementor-column elementor-col-33 elementor-top-column elementor-element elementor-element-aae0aa7\" data-id=\"aae0aa7\" data-element_type=\"column\">\n\t\t\t<div class=\"elementor-widget-wrap elementor-element-populated\">\n\t\t\t\t\t\t<div class=\"elementor-element elementor-element-0ca6d26 elementor-widget elementor-widget-text-editor\" data-id=\"0ca6d26\" data-element_type=\"widget\" data-widget_type=\"text-editor.default\">\n\t\t\t\t<div class=\"elementor-widget-container\">\n\t\t\t\t\t\t\t<p>\u00a9 CARDAS True Art<br><\/p>\t\t\t\t\t\t<\/div>\n\t\t\t\t<\/div>\n\t\t\t\t\t<\/div>\n\t\t<\/div>\n\t\t\t\t<div class=\"elementor-column elementor-col-33 elementor-top-column elementor-element elementor-element-09dbb15\" data-id=\"09dbb15\" data-element_type=\"column\">\n\t\t\t<div class=\"elementor-widget-wrap elementor-element-populated\">\n\t\t\t\t\t\t<div class=\"elementor-element elementor-element-be0d3d7 elementor-widget elementor-widget-image\" data-id=\"be0d3d7\" data-element_type=\"widget\" data-widget_type=\"image.default\">\n\t\t\t\t<div class=\"elementor-widget-container\">\n\t\t\t\t\t\t\t\t\t\t\t\t\t\t<a href=\"https:\/\/cardastrueart.com\/en\/\">\n\t\t\t\t\t\t\t<img fetchpriority=\"high\" decoding=\"async\" width=\"300\" height=\"288\" src=\"https:\/\/cardastrueart.com\/wp-content\/uploads\/2020\/06\/ncp-300x288.png\" class=\"attachment-medium size-medium wp-image-5143\" alt=\"\" srcset=\"https:\/\/cardastrueart.com\/wp-content\/uploads\/2020\/06\/ncp-300x288.png 300w, https:\/\/cardastrueart.com\/wp-content\/uploads\/2020\/06\/ncp-1024x982.png 1024w, https:\/\/cardastrueart.com\/wp-content\/uploads\/2020\/06\/ncp-768x737.png 768w, https:\/\/cardastrueart.com\/wp-content\/uploads\/2020\/06\/ncp-13x12.png 13w, https:\/\/cardastrueart.com\/wp-content\/uploads\/2020\/06\/ncp.png 1277w\" sizes=\"(max-width: 300px) 100vw, 300px\" \/>\t\t\t\t\t\t\t\t<\/a>\n\t\t\t\t\t\t\t\t\t\t\t\t\t<\/div>\n\t\t\t\t<\/div>\n\t\t\t\t\t<\/div>\n\t\t<\/div>\n\t\t\t\t\t<\/div>\n\t\t<\/section>\n\t\t\t\t<\/div>","protected":false},"excerpt":{"rendered":"<p>Badania skarbu bydgoskiego Nawi\u0105zali\u015bmy wsp\u00f3\u0142prac\u0119 z Muzeum Okr\u0119gowym im. Leona Wycz\u00f3\u0142kowskiego w Bydgoszczy. Wsp\u00f3lnie b\u0119dziemy prowadzi\u0107 badania nieniszcz\u0105ce wybranych muzeali\u00f3w. Rozpocz\u0119li\u015bmy od analiz wst\u0119pnych artefakt\u00f3w wchodz\u0105cych w sk\u0142ad tzw. skarbu bydgoskiego: Guz do zapinania m\u0119skiego wierzchniego stroju, srebro poz\u0142acane,pocz\u0105tek XVII wieku Dwie plakietki z Matk\u0105 Bosk\u0105, srebro, pierwsza po\u0142owa XVII w. Zapi\u0119cie stroju w postaci [&hellip;]<\/p>","protected":false},"author":5,"featured_media":4798,"parent":4076,"menu_order":0,"comment_status":"closed","ping_status":"closed","template":"elementor_canvas","meta":{"footnotes":""},"class_list":["post-4804","page","type-page","status-publish","has-post-thumbnail","hentry"],"_links":{"self":[{"href":"https:\/\/cardastrueart.com\/en\/wp-json\/wp\/v2\/pages\/4804","targetHints":{"allow":["GET"]}}],"collection":[{"href":"https:\/\/cardastrueart.com\/en\/wp-json\/wp\/v2\/pages"}],"about":[{"href":"https:\/\/cardastrueart.com\/en\/wp-json\/wp\/v2\/types\/page"}],"author":[{"embeddable":true,"href":"https:\/\/cardastrueart.com\/en\/wp-json\/wp\/v2\/users\/5"}],"replies":[{"embeddable":true,"href":"https:\/\/cardastrueart.com\/en\/wp-json\/wp\/v2\/comments?post=4804"}],"version-history":[{"count":29,"href":"https:\/\/cardastrueart.com\/en\/wp-json\/wp\/v2\/pages\/4804\/revisions"}],"predecessor-version":[{"id":6134,"href":"https:\/\/cardastrueart.com\/en\/wp-json\/wp\/v2\/pages\/4804\/revisions\/6134"}],"up":[{"embeddable":true,"href":"https:\/\/cardastrueart.com\/en\/wp-json\/wp\/v2\/pages\/4076"}],"wp:featuredmedia":[{"embeddable":true,"href":"https:\/\/cardastrueart.com\/en\/wp-json\/wp\/v2\/media\/4798"}],"wp:attachment":[{"href":"https:\/\/cardastrueart.com\/en\/wp-json\/wp\/v2\/media?parent=4804"}],"curies":[{"name":"wp","href":"https:\/\/api.w.org\/{rel}","templated":true}]}}