{"id":4831,"date":"2024-01-18T13:24:45","date_gmt":"2024-01-18T12:24:45","guid":{"rendered":"https:\/\/cardastrueart.com\/?page_id=4831"},"modified":"2024-01-25T10:41:03","modified_gmt":"2024-01-25T09:41:03","slug":"polmrok","status":"publish","type":"page","link":"https:\/\/cardastrueart.com\/en\/news\/polmrok\/","title":{"rendered":"P\u00f3\u0142mrok"},"content":{"rendered":"<div data-elementor-type=\"wp-page\" data-elementor-id=\"4831\" class=\"elementor elementor-4831\" data-elementor-post-type=\"page\">\n\t\t\t\t\t\t<section class=\"elementor-section elementor-top-section elementor-element elementor-element-442fcba4 elementor-section-boxed elementor-section-height-default elementor-section-height-default\" data-id=\"442fcba4\" data-element_type=\"section\">\n\t\t\t\t\t\t<div class=\"elementor-container elementor-column-gap-default\">\n\t\t\t\t\t<div class=\"elementor-column elementor-col-100 elementor-top-column elementor-element elementor-element-4eb38550\" data-id=\"4eb38550\" data-element_type=\"column\">\n\t\t\t<div class=\"elementor-widget-wrap elementor-element-populated\">\n\t\t\t\t\t\t<div class=\"elementor-element elementor-element-03675b6 elementor-widget elementor-widget-text-editor\" data-id=\"03675b6\" data-element_type=\"widget\" data-widget_type=\"text-editor.default\">\n\t\t\t\t<div class=\"elementor-widget-container\">\n\t\t\t\t\t\t\t<p><strong>P\u00f3\u0142mrok<\/strong><\/p><p><strong>Paintings and drawings by Damian Leszczy\u0144ski in the Wiedermann House in Pruszcz Gda\u0144ski<\/strong><\/p><p><em>\"The most merciful thing in the world, I think, is the inability of the human mind to correlate all its contents. We live on a placid island of ignorance in the midst of black seas of infinity, and it was not meant that we should voyage far.\"<\/em><\/p><p>Howard Philip Lovecraft, The Call of Cthulhu<\/p>\t\t\t\t\t\t<\/div>\n\t\t\t\t<\/div>\n\t\t\t\t<div class=\"elementor-element elementor-element-688ebc1 elementor-widget elementor-widget-image\" data-id=\"688ebc1\" data-element_type=\"widget\" data-widget_type=\"image.default\">\n\t\t\t\t<div class=\"elementor-widget-container\">\n\t\t\t\t\t\t\t\t\t\t\t\t\t<img fetchpriority=\"high\" decoding=\"async\" width=\"212\" height=\"300\" src=\"https:\/\/cardastrueart.com\/wp-content\/uploads\/2023\/10\/Leszczynski_wernisaz-71120234-212x300.png\" class=\"attachment-medium size-medium wp-image-4530\" alt=\"\" srcset=\"https:\/\/cardastrueart.com\/wp-content\/uploads\/2023\/10\/Leszczynski_wernisaz-71120234-212x300.png 212w, https:\/\/cardastrueart.com\/wp-content\/uploads\/2023\/10\/Leszczynski_wernisaz-71120234-725x1024.png 725w, https:\/\/cardastrueart.com\/wp-content\/uploads\/2023\/10\/Leszczynski_wernisaz-71120234-768x1085.png 768w, https:\/\/cardastrueart.com\/wp-content\/uploads\/2023\/10\/Leszczynski_wernisaz-71120234-1087x1536.png 1087w, https:\/\/cardastrueart.com\/wp-content\/uploads\/2023\/10\/Leszczynski_wernisaz-71120234-8x12.png 8w, https:\/\/cardastrueart.com\/wp-content\/uploads\/2023\/10\/Leszczynski_wernisaz-71120234.png 1406w\" sizes=\"(max-width: 212px) 100vw, 212px\" \/>\t\t\t\t\t\t\t\t\t\t\t\t\t<\/div>\n\t\t\t\t<\/div>\n\t\t\t\t<div class=\"elementor-element elementor-element-61bf40e elementor-widget elementor-widget-text-editor\" data-id=\"61bf40e\" data-element_type=\"widget\" data-widget_type=\"text-editor.default\">\n\t\t\t\t<div class=\"elementor-widget-container\">\n\t\t\t\t\t\t\t<p><em>\u201cNow I know, I guess. The kingdom of man is finished.\u201d<\/em><\/p><p>Guy de Maupassant, <em>Le Horla<\/em><\/p><p>Damian Leszczy\u0144ski's suggestive and disturbing works came to the Wiedermann House. Pencil works from numerous cycles created over the years, supplemented with oil paintings on boards, presented in atmospherically arranged historic interiors.<\/p>\t\t\t\t\t\t<\/div>\n\t\t\t\t<\/div>\n\t\t\t\t<div class=\"elementor-element elementor-element-16ce1eb1 elementor-widget elementor-widget-gallery\" data-id=\"16ce1eb1\" data-element_type=\"widget\" data-settings=\"{&quot;lazyload&quot;:&quot;yes&quot;,&quot;gallery_layout&quot;:&quot;grid&quot;,&quot;columns&quot;:4,&quot;columns_tablet&quot;:2,&quot;columns_mobile&quot;:1,&quot;gap&quot;:{&quot;unit&quot;:&quot;px&quot;,&quot;size&quot;:10,&quot;sizes&quot;:[]},&quot;gap_tablet&quot;:{&quot;unit&quot;:&quot;px&quot;,&quot;size&quot;:10,&quot;sizes&quot;:[]},&quot;gap_mobile&quot;:{&quot;unit&quot;:&quot;px&quot;,&quot;size&quot;:10,&quot;sizes&quot;:[]},&quot;link_to&quot;:&quot;file&quot;,&quot;aspect_ratio&quot;:&quot;3:2&quot;,&quot;content_hover_animation&quot;:&quot;fade-in&quot;}\" data-widget_type=\"gallery.default\">\n\t\t\t\t<div class=\"elementor-widget-container\">\n\t\t\t\t\t<div class=\"elementor-gallery__container\">\n\t\t\t\t\t\t\t<a class=\"e-gallery-item elementor-gallery-item elementor-animated-content\" href=\"https:\/\/cardastrueart.com\/wp-content\/uploads\/2024\/01\/20231107_183530-scaled-e1705583256386.jpg\" data-elementor-open-lightbox=\"yes\" data-elementor-lightbox-slideshow=\"16ce1eb1\" data-e-action-hash=\"#elementor-action%3Aaction%3Dlightbox%26settings%3DeyJpZCI6NDgzOCwidXJsIjoiaHR0cHM6XC9cL2NhcmRhc3RydWVhcnQuY29tXC93cC1jb250ZW50XC91cGxvYWRzXC8yMDI0XC8wMVwvMjAyMzExMDdfMTgzNTMwLXNjYWxlZC1lMTcwNTU4MzI1NjM4Ni5qcGciLCJzbGlkZXNob3ciOiIxNmNlMWViMSJ9\">\n\t\t\t\t\t<div class=\"e-gallery-image elementor-gallery-item__image\" data-thumbnail=\"https:\/\/cardastrueart.com\/wp-content\/uploads\/2024\/01\/20231107_183530-scaled-e1705583256386-768x897.jpg\" data-width=\"768\" data-height=\"897\" aria-label=\"\" role=\"img\" ><\/div>\n\t\t\t\t\t\t\t\t\t\t\t\t\t\t<\/a>\n\t\t\t\t\t\t\t<a class=\"e-gallery-item elementor-gallery-item elementor-animated-content\" href=\"https:\/\/cardastrueart.com\/wp-content\/uploads\/2024\/01\/20231107_183608-scaled-e1705583286208.jpg\" data-elementor-open-lightbox=\"yes\" data-elementor-lightbox-slideshow=\"16ce1eb1\" data-e-action-hash=\"#elementor-action%3Aaction%3Dlightbox%26settings%3DeyJpZCI6NDgzOSwidXJsIjoiaHR0cHM6XC9cL2NhcmRhc3RydWVhcnQuY29tXC93cC1jb250ZW50XC91cGxvYWRzXC8yMDI0XC8wMVwvMjAyMzExMDdfMTgzNjA4LXNjYWxlZC1lMTcwNTU4MzI4NjIwOC5qcGciLCJzbGlkZXNob3ciOiIxNmNlMWViMSJ9\">\n\t\t\t\t\t<div class=\"e-gallery-image elementor-gallery-item__image\" data-thumbnail=\"https:\/\/cardastrueart.com\/wp-content\/uploads\/2024\/01\/20231107_183608-scaled-e1705583286208-768x377.jpg\" data-width=\"768\" data-height=\"377\" aria-label=\"\" role=\"img\" ><\/div>\n\t\t\t\t\t\t\t\t\t\t\t\t\t\t<\/a>\n\t\t\t\t\t\t\t<a class=\"e-gallery-item elementor-gallery-item elementor-animated-content\" href=\"https:\/\/cardastrueart.com\/wp-content\/uploads\/2024\/01\/20231107_183619-scaled-e1705583324577.jpg\" data-elementor-open-lightbox=\"yes\" data-elementor-lightbox-slideshow=\"16ce1eb1\" data-e-action-hash=\"#elementor-action%3Aaction%3Dlightbox%26settings%3DeyJpZCI6NDg0MCwidXJsIjoiaHR0cHM6XC9cL2NhcmRhc3RydWVhcnQuY29tXC93cC1jb250ZW50XC91cGxvYWRzXC8yMDI0XC8wMVwvMjAyMzExMDdfMTgzNjE5LXNjYWxlZC1lMTcwNTU4MzMyNDU3Ny5qcGciLCJzbGlkZXNob3ciOiIxNmNlMWViMSJ9\">\n\t\t\t\t\t<div class=\"e-gallery-image elementor-gallery-item__image\" data-thumbnail=\"https:\/\/cardastrueart.com\/wp-content\/uploads\/2024\/01\/20231107_183619-scaled-e1705583324577-768x427.jpg\" data-width=\"768\" data-height=\"427\" aria-label=\"\" role=\"img\" ><\/div>\n\t\t\t\t\t\t\t\t\t\t\t\t\t\t<\/a>\n\t\t\t\t\t\t\t<a class=\"e-gallery-item elementor-gallery-item elementor-animated-content\" href=\"https:\/\/cardastrueart.com\/wp-content\/uploads\/2024\/01\/20230717_170348-scaled.jpg\" data-elementor-open-lightbox=\"yes\" data-elementor-lightbox-slideshow=\"16ce1eb1\" data-e-action-hash=\"#elementor-action%3Aaction%3Dlightbox%26settings%3DeyJpZCI6NDkwOSwidXJsIjoiaHR0cHM6XC9cL2NhcmRhc3RydWVhcnQuY29tXC93cC1jb250ZW50XC91cGxvYWRzXC8yMDI0XC8wMVwvMjAyMzA3MTdfMTcwMzQ4LXNjYWxlZC5qcGciLCJzbGlkZXNob3ciOiIxNmNlMWViMSJ9\">\n\t\t\t\t\t<div class=\"e-gallery-image elementor-gallery-item__image\" data-thumbnail=\"https:\/\/cardastrueart.com\/wp-content\/uploads\/2024\/01\/20230717_170348-768x1705.jpg\" data-width=\"768\" data-height=\"1705\" aria-label=\"\" role=\"img\" ><\/div>\n\t\t\t\t\t\t\t\t\t\t\t\t\t\t<\/a>\n\t\t\t\t\t<\/div>\n\t\t\t<\/div>\n\t\t\t\t<\/div>\n\t\t\t\t<div class=\"elementor-element elementor-element-4464326 elementor-widget elementor-widget-text-editor\" data-id=\"4464326\" data-element_type=\"widget\" data-widget_type=\"text-editor.default\">\n\t\t\t\t<div class=\"elementor-widget-container\">\n\t\t\t\t\t\t\t<p><strong>More information:<\/strong><\/p><p><iframe title=\"P\u00f3\u0142mrok czyli groza na \u015bcianach Domu Wiedemanna [2023]\" width=\"800\" height=\"450\" src=\"https:\/\/www.youtube.com\/embed\/efxfljhflUQ?feature=oembed\" frameborder=\"0\" allow=\"accelerometer; autoplay; clipboard-write; encrypted-media; gyroscope; picture-in-picture; web-share\" allowfullscreen><\/iframe><\/p><p><blockquote class=\"wp-embedded-content\" data-secret=\"hWJFGjlwlK\"><a href=\"https:\/\/dom-wiedemanna.pl\/damian-leszczynski-polmrok-w-pruszczu-gdanskim\/\">Damian Leszczy\u0144ski \u2013 &#8220;P\u00f3\u0142mrok&#8221;<\/a><\/blockquote><iframe class=\"wp-embedded-content\" sandbox=\"allow-scripts\" security=\"restricted\" style=\"position: absolute; clip: rect(1px, 1px, 1px, 1px);\" title=\"&#8222;Damian Leszczy\u0144ski \u2013 &#8220;P\u00f3\u0142mrok&#8221;&#8221; &#8212; Dom Wiedemanna\" src=\"https:\/\/dom-wiedemanna.pl\/damian-leszczynski-polmrok-w-pruszczu-gdanskim\/embed\/#?secret=XAQfGB93WC#?secret=hWJFGjlwlK\" data-secret=\"hWJFGjlwlK\" width=\"600\" height=\"338\" frameborder=\"0\" marginwidth=\"0\" marginheight=\"0\" scrolling=\"no\"><\/iframe><\/p>\t\t\t\t\t\t<\/div>\n\t\t\t\t<\/div>\n\t\t\t\t\t<\/div>\n\t\t<\/div>\n\t\t\t\t\t<\/div>\n\t\t<\/section>\n\t\t\t\t<section class=\"elementor-section elementor-top-section elementor-element elementor-element-1f6204c elementor-section-boxed elementor-section-height-default elementor-section-height-default\" data-id=\"1f6204c\" data-element_type=\"section\">\n\t\t\t\t\t\t<div class=\"elementor-container elementor-column-gap-default\">\n\t\t\t\t\t<div class=\"elementor-column elementor-col-100 elementor-top-column elementor-element elementor-element-dfe010b\" data-id=\"dfe010b\" data-element_type=\"column\">\n\t\t\t<div class=\"elementor-widget-wrap elementor-element-populated\">\n\t\t\t\t\t\t<div class=\"elementor-element elementor-element-1671922 elementor-widget elementor-widget-button\" data-id=\"1671922\" data-element_type=\"widget\" data-widget_type=\"button.default\">\n\t\t\t\t<div class=\"elementor-widget-container\">\n\t\t\t\t\t\t\t<div class=\"elementor-button-wrapper\">\n\t\t\t\t\t<a class=\"elementor-button elementor-button-link elementor-size-xs\" href=\"https:\/\/cardastrueart.com\/en\/aktualnosci\/\">\n\t\t\t\t\t\t<span class=\"elementor-button-content-wrapper\">\n\t\t\t\t\t\t\t\t\t<span class=\"elementor-button-text\">Powr\u00f3t do Aktualno\u015bci<\/span>\n\t\t\t\t\t<\/span>\n\t\t\t\t\t<\/a>\n\t\t\t\t<\/div>\n\t\t\t\t\t\t<\/div>\n\t\t\t\t<\/div>\n\t\t\t\t\t<\/div>\n\t\t<\/div>\n\t\t\t\t\t<\/div>\n\t\t<\/section>\n\t\t\t\t<\/div>","protected":false},"excerpt":{"rendered":"<p>P\u00f3\u0142mrok Malarstwo i rysunek Damiana Leszczy\u0144skiego w Domu Wiedermanna w Pruszczu Gda\u0144skim \u201cWydaje mi si\u0119, \u017ce najwi\u0119kszym dobrodziejstwem na tym \u015bwiecie jest fakt, \u017ce umys\u0142 ludzki nie jest w stanie po\u0142\u0105czy\u0107 oderwanych tre\u015bci. \u017byjemy na spokojnej wyspie niewiedzy po\u015br\u00f3d czarnych m\u00f3rz niesko\u0144czono\u015bci i wcale nie jest powiedziane, \u017ce w swej podr\u00f3\u017cy zaw\u0119drujemy daleko\u2026\u201d Howard Philip [&hellip;]<\/p>","protected":false},"author":5,"featured_media":4530,"parent":4076,"menu_order":0,"comment_status":"closed","ping_status":"closed","template":"elementor_canvas","meta":{"footnotes":""},"class_list":["post-4831","page","type-page","status-publish","has-post-thumbnail","hentry"],"_links":{"self":[{"href":"https:\/\/cardastrueart.com\/en\/wp-json\/wp\/v2\/pages\/4831","targetHints":{"allow":["GET"]}}],"collection":[{"href":"https:\/\/cardastrueart.com\/en\/wp-json\/wp\/v2\/pages"}],"about":[{"href":"https:\/\/cardastrueart.com\/en\/wp-json\/wp\/v2\/types\/page"}],"author":[{"embeddable":true,"href":"https:\/\/cardastrueart.com\/en\/wp-json\/wp\/v2\/users\/5"}],"replies":[{"embeddable":true,"href":"https:\/\/cardastrueart.com\/en\/wp-json\/wp\/v2\/comments?post=4831"}],"version-history":[{"count":26,"href":"https:\/\/cardastrueart.com\/en\/wp-json\/wp\/v2\/pages\/4831\/revisions"}],"predecessor-version":[{"id":5103,"href":"https:\/\/cardastrueart.com\/en\/wp-json\/wp\/v2\/pages\/4831\/revisions\/5103"}],"up":[{"embeddable":true,"href":"https:\/\/cardastrueart.com\/en\/wp-json\/wp\/v2\/pages\/4076"}],"wp:featuredmedia":[{"embeddable":true,"href":"https:\/\/cardastrueart.com\/en\/wp-json\/wp\/v2\/media\/4530"}],"wp:attachment":[{"href":"https:\/\/cardastrueart.com\/en\/wp-json\/wp\/v2\/media?parent=4831"}],"curies":[{"name":"wp","href":"https:\/\/api.w.org\/{rel}","templated":true}]}}