{"id":5329,"date":"2024-03-04T11:55:13","date_gmt":"2024-03-04T10:55:13","guid":{"rendered":"https:\/\/cardastrueart.com\/?page_id=5329"},"modified":"2024-12-02T13:07:08","modified_gmt":"2024-12-02T12:07:08","slug":"elementor-5329","status":"publish","type":"page","link":"https:\/\/cardastrueart.com\/en\/news\/elementor-5329\/","title":{"rendered":"Kolory \u017bycia do 29 marca"},"content":{"rendered":"<div data-elementor-type=\"wp-page\" data-elementor-id=\"5329\" class=\"elementor elementor-5329\" data-elementor-post-type=\"page\">\n\t\t\t\t\t\t<section class=\"elementor-section elementor-top-section elementor-element elementor-element-498172f elementor-section-boxed elementor-section-height-default elementor-section-height-default\" data-id=\"498172f\" data-element_type=\"section\">\n\t\t\t\t\t\t<div class=\"elementor-container elementor-column-gap-default\">\n\t\t\t\t\t<div class=\"elementor-column elementor-col-100 elementor-top-column elementor-element elementor-element-319839e3\" data-id=\"319839e3\" data-element_type=\"column\">\n\t\t\t<div class=\"elementor-widget-wrap elementor-element-populated\">\n\t\t\t\t\t\t<div class=\"elementor-element elementor-element-4034561a elementor-widget elementor-widget-text-editor\" data-id=\"4034561a\" data-element_type=\"widget\" data-widget_type=\"text-editor.default\">\n\t\t\t\t<div class=\"elementor-widget-container\">\n\t\t\t\t\t\t\t<h1>Colours of life<\/h1><p>Hanna and Jacek \u017bu\u0142awscy at the bwa Municipal Gallery in Bydgoszcz<\/p><p>The exhibition of a pair of outstanding artists, representatives of the so-called Sopot school, lasts until March 29, we invite you to visit it.<\/p><p>Free entrance.<\/p><ul><li><pre><span style=\"color: #333399;\">M<a style=\"background-color: #ffffff; font-family: var( --e-global-typography-text-font-family ), Sans-serif; font-size: var( --e-global-typography-text-font-size ); color: #333399;\" href=\"https:\/\/www.galeriabwa.bydgoszcz.pl\/wystawa\/hanna-i-jacek-zulawscy-kolory-zycia\/\" target=\"_blank\" rel=\"noopener\">ore on the website of the bwa Municipal Gallery in Bydgoszcz<\/a><\/span><\/pre><\/li><\/ul>\t\t\t\t\t\t<\/div>\n\t\t\t\t<\/div>\n\t\t\t\t<div class=\"elementor-element elementor-element-3a4f80db elementor-widget elementor-widget-gallery\" data-id=\"3a4f80db\" data-element_type=\"widget\" data-settings=\"{&quot;lazyload&quot;:&quot;yes&quot;,&quot;gallery_layout&quot;:&quot;grid&quot;,&quot;columns&quot;:4,&quot;columns_tablet&quot;:2,&quot;columns_mobile&quot;:1,&quot;gap&quot;:{&quot;unit&quot;:&quot;px&quot;,&quot;size&quot;:10,&quot;sizes&quot;:[]},&quot;gap_tablet&quot;:{&quot;unit&quot;:&quot;px&quot;,&quot;size&quot;:10,&quot;sizes&quot;:[]},&quot;gap_mobile&quot;:{&quot;unit&quot;:&quot;px&quot;,&quot;size&quot;:10,&quot;sizes&quot;:[]},&quot;link_to&quot;:&quot;file&quot;,&quot;aspect_ratio&quot;:&quot;3:2&quot;,&quot;content_hover_animation&quot;:&quot;fade-in&quot;}\" data-widget_type=\"gallery.default\">\n\t\t\t\t<div class=\"elementor-widget-container\">\n\t\t\t\t\t<div class=\"elementor-gallery__container\">\n\t\t\t\t\t\t\t<a class=\"e-gallery-item elementor-gallery-item elementor-animated-content\" href=\"https:\/\/cardastrueart.com\/wp-content\/uploads\/2024\/03\/20240220_180022-scaled.jpg\" data-elementor-open-lightbox=\"yes\" data-elementor-lightbox-slideshow=\"3a4f80db\" data-e-action-hash=\"#elementor-action%3Aaction%3Dlightbox%26settings%3DeyJpZCI6NTMzMSwidXJsIjoiaHR0cHM6XC9cL2NhcmRhc3RydWVhcnQuY29tXC93cC1jb250ZW50XC91cGxvYWRzXC8yMDI0XC8wM1wvMjAyNDAyMjBfMTgwMDIyLXNjYWxlZC5qcGciLCJzbGlkZXNob3ciOiIzYTRmODBkYiJ9\">\n\t\t\t\t\t<div class=\"e-gallery-image elementor-gallery-item__image\" data-thumbnail=\"https:\/\/cardastrueart.com\/wp-content\/uploads\/2024\/03\/20240220_180022-768x576.jpg\" data-width=\"768\" data-height=\"576\" aria-label=\"\" role=\"img\" ><\/div>\n\t\t\t\t\t\t\t\t\t\t\t\t\t\t<\/a>\n\t\t\t\t\t\t\t<a class=\"e-gallery-item elementor-gallery-item elementor-animated-content\" href=\"https:\/\/cardastrueart.com\/wp-content\/uploads\/2024\/03\/20240220_181300-scaled.jpg\" data-elementor-open-lightbox=\"yes\" data-elementor-lightbox-slideshow=\"3a4f80db\" data-e-action-hash=\"#elementor-action%3Aaction%3Dlightbox%26settings%3DeyJpZCI6NTMzOCwidXJsIjoiaHR0cHM6XC9cL2NhcmRhc3RydWVhcnQuY29tXC93cC1jb250ZW50XC91cGxvYWRzXC8yMDI0XC8wM1wvMjAyNDAyMjBfMTgxMzAwLXNjYWxlZC5qcGciLCJzbGlkZXNob3ciOiIzYTRmODBkYiJ9\">\n\t\t\t\t\t<div class=\"e-gallery-image elementor-gallery-item__image\" data-thumbnail=\"https:\/\/cardastrueart.com\/wp-content\/uploads\/2024\/03\/20240220_181300-768x576.jpg\" data-width=\"768\" data-height=\"576\" aria-label=\"\" role=\"img\" ><\/div>\n\t\t\t\t\t\t\t\t\t\t\t\t\t\t<\/a>\n\t\t\t\t\t\t\t<a class=\"e-gallery-item elementor-gallery-item elementor-animated-content\" href=\"https:\/\/cardastrueart.com\/wp-content\/uploads\/2024\/03\/20240220_182224-scaled.jpg\" data-elementor-open-lightbox=\"yes\" data-elementor-lightbox-slideshow=\"3a4f80db\" data-e-action-hash=\"#elementor-action%3Aaction%3Dlightbox%26settings%3DeyJpZCI6NTM0NSwidXJsIjoiaHR0cHM6XC9cL2NhcmRhc3RydWVhcnQuY29tXC93cC1jb250ZW50XC91cGxvYWRzXC8yMDI0XC8wM1wvMjAyNDAyMjBfMTgyMjI0LXNjYWxlZC5qcGciLCJzbGlkZXNob3ciOiIzYTRmODBkYiJ9\">\n\t\t\t\t\t<div class=\"e-gallery-image elementor-gallery-item__image\" data-thumbnail=\"https:\/\/cardastrueart.com\/wp-content\/uploads\/2024\/03\/20240220_182224-768x576.jpg\" data-width=\"768\" data-height=\"576\" aria-label=\"\" role=\"img\" ><\/div>\n\t\t\t\t\t\t\t\t\t\t\t\t\t\t<\/a>\n\t\t\t\t\t\t\t<a class=\"e-gallery-item elementor-gallery-item elementor-animated-content\" href=\"https:\/\/cardastrueart.com\/wp-content\/uploads\/2024\/03\/20240220_182232-scaled.jpg\" data-elementor-open-lightbox=\"yes\" data-elementor-lightbox-slideshow=\"3a4f80db\" data-e-action-hash=\"#elementor-action%3Aaction%3Dlightbox%26settings%3DeyJpZCI6NTM0NiwidXJsIjoiaHR0cHM6XC9cL2NhcmRhc3RydWVhcnQuY29tXC93cC1jb250ZW50XC91cGxvYWRzXC8yMDI0XC8wM1wvMjAyNDAyMjBfMTgyMjMyLXNjYWxlZC5qcGciLCJzbGlkZXNob3ciOiIzYTRmODBkYiJ9\">\n\t\t\t\t\t<div class=\"e-gallery-image elementor-gallery-item__image\" data-thumbnail=\"https:\/\/cardastrueart.com\/wp-content\/uploads\/2024\/03\/20240220_182232-768x1024.jpg\" data-width=\"768\" data-height=\"1024\" aria-label=\"\" role=\"img\" ><\/div>\n\t\t\t\t\t\t\t\t\t\t\t\t\t\t<\/a>\n\t\t\t\t\t\t\t<a class=\"e-gallery-item elementor-gallery-item elementor-animated-content\" href=\"https:\/\/cardastrueart.com\/wp-content\/uploads\/2024\/03\/20240220_182125-scaled.jpg\" data-elementor-open-lightbox=\"yes\" data-elementor-lightbox-slideshow=\"3a4f80db\" data-e-action-hash=\"#elementor-action%3Aaction%3Dlightbox%26settings%3DeyJpZCI6NTM0MywidXJsIjoiaHR0cHM6XC9cL2NhcmRhc3RydWVhcnQuY29tXC93cC1jb250ZW50XC91cGxvYWRzXC8yMDI0XC8wM1wvMjAyNDAyMjBfMTgyMTI1LXNjYWxlZC5qcGciLCJzbGlkZXNob3ciOiIzYTRmODBkYiJ9\">\n\t\t\t\t\t<div class=\"e-gallery-image elementor-gallery-item__image\" data-thumbnail=\"https:\/\/cardastrueart.com\/wp-content\/uploads\/2024\/03\/20240220_182125-768x576.jpg\" data-width=\"768\" data-height=\"576\" aria-label=\"\" role=\"img\" ><\/div>\n\t\t\t\t\t\t\t\t\t\t\t\t\t\t<\/a>\n\t\t\t\t\t\t\t<a class=\"e-gallery-item elementor-gallery-item elementor-animated-content\" href=\"https:\/\/cardastrueart.com\/wp-content\/uploads\/2024\/03\/20240220_181851-scaled.jpg\" data-elementor-open-lightbox=\"yes\" data-elementor-lightbox-slideshow=\"3a4f80db\" data-e-action-hash=\"#elementor-action%3Aaction%3Dlightbox%26settings%3DeyJpZCI6NTM0MiwidXJsIjoiaHR0cHM6XC9cL2NhcmRhc3RydWVhcnQuY29tXC93cC1jb250ZW50XC91cGxvYWRzXC8yMDI0XC8wM1wvMjAyNDAyMjBfMTgxODUxLXNjYWxlZC5qcGciLCJzbGlkZXNob3ciOiIzYTRmODBkYiJ9\">\n\t\t\t\t\t<div class=\"e-gallery-image elementor-gallery-item__image\" data-thumbnail=\"https:\/\/cardastrueart.com\/wp-content\/uploads\/2024\/03\/20240220_181851-768x576.jpg\" data-width=\"768\" data-height=\"576\" aria-label=\"\" role=\"img\" ><\/div>\n\t\t\t\t\t\t\t\t\t\t\t\t\t\t<\/a>\n\t\t\t\t\t\t\t<a class=\"e-gallery-item elementor-gallery-item elementor-animated-content\" href=\"https:\/\/cardastrueart.com\/wp-content\/uploads\/2024\/03\/20240220_181732-scaled.jpg\" data-elementor-open-lightbox=\"yes\" data-elementor-lightbox-slideshow=\"3a4f80db\" data-e-action-hash=\"#elementor-action%3Aaction%3Dlightbox%26settings%3DeyJpZCI6NTM0MSwidXJsIjoiaHR0cHM6XC9cL2NhcmRhc3RydWVhcnQuY29tXC93cC1jb250ZW50XC91cGxvYWRzXC8yMDI0XC8wM1wvMjAyNDAyMjBfMTgxNzMyLXNjYWxlZC5qcGciLCJzbGlkZXNob3ciOiIzYTRmODBkYiJ9\">\n\t\t\t\t\t<div class=\"e-gallery-image elementor-gallery-item__image\" data-thumbnail=\"https:\/\/cardastrueart.com\/wp-content\/uploads\/2024\/03\/20240220_181732-768x576.jpg\" data-width=\"768\" data-height=\"576\" aria-label=\"\" role=\"img\" ><\/div>\n\t\t\t\t\t\t\t\t\t\t\t\t\t\t<\/a>\n\t\t\t\t\t\t\t<a class=\"e-gallery-item elementor-gallery-item elementor-animated-content\" href=\"https:\/\/cardastrueart.com\/wp-content\/uploads\/2024\/03\/20240220_180208-scaled.jpg\" data-elementor-open-lightbox=\"yes\" data-elementor-lightbox-slideshow=\"3a4f80db\" data-e-action-hash=\"#elementor-action%3Aaction%3Dlightbox%26settings%3DeyJpZCI6NTMzMywidXJsIjoiaHR0cHM6XC9cL2NhcmRhc3RydWVhcnQuY29tXC93cC1jb250ZW50XC91cGxvYWRzXC8yMDI0XC8wM1wvMjAyNDAyMjBfMTgwMjA4LXNjYWxlZC5qcGciLCJzbGlkZXNob3ciOiIzYTRmODBkYiJ9\">\n\t\t\t\t\t<div class=\"e-gallery-image elementor-gallery-item__image\" data-thumbnail=\"https:\/\/cardastrueart.com\/wp-content\/uploads\/2024\/03\/20240220_180208-768x576.jpg\" data-width=\"768\" data-height=\"576\" aria-label=\"\" role=\"img\" ><\/div>\n\t\t\t\t\t\t\t\t\t\t\t\t\t\t<\/a>\n\t\t\t\t\t\t\t<a class=\"e-gallery-item elementor-gallery-item elementor-animated-content\" href=\"https:\/\/cardastrueart.com\/wp-content\/uploads\/2024\/03\/20240220_181633-scaled.jpg\" data-elementor-open-lightbox=\"yes\" data-elementor-lightbox-slideshow=\"3a4f80db\" data-e-action-hash=\"#elementor-action%3Aaction%3Dlightbox%26settings%3DeyJpZCI6NTMzOSwidXJsIjoiaHR0cHM6XC9cL2NhcmRhc3RydWVhcnQuY29tXC93cC1jb250ZW50XC91cGxvYWRzXC8yMDI0XC8wM1wvMjAyNDAyMjBfMTgxNjMzLXNjYWxlZC5qcGciLCJzbGlkZXNob3ciOiIzYTRmODBkYiJ9\">\n\t\t\t\t\t<div class=\"e-gallery-image elementor-gallery-item__image\" data-thumbnail=\"https:\/\/cardastrueart.com\/wp-content\/uploads\/2024\/03\/20240220_181633-768x576.jpg\" data-width=\"768\" data-height=\"576\" aria-label=\"\" role=\"img\" ><\/div>\n\t\t\t\t\t\t\t\t\t\t\t\t\t\t<\/a>\n\t\t\t\t\t\t\t<a class=\"e-gallery-item elementor-gallery-item elementor-animated-content\" href=\"https:\/\/cardastrueart.com\/wp-content\/uploads\/2024\/03\/20240220_183712-scaled.jpg\" data-elementor-open-lightbox=\"yes\" data-elementor-lightbox-slideshow=\"3a4f80db\" data-e-action-hash=\"#elementor-action%3Aaction%3Dlightbox%26settings%3DeyJpZCI6NTM1MCwidXJsIjoiaHR0cHM6XC9cL2NhcmRhc3RydWVhcnQuY29tXC93cC1jb250ZW50XC91cGxvYWRzXC8yMDI0XC8wM1wvMjAyNDAyMjBfMTgzNzEyLXNjYWxlZC5qcGciLCJzbGlkZXNob3ciOiIzYTRmODBkYiJ9\">\n\t\t\t\t\t<div class=\"e-gallery-image elementor-gallery-item__image\" data-thumbnail=\"https:\/\/cardastrueart.com\/wp-content\/uploads\/2024\/03\/20240220_183712-768x576.jpg\" data-width=\"768\" data-height=\"576\" aria-label=\"\" role=\"img\" ><\/div>\n\t\t\t\t\t\t\t\t\t\t\t\t\t\t<\/a>\n\t\t\t\t\t\t\t<a class=\"e-gallery-item elementor-gallery-item elementor-animated-content\" href=\"https:\/\/cardastrueart.com\/wp-content\/uploads\/2024\/03\/20240220_182751-scaled.jpg\" data-elementor-open-lightbox=\"yes\" data-elementor-lightbox-slideshow=\"3a4f80db\" data-e-action-hash=\"#elementor-action%3Aaction%3Dlightbox%26settings%3DeyJpZCI6NTM0OSwidXJsIjoiaHR0cHM6XC9cL2NhcmRhc3RydWVhcnQuY29tXC93cC1jb250ZW50XC91cGxvYWRzXC8yMDI0XC8wM1wvMjAyNDAyMjBfMTgyNzUxLXNjYWxlZC5qcGciLCJzbGlkZXNob3ciOiIzYTRmODBkYiJ9\">\n\t\t\t\t\t<div class=\"e-gallery-image elementor-gallery-item__image\" data-thumbnail=\"https:\/\/cardastrueart.com\/wp-content\/uploads\/2024\/03\/20240220_182751-768x576.jpg\" data-width=\"768\" data-height=\"576\" aria-label=\"\" role=\"img\" ><\/div>\n\t\t\t\t\t\t\t\t\t\t\t\t\t\t<\/a>\n\t\t\t\t\t\t\t<a class=\"e-gallery-item elementor-gallery-item elementor-animated-content\" href=\"https:\/\/cardastrueart.com\/wp-content\/uploads\/2024\/03\/20240220_181700-scaled.jpg\" data-elementor-open-lightbox=\"yes\" data-elementor-lightbox-slideshow=\"3a4f80db\" data-e-action-hash=\"#elementor-action%3Aaction%3Dlightbox%26settings%3DeyJpZCI6NTM0MCwidXJsIjoiaHR0cHM6XC9cL2NhcmRhc3RydWVhcnQuY29tXC93cC1jb250ZW50XC91cGxvYWRzXC8yMDI0XC8wM1wvMjAyNDAyMjBfMTgxNzAwLXNjYWxlZC5qcGciLCJzbGlkZXNob3ciOiIzYTRmODBkYiJ9\">\n\t\t\t\t\t<div class=\"e-gallery-image elementor-gallery-item__image\" data-thumbnail=\"https:\/\/cardastrueart.com\/wp-content\/uploads\/2024\/03\/20240220_181700-768x576.jpg\" data-width=\"768\" data-height=\"576\" aria-label=\"\" role=\"img\" ><\/div>\n\t\t\t\t\t\t\t\t\t\t\t\t\t\t<\/a>\n\t\t\t\t\t\t\t<a class=\"e-gallery-item elementor-gallery-item elementor-animated-content\" href=\"https:\/\/cardastrueart.com\/wp-content\/uploads\/2024\/03\/20240220_180556-scaled.jpg\" data-elementor-open-lightbox=\"yes\" data-elementor-lightbox-slideshow=\"3a4f80db\" data-e-action-hash=\"#elementor-action%3Aaction%3Dlightbox%26settings%3DeyJpZCI6NTMzNiwidXJsIjoiaHR0cHM6XC9cL2NhcmRhc3RydWVhcnQuY29tXC93cC1jb250ZW50XC91cGxvYWRzXC8yMDI0XC8wM1wvMjAyNDAyMjBfMTgwNTU2LXNjYWxlZC5qcGciLCJzbGlkZXNob3ciOiIzYTRmODBkYiJ9\">\n\t\t\t\t\t<div class=\"e-gallery-image elementor-gallery-item__image\" data-thumbnail=\"https:\/\/cardastrueart.com\/wp-content\/uploads\/2024\/03\/20240220_180556-768x576.jpg\" data-width=\"768\" data-height=\"576\" aria-label=\"\" role=\"img\" ><\/div>\n\t\t\t\t\t\t\t\t\t\t\t\t\t\t<\/a>\n\t\t\t\t\t\t\t<a class=\"e-gallery-item elementor-gallery-item elementor-animated-content\" href=\"https:\/\/cardastrueart.com\/wp-content\/uploads\/2024\/03\/20240220_180538-scaled.jpg\" data-elementor-open-lightbox=\"yes\" data-elementor-lightbox-slideshow=\"3a4f80db\" data-e-action-hash=\"#elementor-action%3Aaction%3Dlightbox%26settings%3DeyJpZCI6NTMzNSwidXJsIjoiaHR0cHM6XC9cL2NhcmRhc3RydWVhcnQuY29tXC93cC1jb250ZW50XC91cGxvYWRzXC8yMDI0XC8wM1wvMjAyNDAyMjBfMTgwNTM4LXNjYWxlZC5qcGciLCJzbGlkZXNob3ciOiIzYTRmODBkYiJ9\">\n\t\t\t\t\t<div class=\"e-gallery-image elementor-gallery-item__image\" data-thumbnail=\"https:\/\/cardastrueart.com\/wp-content\/uploads\/2024\/03\/20240220_180538-768x576.jpg\" data-width=\"768\" data-height=\"576\" aria-label=\"\" role=\"img\" ><\/div>\n\t\t\t\t\t\t\t\t\t\t\t\t\t\t<\/a>\n\t\t\t\t\t\t\t<a class=\"e-gallery-item elementor-gallery-item elementor-animated-content\" href=\"https:\/\/cardastrueart.com\/wp-content\/uploads\/2024\/03\/20240220_180301-scaled.jpg\" data-elementor-open-lightbox=\"yes\" data-elementor-lightbox-slideshow=\"3a4f80db\" data-e-action-hash=\"#elementor-action%3Aaction%3Dlightbox%26settings%3DeyJpZCI6NTMzNCwidXJsIjoiaHR0cHM6XC9cL2NhcmRhc3RydWVhcnQuY29tXC93cC1jb250ZW50XC91cGxvYWRzXC8yMDI0XC8wM1wvMjAyNDAyMjBfMTgwMzAxLXNjYWxlZC5qcGciLCJzbGlkZXNob3ciOiIzYTRmODBkYiJ9\">\n\t\t\t\t\t<div class=\"e-gallery-image elementor-gallery-item__image\" data-thumbnail=\"https:\/\/cardastrueart.com\/wp-content\/uploads\/2024\/03\/20240220_180301-768x576.jpg\" data-width=\"768\" data-height=\"576\" aria-label=\"\" role=\"img\" ><\/div>\n\t\t\t\t\t\t\t\t\t\t\t\t\t\t<\/a>\n\t\t\t\t\t\t\t<a class=\"e-gallery-item elementor-gallery-item elementor-animated-content\" href=\"https:\/\/cardastrueart.com\/wp-content\/uploads\/2024\/03\/20240220_180111-scaled.jpg\" data-elementor-open-lightbox=\"yes\" data-elementor-lightbox-slideshow=\"3a4f80db\" data-e-action-hash=\"#elementor-action%3Aaction%3Dlightbox%26settings%3DeyJpZCI6NTMzMiwidXJsIjoiaHR0cHM6XC9cL2NhcmRhc3RydWVhcnQuY29tXC93cC1jb250ZW50XC91cGxvYWRzXC8yMDI0XC8wM1wvMjAyNDAyMjBfMTgwMTExLXNjYWxlZC5qcGciLCJzbGlkZXNob3ciOiIzYTRmODBkYiJ9\">\n\t\t\t\t\t<div class=\"e-gallery-image elementor-gallery-item__image\" data-thumbnail=\"https:\/\/cardastrueart.com\/wp-content\/uploads\/2024\/03\/20240220_180111-768x576.jpg\" data-width=\"768\" data-height=\"576\" aria-label=\"\" role=\"img\" ><\/div>\n\t\t\t\t\t\t\t\t\t\t\t\t\t\t<\/a>\n\t\t\t\t\t<\/div>\n\t\t\t<\/div>\n\t\t\t\t<\/div>\n\t\t\t\t\t<\/div>\n\t\t<\/div>\n\t\t\t\t\t<\/div>\n\t\t<\/section>\n\t\t\t\t<section class=\"elementor-section elementor-top-section elementor-element elementor-element-2cf9dbe elementor-section-boxed elementor-section-height-default elementor-section-height-default\" data-id=\"2cf9dbe\" data-element_type=\"section\">\n\t\t\t\t\t\t<div class=\"elementor-container elementor-column-gap-default\">\n\t\t\t\t\t<div class=\"elementor-column elementor-col-100 elementor-top-column elementor-element elementor-element-cac6a66\" data-id=\"cac6a66\" data-element_type=\"column\">\n\t\t\t<div class=\"elementor-widget-wrap elementor-element-populated\">\n\t\t\t\t\t\t<div class=\"elementor-element elementor-element-89bfc0b elementor-widget elementor-widget-video\" data-id=\"89bfc0b\" data-element_type=\"widget\" data-settings=\"{&quot;youtube_url&quot;:&quot;https:\\\/\\\/youtu.be\\\/MtUHYuHEJF0?si=FCrBPV_ss0AzRxzG&quot;,&quot;video_type&quot;:&quot;youtube&quot;,&quot;controls&quot;:&quot;yes&quot;}\" data-widget_type=\"video.default\">\n\t\t\t\t<div class=\"elementor-widget-container\">\n\t\t\t\t\t<div class=\"elementor-wrapper elementor-open-inline\">\n\t\t\t<div class=\"elementor-video\"><\/div>\t\t<\/div>\n\t\t\t\t<\/div>\n\t\t\t\t<\/div>\n\t\t\t\t<div class=\"elementor-element elementor-element-006ebd2 elementor-widget elementor-widget-text-editor\" data-id=\"006ebd2\" data-element_type=\"widget\" data-widget_type=\"text-editor.default\">\n\t\t\t\t<div class=\"elementor-widget-container\">\n\t\t\t\t\t\t\t<p><span class=\"tdb-author-by\" style=\"vertical-align: middle; margin-right: 3px; color: #444444; font-family: 'Open Sans', 'Open Sans Regular', sans-serif; font-size: 11px;\">By<\/span><a class=\"tdb-author-name\" style=\"background-color: #ffffff; color: #000000; vertical-align: middle; font-weight: bold; margin-right: 3px; font-family: 'Open Sans', 'Open Sans Regular', sans-serif; font-size: 11px;\" href=\"https:\/\/polnocna.tv\/author\/ptv\/\">P\u00f3\u0142nocna.TV<\/a><\/p>\t\t\t\t\t\t<\/div>\n\t\t\t\t<\/div>\n\t\t\t\t\t<\/div>\n\t\t<\/div>\n\t\t\t\t\t<\/div>\n\t\t<\/section>\n\t\t\t\t<section class=\"elementor-section elementor-top-section elementor-element elementor-element-657a894f elementor-section-boxed elementor-section-height-default elementor-section-height-default\" data-id=\"657a894f\" data-element_type=\"section\">\n\t\t\t\t\t\t<div class=\"elementor-container elementor-column-gap-default\">\n\t\t\t\t\t<div class=\"elementor-column elementor-col-33 elementor-top-column elementor-element elementor-element-6b47ed24\" data-id=\"6b47ed24\" data-element_type=\"column\">\n\t\t\t<div class=\"elementor-widget-wrap elementor-element-populated\">\n\t\t\t\t\t\t<div class=\"elementor-element elementor-element-764e7d92 elementor-align-center elementor-widget elementor-widget-button\" data-id=\"764e7d92\" data-element_type=\"widget\" data-widget_type=\"button.default\">\n\t\t\t\t<div class=\"elementor-widget-container\">\n\t\t\t\t\t\t\t<div class=\"elementor-button-wrapper\">\n\t\t\t\t\t<a class=\"elementor-button elementor-button-link elementor-size-xs\" href=\"https:\/\/cardastrueart.com\/en\/aktualnosci\/\">\n\t\t\t\t\t\t<span class=\"elementor-button-content-wrapper\">\n\t\t\t\t\t\t\t\t\t<span class=\"elementor-button-text\">Return<\/span>\n\t\t\t\t\t<\/span>\n\t\t\t\t\t<\/a>\n\t\t\t\t<\/div>\n\t\t\t\t\t\t<\/div>\n\t\t\t\t<\/div>\n\t\t\t\t\t<\/div>\n\t\t<\/div>\n\t\t\t\t<div class=\"elementor-column elementor-col-33 elementor-top-column elementor-element elementor-element-16168b\" data-id=\"16168b\" data-element_type=\"column\">\n\t\t\t<div class=\"elementor-widget-wrap elementor-element-populated\">\n\t\t\t\t\t\t<div class=\"elementor-element elementor-element-1d63392e elementor-widget elementor-widget-text-editor\" data-id=\"1d63392e\" data-element_type=\"widget\" data-widget_type=\"text-editor.default\">\n\t\t\t\t<div class=\"elementor-widget-container\">\n\t\t\t\t\t\t\t<p>\u00a9 CARDAS True Art, P\u00f3\u0142nocna. TV<br><\/p>\t\t\t\t\t\t<\/div>\n\t\t\t\t<\/div>\n\t\t\t\t\t<\/div>\n\t\t<\/div>\n\t\t\t\t<div class=\"elementor-column elementor-col-33 elementor-top-column elementor-element elementor-element-39516f1c\" data-id=\"39516f1c\" data-element_type=\"column\">\n\t\t\t<div class=\"elementor-widget-wrap elementor-element-populated\">\n\t\t\t\t\t\t<div class=\"elementor-element elementor-element-660ff0e4 elementor-widget elementor-widget-image\" data-id=\"660ff0e4\" data-element_type=\"widget\" data-widget_type=\"image.default\">\n\t\t\t\t<div class=\"elementor-widget-container\">\n\t\t\t\t\t\t\t\t\t\t\t\t\t\t<a href=\"https:\/\/cardastrueart.com\/en\/\">\n\t\t\t\t\t\t\t<img fetchpriority=\"high\" decoding=\"async\" width=\"300\" height=\"288\" src=\"https:\/\/cardastrueart.com\/wp-content\/uploads\/2020\/06\/ncp-300x288.png\" class=\"attachment-medium size-medium wp-image-5143\" alt=\"\" srcset=\"https:\/\/cardastrueart.com\/wp-content\/uploads\/2020\/06\/ncp-300x288.png 300w, https:\/\/cardastrueart.com\/wp-content\/uploads\/2020\/06\/ncp-1024x982.png 1024w, https:\/\/cardastrueart.com\/wp-content\/uploads\/2020\/06\/ncp-768x737.png 768w, https:\/\/cardastrueart.com\/wp-content\/uploads\/2020\/06\/ncp-13x12.png 13w, https:\/\/cardastrueart.com\/wp-content\/uploads\/2020\/06\/ncp.png 1277w\" sizes=\"(max-width: 300px) 100vw, 300px\" \/>\t\t\t\t\t\t\t\t<\/a>\n\t\t\t\t\t\t\t\t\t\t\t\t\t<\/div>\n\t\t\t\t<\/div>\n\t\t\t\t\t<\/div>\n\t\t<\/div>\n\t\t\t\t\t<\/div>\n\t\t<\/section>\n\t\t\t\t<\/div>","protected":false},"excerpt":{"rendered":"<p>Kolory \u017bycia Hanna i Jacek \u017bu\u0142awscy w Galerii Miejskiej bwa w Bydgoszczy Do 29 marca trwa wystawa pary wybitnych artyst\u00f3w, przedstawicieli tzw. szko\u0142y sopockiej, zapraszamy do zwiedzania. Wst\u0119p wolny. Wi\u0119cej na stronie Galerii Miejskiej bwa w Bydgoszczy https:\/\/youtu.be\/MtUHYuHEJF0?si=FCrBPV_ss0AzRxzG ByP\u00f3\u0142nocna.TV Powr\u00f3t \u00a9 CARDAS True Art, P\u00f3\u0142nocna. TV<\/p>","protected":false},"author":5,"featured_media":0,"parent":4076,"menu_order":0,"comment_status":"closed","ping_status":"closed","template":"elementor_canvas","meta":{"footnotes":""},"class_list":["post-5329","page","type-page","status-publish","hentry"],"_links":{"self":[{"href":"https:\/\/cardastrueart.com\/en\/wp-json\/wp\/v2\/pages\/5329","targetHints":{"allow":["GET"]}}],"collection":[{"href":"https:\/\/cardastrueart.com\/en\/wp-json\/wp\/v2\/pages"}],"about":[{"href":"https:\/\/cardastrueart.com\/en\/wp-json\/wp\/v2\/types\/page"}],"author":[{"embeddable":true,"href":"https:\/\/cardastrueart.com\/en\/wp-json\/wp\/v2\/users\/5"}],"replies":[{"embeddable":true,"href":"https:\/\/cardastrueart.com\/en\/wp-json\/wp\/v2\/comments?post=5329"}],"version-history":[{"count":26,"href":"https:\/\/cardastrueart.com\/en\/wp-json\/wp\/v2\/pages\/5329\/revisions"}],"predecessor-version":[{"id":6119,"href":"https:\/\/cardastrueart.com\/en\/wp-json\/wp\/v2\/pages\/5329\/revisions\/6119"}],"up":[{"embeddable":true,"href":"https:\/\/cardastrueart.com\/en\/wp-json\/wp\/v2\/pages\/4076"}],"wp:attachment":[{"href":"https:\/\/cardastrueart.com\/en\/wp-json\/wp\/v2\/media?parent=5329"}],"curies":[{"name":"wp","href":"https:\/\/api.w.org\/{rel}","templated":true}]}}