{"id":5427,"date":"2024-03-11T11:26:13","date_gmt":"2024-03-11T10:26:13","guid":{"rendered":"https:\/\/cardastrueart.com\/?page_id=5427"},"modified":"2024-12-02T13:05:52","modified_gmt":"2024-12-02T12:05:52","slug":"punktujemy-warsztaty-w-bwa","status":"publish","type":"page","link":"https:\/\/cardastrueart.com\/en\/news\/punktujemy-warsztaty-w-bwa\/","title":{"rendered":"Punktujemy &#8211; warsztaty w bwa"},"content":{"rendered":"<div data-elementor-type=\"wp-page\" data-elementor-id=\"5427\" class=\"elementor elementor-5427\" data-elementor-post-type=\"page\">\n\t\t\t\t\t\t<section class=\"elementor-section elementor-top-section elementor-element elementor-element-54004cb1 elementor-section-boxed elementor-section-height-default elementor-section-height-default\" data-id=\"54004cb1\" data-element_type=\"section\">\n\t\t\t\t\t\t<div class=\"elementor-container elementor-column-gap-default\">\n\t\t\t\t\t<div class=\"elementor-column elementor-col-100 elementor-top-column elementor-element elementor-element-1fdc0a2d\" data-id=\"1fdc0a2d\" data-element_type=\"column\">\n\t\t\t<div class=\"elementor-widget-wrap elementor-element-populated\">\n\t\t\t\t\t\t<div class=\"elementor-element elementor-element-1b1bee6d elementor-widget elementor-widget-text-editor\" data-id=\"1b1bee6d\" data-element_type=\"widget\" data-widget_type=\"text-editor.default\">\n\t\t\t\t<div class=\"elementor-widget-container\">\n\t\t\t\t\t\t\t<h1><strong>ART AT HIGH NOON! WORKSHOPS FOR SENIORS<\/strong><br \/>Topic: We Stipple!<\/h1><div><em>Art at High Noon\u00a0\u00a0is a series of meetings organized by the bwa Municipal Gallery in Bydgoszcz, devoted to art and broadly understood culture, addressed to people aged 60+. During the meetings, we offer discussions about contemporary art and creative activities that develop cognitive processes, improving manual skills by learning various techniques and artistic forms.<\/em><\/div><div>\u00a0<\/div><div>Our colleague Joanna Truszkowska conducted workshops on stippling - conservation filling in defects in the painting layer. The meeting took place on March 4 at the bwa gallery in Bydgoszcz.<\/div><div>\u00a0<\/div><div>Please see the photo report on the website:<\/div><div><span style=\"text-decoration: underline;\"><span style=\"color: #000080;\"><a style=\"color: #000080; text-decoration: underline;\" href=\"https:\/\/www.galeriabwa.bydgoszcz.pl\/events\/punktujemy\/\">We stipple! at the bwa Municipal Gallery in Bydgoszcz<\/a><\/span><\/span><\/div><div>\u00a0<\/div><div>\u00a0\u00a0<\/div>\t\t\t\t\t\t<\/div>\n\t\t\t\t<\/div>\n\t\t\t\t<div class=\"elementor-element elementor-element-1c9b5cd5 elementor-widget elementor-widget-gallery\" data-id=\"1c9b5cd5\" data-element_type=\"widget\" data-settings=\"{&quot;lazyload&quot;:&quot;yes&quot;,&quot;gallery_layout&quot;:&quot;grid&quot;,&quot;columns&quot;:4,&quot;columns_tablet&quot;:2,&quot;columns_mobile&quot;:1,&quot;gap&quot;:{&quot;unit&quot;:&quot;px&quot;,&quot;size&quot;:10,&quot;sizes&quot;:[]},&quot;gap_tablet&quot;:{&quot;unit&quot;:&quot;px&quot;,&quot;size&quot;:10,&quot;sizes&quot;:[]},&quot;gap_mobile&quot;:{&quot;unit&quot;:&quot;px&quot;,&quot;size&quot;:10,&quot;sizes&quot;:[]},&quot;link_to&quot;:&quot;file&quot;,&quot;aspect_ratio&quot;:&quot;3:2&quot;,&quot;content_hover_animation&quot;:&quot;fade-in&quot;}\" data-widget_type=\"gallery.default\">\n\t\t\t\t<div class=\"elementor-widget-container\">\n\t\t\t\t\t<div class=\"elementor-gallery__container\">\n\t\t\t\t\t\t\t<a class=\"e-gallery-item elementor-gallery-item elementor-animated-content\" href=\"https:\/\/cardastrueart.com\/wp-content\/uploads\/2024\/03\/warsztaty-foto-scaled-1.jpg\" data-elementor-open-lightbox=\"yes\" data-elementor-lightbox-slideshow=\"1c9b5cd5\" data-elementor-lightbox-description=\"Konserwator  przy uzupe\u0142nianiu ubytk\u00f3w warstwy malarskiej - punktowaniu\" data-e-action-hash=\"#elementor-action%3Aaction%3Dlightbox%26settings%3DeyJpZCI6NTQzNCwidXJsIjoiaHR0cHM6XC9cL2NhcmRhc3RydWVhcnQuY29tXC93cC1jb250ZW50XC91cGxvYWRzXC8yMDI0XC8wM1wvd2Fyc3p0YXR5LWZvdG8tc2NhbGVkLTEuanBnIiwic2xpZGVzaG93IjoiMWM5YjVjZDUifQ%3D%3D\">\n\t\t\t\t\t<div class=\"e-gallery-image elementor-gallery-item__image\" data-thumbnail=\"https:\/\/cardastrueart.com\/wp-content\/uploads\/2024\/03\/warsztaty-foto-scaled-1-768x587.jpg\" data-width=\"768\" data-height=\"587\" aria-label=\"\" role=\"img\" ><\/div>\n\t\t\t\t\t\t\t\t\t\t\t\t\t\t<\/a>\n\t\t\t\t\t\t\t<a class=\"e-gallery-item elementor-gallery-item elementor-animated-content\" href=\"https:\/\/cardastrueart.com\/wp-content\/uploads\/2024\/03\/foto-warsztaty.jpg\" data-elementor-open-lightbox=\"yes\" data-elementor-lightbox-slideshow=\"1c9b5cd5\" data-elementor-lightbox-description=\"Projekty przygotowane na warsztaty\" data-e-action-hash=\"#elementor-action%3Aaction%3Dlightbox%26settings%3DeyJpZCI6NTQzMywidXJsIjoiaHR0cHM6XC9cL2NhcmRhc3RydWVhcnQuY29tXC93cC1jb250ZW50XC91cGxvYWRzXC8yMDI0XC8wM1wvZm90by13YXJzenRhdHkuanBnIiwic2xpZGVzaG93IjoiMWM5YjVjZDUifQ%3D%3D\">\n\t\t\t\t\t<div class=\"e-gallery-image elementor-gallery-item__image\" data-thumbnail=\"https:\/\/cardastrueart.com\/wp-content\/uploads\/2024\/03\/foto-warsztaty.jpg\" data-width=\"571\" data-height=\"428\" aria-label=\"\" role=\"img\" ><\/div>\n\t\t\t\t\t\t\t\t\t\t\t\t\t\t<\/a>\n\t\t\t\t\t\t\t<a class=\"e-gallery-item elementor-gallery-item elementor-animated-content\" href=\"https:\/\/cardastrueart.com\/wp-content\/uploads\/2024\/03\/20240304_124128-scaled.jpg\" data-elementor-open-lightbox=\"yes\" data-elementor-lightbox-slideshow=\"1c9b5cd5\" data-elementor-lightbox-description=\"Seniorzy przy pracy\" data-e-action-hash=\"#elementor-action%3Aaction%3Dlightbox%26settings%3DeyJpZCI6NTQ2OSwidXJsIjoiaHR0cHM6XC9cL2NhcmRhc3RydWVhcnQuY29tXC93cC1jb250ZW50XC91cGxvYWRzXC8yMDI0XC8wM1wvMjAyNDAzMDRfMTI0MTI4LXNjYWxlZC5qcGciLCJzbGlkZXNob3ciOiIxYzliNWNkNSJ9\">\n\t\t\t\t\t<div class=\"e-gallery-image elementor-gallery-item__image\" data-thumbnail=\"https:\/\/cardastrueart.com\/wp-content\/uploads\/2024\/03\/20240304_124128-768x527.jpg\" data-width=\"768\" data-height=\"527\" aria-label=\"\" role=\"img\" ><\/div>\n\t\t\t\t\t\t\t\t\t\t\t\t\t\t<\/a>\n\t\t\t\t\t\t\t<a class=\"e-gallery-item elementor-gallery-item elementor-animated-content\" href=\"https:\/\/cardastrueart.com\/wp-content\/uploads\/2024\/03\/20240304_124133-scaled.jpg\" data-elementor-open-lightbox=\"yes\" data-elementor-lightbox-slideshow=\"1c9b5cd5\" data-elementor-lightbox-description=\"Uczennica Hanny \u017bu\u0142awskiej podziwia prace Mistrzyni\" data-e-action-hash=\"#elementor-action%3Aaction%3Dlightbox%26settings%3DeyJpZCI6NTQ3MCwidXJsIjoiaHR0cHM6XC9cL2NhcmRhc3RydWVhcnQuY29tXC93cC1jb250ZW50XC91cGxvYWRzXC8yMDI0XC8wM1wvMjAyNDAzMDRfMTI0MTMzLXNjYWxlZC5qcGciLCJzbGlkZXNob3ciOiIxYzliNWNkNSJ9\">\n\t\t\t\t\t<div class=\"e-gallery-image elementor-gallery-item__image\" data-thumbnail=\"https:\/\/cardastrueart.com\/wp-content\/uploads\/2024\/03\/20240304_124133-768x760.jpg\" data-width=\"768\" data-height=\"760\" aria-label=\"\" role=\"img\" ><\/div>\n\t\t\t\t\t\t\t\t\t\t\t\t\t\t<\/a>\n\t\t\t\t\t\t\t<a class=\"e-gallery-item elementor-gallery-item elementor-animated-content\" href=\"https:\/\/cardastrueart.com\/wp-content\/uploads\/2024\/03\/20240304_133502-scaled.jpg\" data-elementor-open-lightbox=\"yes\" data-elementor-lightbox-slideshow=\"1c9b5cd5\" data-elementor-lightbox-description=\"Uko\u0144czona praca wg obrazu J. \u017bu\u0142awskiego Martwa natura z kaczk\u0105.\" data-e-action-hash=\"#elementor-action%3Aaction%3Dlightbox%26settings%3DeyJpZCI6NTQ3MSwidXJsIjoiaHR0cHM6XC9cL2NhcmRhc3RydWVhcnQuY29tXC93cC1jb250ZW50XC91cGxvYWRzXC8yMDI0XC8wM1wvMjAyNDAzMDRfMTMzNTAyLXNjYWxlZC5qcGciLCJzbGlkZXNob3ciOiIxYzliNWNkNSJ9\">\n\t\t\t\t\t<div class=\"e-gallery-image elementor-gallery-item__image\" data-thumbnail=\"https:\/\/cardastrueart.com\/wp-content\/uploads\/2024\/03\/20240304_133502-768x1055.jpg\" data-width=\"768\" data-height=\"1055\" aria-label=\"\" role=\"img\" ><\/div>\n\t\t\t\t\t\t\t\t\t\t\t\t\t\t<\/a>\n\t\t\t\t\t\t\t<a class=\"e-gallery-item elementor-gallery-item elementor-animated-content\" href=\"https:\/\/cardastrueart.com\/wp-content\/uploads\/2024\/03\/20240304_133519-scaled.jpg\" data-elementor-open-lightbox=\"yes\" data-elementor-lightbox-slideshow=\"1c9b5cd5\" data-elementor-lightbox-description=\"Uko\u0144czona praca wg obrazu H. \u017bu\u0142awskiej - Ochotnica.\" data-e-action-hash=\"#elementor-action%3Aaction%3Dlightbox%26settings%3DeyJpZCI6NTQ3MiwidXJsIjoiaHR0cHM6XC9cL2NhcmRhc3RydWVhcnQuY29tXC93cC1jb250ZW50XC91cGxvYWRzXC8yMDI0XC8wM1wvMjAyNDAzMDRfMTMzNTE5LXNjYWxlZC5qcGciLCJzbGlkZXNob3ciOiIxYzliNWNkNSJ9\">\n\t\t\t\t\t<div class=\"e-gallery-image elementor-gallery-item__image\" data-thumbnail=\"https:\/\/cardastrueart.com\/wp-content\/uploads\/2024\/03\/20240304_133519-768x560.jpg\" data-width=\"768\" data-height=\"560\" aria-label=\"\" role=\"img\" ><\/div>\n\t\t\t\t\t\t\t\t\t\t\t\t\t\t<\/a>\n\t\t\t\t\t\t\t<a class=\"e-gallery-item elementor-gallery-item elementor-animated-content\" href=\"https:\/\/cardastrueart.com\/wp-content\/uploads\/2024\/03\/20240304_133529-scaled.jpg\" data-elementor-open-lightbox=\"yes\" data-elementor-lightbox-slideshow=\"1c9b5cd5\" data-elementor-lightbox-description=\"Uko\u0144czona praca wg obrazu H. \u017bu\u0142awskiej - Sklep mi\u0119sny.\" data-e-action-hash=\"#elementor-action%3Aaction%3Dlightbox%26settings%3DeyJpZCI6NTQ3MywidXJsIjoiaHR0cHM6XC9cL2NhcmRhc3RydWVhcnQuY29tXC93cC1jb250ZW50XC91cGxvYWRzXC8yMDI0XC8wM1wvMjAyNDAzMDRfMTMzNTI5LXNjYWxlZC5qcGciLCJzbGlkZXNob3ciOiIxYzliNWNkNSJ9\">\n\t\t\t\t\t<div class=\"e-gallery-image elementor-gallery-item__image\" data-thumbnail=\"https:\/\/cardastrueart.com\/wp-content\/uploads\/2024\/03\/20240304_133529-768x576.jpg\" data-width=\"768\" data-height=\"576\" aria-label=\"\" role=\"img\" ><\/div>\n\t\t\t\t\t\t\t\t\t\t\t\t\t\t<\/a>\n\t\t\t\t\t\t\t<a class=\"e-gallery-item elementor-gallery-item elementor-animated-content\" href=\"https:\/\/cardastrueart.com\/wp-content\/uploads\/2024\/03\/20240304_133538-scaled.jpg\" data-elementor-open-lightbox=\"yes\" data-elementor-lightbox-slideshow=\"1c9b5cd5\" data-elementor-lightbox-description=\"Uko\u0144czona praca wg obrazu H. \u017bu\u0142awskiej - Ochotnica.\" data-e-action-hash=\"#elementor-action%3Aaction%3Dlightbox%26settings%3DeyJpZCI6NTQ3NCwidXJsIjoiaHR0cHM6XC9cL2NhcmRhc3RydWVhcnQuY29tXC93cC1jb250ZW50XC91cGxvYWRzXC8yMDI0XC8wM1wvMjAyNDAzMDRfMTMzNTM4LXNjYWxlZC5qcGciLCJzbGlkZXNob3ciOiIxYzliNWNkNSJ9\">\n\t\t\t\t\t<div class=\"e-gallery-image elementor-gallery-item__image\" data-thumbnail=\"https:\/\/cardastrueart.com\/wp-content\/uploads\/2024\/03\/20240304_133538-768x567.jpg\" data-width=\"768\" data-height=\"567\" aria-label=\"\" role=\"img\" ><\/div>\n\t\t\t\t\t\t\t\t\t\t\t\t\t\t<\/a>\n\t\t\t\t\t<\/div>\n\t\t\t<\/div>\n\t\t\t\t<\/div>\n\t\t\t\t\t<\/div>\n\t\t<\/div>\n\t\t\t\t\t<\/div>\n\t\t<\/section>\n\t\t\t\t<section class=\"elementor-section elementor-top-section elementor-element elementor-element-79a9449a elementor-section-boxed elementor-section-height-default elementor-section-height-default\" data-id=\"79a9449a\" data-element_type=\"section\">\n\t\t\t\t\t\t<div class=\"elementor-container elementor-column-gap-default\">\n\t\t\t\t\t<div class=\"elementor-column elementor-col-33 elementor-top-column elementor-element elementor-element-31fbab1d\" data-id=\"31fbab1d\" data-element_type=\"column\">\n\t\t\t<div class=\"elementor-widget-wrap elementor-element-populated\">\n\t\t\t\t\t\t<div class=\"elementor-element elementor-element-394aa252 elementor-align-center elementor-widget elementor-widget-button\" data-id=\"394aa252\" data-element_type=\"widget\" data-widget_type=\"button.default\">\n\t\t\t\t<div class=\"elementor-widget-container\">\n\t\t\t\t\t\t\t<div class=\"elementor-button-wrapper\">\n\t\t\t\t\t<a class=\"elementor-button elementor-button-link elementor-size-xs\" href=\"https:\/\/cardastrueart.com\/en\/aktualnosci\/\">\n\t\t\t\t\t\t<span class=\"elementor-button-content-wrapper\">\n\t\t\t\t\t\t\t\t\t<span class=\"elementor-button-text\">Return<\/span>\n\t\t\t\t\t<\/span>\n\t\t\t\t\t<\/a>\n\t\t\t\t<\/div>\n\t\t\t\t\t\t<\/div>\n\t\t\t\t<\/div>\n\t\t\t\t\t<\/div>\n\t\t<\/div>\n\t\t\t\t<div class=\"elementor-column elementor-col-33 elementor-top-column elementor-element elementor-element-3f9d8615\" data-id=\"3f9d8615\" data-element_type=\"column\">\n\t\t\t<div class=\"elementor-widget-wrap elementor-element-populated\">\n\t\t\t\t\t\t<div class=\"elementor-element elementor-element-442f43c8 elementor-widget elementor-widget-text-editor\" data-id=\"442f43c8\" data-element_type=\"widget\" data-widget_type=\"text-editor.default\">\n\t\t\t\t<div class=\"elementor-widget-container\">\n\t\t\t\t\t\t\t<p>\u00a9 CARDAS True Art<br><\/p>\t\t\t\t\t\t<\/div>\n\t\t\t\t<\/div>\n\t\t\t\t\t<\/div>\n\t\t<\/div>\n\t\t\t\t<div class=\"elementor-column elementor-col-33 elementor-top-column elementor-element elementor-element-7f2b72c5\" data-id=\"7f2b72c5\" data-element_type=\"column\">\n\t\t\t<div class=\"elementor-widget-wrap elementor-element-populated\">\n\t\t\t\t\t\t<div class=\"elementor-element elementor-element-17544235 elementor-widget elementor-widget-image\" data-id=\"17544235\" data-element_type=\"widget\" data-widget_type=\"image.default\">\n\t\t\t\t<div class=\"elementor-widget-container\">\n\t\t\t\t\t\t\t\t\t\t\t\t\t\t<a href=\"https:\/\/cardastrueart.com\/en\/\">\n\t\t\t\t\t\t\t<img fetchpriority=\"high\" decoding=\"async\" width=\"300\" height=\"288\" src=\"https:\/\/cardastrueart.com\/wp-content\/uploads\/2020\/06\/ncp-300x288.png\" class=\"attachment-medium size-medium wp-image-5143\" alt=\"\" srcset=\"https:\/\/cardastrueart.com\/wp-content\/uploads\/2020\/06\/ncp-300x288.png 300w, https:\/\/cardastrueart.com\/wp-content\/uploads\/2020\/06\/ncp-1024x982.png 1024w, https:\/\/cardastrueart.com\/wp-content\/uploads\/2020\/06\/ncp-768x737.png 768w, https:\/\/cardastrueart.com\/wp-content\/uploads\/2020\/06\/ncp-13x12.png 13w, https:\/\/cardastrueart.com\/wp-content\/uploads\/2020\/06\/ncp.png 1277w\" sizes=\"(max-width: 300px) 100vw, 300px\" \/>\t\t\t\t\t\t\t\t<\/a>\n\t\t\t\t\t\t\t\t\t\t\t\t\t<\/div>\n\t\t\t\t<\/div>\n\t\t\t\t\t<\/div>\n\t\t<\/div>\n\t\t\t\t\t<\/div>\n\t\t<\/section>\n\t\t\t\t<\/div>","protected":false},"excerpt":{"rendered":"<p>SZTUKA\u00a0W\u00a0SAMO\u00a0PO\u0141UDNIE!\u00a0WARSZTATY\u00a0DLA\u00a0SENIOR\u00d3WTemat: Punktujemy! Sztuka w samo po\u0142udnie\u00a0\u00a0to cykl spotka\u0144 organizowanych przez Galeri\u0119 Miejsk\u0105 bwa w Bydgoszczy, po\u015bwi\u0119conych sztuce i szeroko rozumianej kulturze, adresowanych do os\u00f3b w wieku 60+. W ramach spotka\u0144 proponujemy dyskusje o sztuce wsp\u00f3\u0142czesnej oraz dzia\u0142ania tw\u00f3rcze, kt\u00f3re rozwijaj\u0105 procesy poznawcze, doskonal\u0105c sprawno\u015b\u0107 manualn\u0105 poprzez poznawanie r\u00f3\u017cnych technik i form plastycznych.\u00a0Nasza kole\u017canka Joanna Truszkowska [&hellip;]<\/p>","protected":false},"author":5,"featured_media":0,"parent":4076,"menu_order":0,"comment_status":"closed","ping_status":"closed","template":"elementor_canvas","meta":{"footnotes":""},"class_list":["post-5427","page","type-page","status-publish","hentry"],"_links":{"self":[{"href":"https:\/\/cardastrueart.com\/en\/wp-json\/wp\/v2\/pages\/5427","targetHints":{"allow":["GET"]}}],"collection":[{"href":"https:\/\/cardastrueart.com\/en\/wp-json\/wp\/v2\/pages"}],"about":[{"href":"https:\/\/cardastrueart.com\/en\/wp-json\/wp\/v2\/types\/page"}],"author":[{"embeddable":true,"href":"https:\/\/cardastrueart.com\/en\/wp-json\/wp\/v2\/users\/5"}],"replies":[{"embeddable":true,"href":"https:\/\/cardastrueart.com\/en\/wp-json\/wp\/v2\/comments?post=5427"}],"version-history":[{"count":37,"href":"https:\/\/cardastrueart.com\/en\/wp-json\/wp\/v2\/pages\/5427\/revisions"}],"predecessor-version":[{"id":6113,"href":"https:\/\/cardastrueart.com\/en\/wp-json\/wp\/v2\/pages\/5427\/revisions\/6113"}],"up":[{"embeddable":true,"href":"https:\/\/cardastrueart.com\/en\/wp-json\/wp\/v2\/pages\/4076"}],"wp:attachment":[{"href":"https:\/\/cardastrueart.com\/en\/wp-json\/wp\/v2\/media?parent=5427"}],"curies":[{"name":"wp","href":"https:\/\/api.w.org\/{rel}","templated":true}]}}