{"id":5510,"date":"2024-04-03T14:38:03","date_gmt":"2024-04-03T12:38:03","guid":{"rendered":"https:\/\/cardastrueart.com\/?page_id=5510"},"modified":"2024-12-02T13:09:18","modified_gmt":"2024-12-02T12:09:18","slug":"cosma-polmrok","status":"publish","type":"page","link":"https:\/\/cardastrueart.com\/en\/news\/cosma-polmrok\/","title":{"rendered":"COSMA &#8211; P\u00f3\u0142mrok"},"content":{"rendered":"<div data-elementor-type=\"wp-page\" data-elementor-id=\"5510\" class=\"elementor elementor-5510\" data-elementor-post-type=\"page\">\n\t\t\t\t\t\t<section class=\"elementor-section elementor-top-section elementor-element elementor-element-78593adf elementor-section-boxed elementor-section-height-default elementor-section-height-default\" data-id=\"78593adf\" data-element_type=\"section\">\n\t\t\t\t\t\t<div class=\"elementor-container elementor-column-gap-default\">\n\t\t\t\t\t<div class=\"elementor-column elementor-col-100 elementor-top-column elementor-element elementor-element-775c7e30\" data-id=\"775c7e30\" data-element_type=\"column\">\n\t\t\t<div class=\"elementor-widget-wrap elementor-element-populated\">\n\t\t\t\t\t\t<div class=\"elementor-element elementor-element-851847c elementor-widget elementor-widget-text-editor\" data-id=\"851847c\" data-element_type=\"widget\" data-widget_type=\"text-editor.default\">\n\t\t\t\t<div class=\"elementor-widget-container\">\n\t\t\t\t\t\t\t<h1>Dusk in Gda\u0144sk<\/h1><p>Ju\u017c 12 kwietnia o godzinie 19:00 &#8222;P\u00f3\u0142mrok&#8221; zawita\u0142 w go\u015bcinne progi Galerii COSMA w Gda\u0144sku. Go\u015bcie mog\u0105 obej\u017ce\u0107 r<span style=\"color: var(--e-global-color-553517f); font-family: var( --e-global-typography-text-font-family ), Sans-serif; font-size: var(--e-global-typography-text-font-size);\">We'll show you pencil drawings and oil paintings from the extensive collection of Damian Leszczy\u0144ski's works gathered in Bydgoszcz.<\/span><\/p><p>Wystawa potrwa do 08 maja.<\/p><p><span style=\"color: var(--e-global-color-553517f); font-family: var( --e-global-typography-text-font-family ), Sans-serif; font-size: var(--e-global-typography-text-font-size);\">Rozmowa z kuratorem wystawy na antenie Radio Kultura &#8211; podkast dost\u0119pny na &#8211; <\/span><span style=\"color: #0000ff;\"><a style=\"background-color: #ffffff; font-family: var( --e-global-typography-text-font-family ), Sans-serif; font-size: var( --e-global-typography-text-font-size ); color: #0000ff;\" href=\"https:\/\/radiokultura.pl\/\" target=\"_blank\" rel=\"noopener\">https:\/\/radiokultura.pl\/<\/a><\/span><\/p><p><a href=\"https:\/\/radiokultura.pl\/\"><img decoding=\"async\" class=\"alignnone wp-image-5588\" src=\"http:\/\/cardastrueart.com\/wp-content\/uploads\/2024\/04\/radio_kultura_2012-1024x288.jpg\" alt=\"\" width=\"128\" height=\"36\" srcset=\"https:\/\/cardastrueart.com\/wp-content\/uploads\/2024\/04\/radio_kultura_2012-1024x288.jpg 1024w, https:\/\/cardastrueart.com\/wp-content\/uploads\/2024\/04\/radio_kultura_2012-300x84.jpg 300w, https:\/\/cardastrueart.com\/wp-content\/uploads\/2024\/04\/radio_kultura_2012-768x216.jpg 768w, https:\/\/cardastrueart.com\/wp-content\/uploads\/2024\/04\/radio_kultura_2012-1536x431.jpg 1536w, https:\/\/cardastrueart.com\/wp-content\/uploads\/2024\/04\/radio_kultura_2012-18x5.jpg 18w, https:\/\/cardastrueart.com\/wp-content\/uploads\/2024\/04\/radio_kultura_2012.jpg 1976w\" sizes=\"(max-width: 128px) 100vw, 128px\" \/><\/a><\/p><p>More details at:<\/p><p><span style=\"color: #333333;\"><a style=\"color: #333333;\" href=\"https:\/\/fb.me\/e\/3vEafsGLh\"><span style=\"color: #3366ff;\"><strong>COSMA Galler<\/strong><\/span><\/a><strong><span style=\"color: #0000ff;\">y<\/span><\/strong><\/span><\/p>\t\t\t\t\t\t<\/div>\n\t\t\t\t<\/div>\n\t\t\t\t<div class=\"elementor-element elementor-element-5538b92 elementor-widget elementor-widget-image\" data-id=\"5538b92\" data-element_type=\"widget\" data-widget_type=\"image.default\">\n\t\t\t\t<div class=\"elementor-widget-container\">\n\t\t\t\t\t\t\t\t\t\t\t\t\t<img fetchpriority=\"high\" decoding=\"async\" width=\"800\" height=\"420\" src=\"https:\/\/cardastrueart.com\/wp-content\/uploads\/2024\/04\/434030027_751384923759197_2916009734778225669_n-1024x538.jpg\" class=\"attachment-large size-large wp-image-5512\" alt=\"\" srcset=\"https:\/\/cardastrueart.com\/wp-content\/uploads\/2024\/04\/434030027_751384923759197_2916009734778225669_n-1024x538.jpg 1024w, https:\/\/cardastrueart.com\/wp-content\/uploads\/2024\/04\/434030027_751384923759197_2916009734778225669_n-300x158.jpg 300w, https:\/\/cardastrueart.com\/wp-content\/uploads\/2024\/04\/434030027_751384923759197_2916009734778225669_n-768x404.jpg 768w, https:\/\/cardastrueart.com\/wp-content\/uploads\/2024\/04\/434030027_751384923759197_2916009734778225669_n-18x9.jpg 18w, https:\/\/cardastrueart.com\/wp-content\/uploads\/2024\/04\/434030027_751384923759197_2916009734778225669_n.jpg 1113w\" sizes=\"(max-width: 800px) 100vw, 800px\" \/>\t\t\t\t\t\t\t\t\t\t\t\t\t<\/div>\n\t\t\t\t<\/div>\n\t\t\t\t<div class=\"elementor-element elementor-element-5bd6b09d elementor-widget elementor-widget-gallery\" data-id=\"5bd6b09d\" data-element_type=\"widget\" data-settings=\"{&quot;lazyload&quot;:&quot;yes&quot;,&quot;gallery_layout&quot;:&quot;grid&quot;,&quot;columns&quot;:4,&quot;columns_tablet&quot;:2,&quot;columns_mobile&quot;:1,&quot;gap&quot;:{&quot;unit&quot;:&quot;px&quot;,&quot;size&quot;:10,&quot;sizes&quot;:[]},&quot;gap_tablet&quot;:{&quot;unit&quot;:&quot;px&quot;,&quot;size&quot;:10,&quot;sizes&quot;:[]},&quot;gap_mobile&quot;:{&quot;unit&quot;:&quot;px&quot;,&quot;size&quot;:10,&quot;sizes&quot;:[]},&quot;link_to&quot;:&quot;file&quot;,&quot;aspect_ratio&quot;:&quot;3:2&quot;,&quot;content_hover_animation&quot;:&quot;fade-in&quot;}\" data-widget_type=\"gallery.default\">\n\t\t\t\t<div class=\"elementor-widget-container\">\n\t\t\t\t\t<div class=\"elementor-gallery__container\">\n\t\t\t\t\t\t\t<a class=\"e-gallery-item elementor-gallery-item elementor-animated-content\" href=\"https:\/\/cardastrueart.com\/wp-content\/uploads\/2024\/04\/MOJRY-MEDUZA-PREPUSCULUM-20205-scaled.jpg\" data-elementor-open-lightbox=\"yes\" data-elementor-lightbox-slideshow=\"5bd6b09d\" data-e-action-hash=\"#elementor-action%3Aaction%3Dlightbox%26settings%3DeyJpZCI6NTUxMywidXJsIjoiaHR0cHM6XC9cL2NhcmRhc3RydWVhcnQuY29tXC93cC1jb250ZW50XC91cGxvYWRzXC8yMDI0XC8wNFwvTU9KUlktTUVEVVpBLVBSRVBVU0NVTFVNLTIwMjA1LXNjYWxlZC5qcGciLCJzbGlkZXNob3ciOiI1YmQ2YjA5ZCJ9\">\n\t\t\t\t\t<div class=\"e-gallery-image elementor-gallery-item__image\" data-thumbnail=\"https:\/\/cardastrueart.com\/wp-content\/uploads\/2024\/04\/MOJRY-MEDUZA-PREPUSCULUM-20205-768x1117.jpg\" data-width=\"768\" data-height=\"1117\" aria-label=\"\" role=\"img\" ><\/div>\n\t\t\t\t\t\t\t\t\t\t\t\t\t\t<\/a>\n\t\t\t\t\t\t\t<a class=\"e-gallery-item elementor-gallery-item elementor-animated-content\" href=\"https:\/\/cardastrueart.com\/wp-content\/uploads\/2024\/04\/MGLA-GRUDZIEN-201700004-scaled.jpg\" data-elementor-open-lightbox=\"yes\" data-elementor-lightbox-slideshow=\"5bd6b09d\" data-e-action-hash=\"#elementor-action%3Aaction%3Dlightbox%26settings%3DeyJpZCI6NTUxNCwidXJsIjoiaHR0cHM6XC9cL2NhcmRhc3RydWVhcnQuY29tXC93cC1jb250ZW50XC91cGxvYWRzXC8yMDI0XC8wNFwvTUdMQS1HUlVEWklFTi0yMDE3MDAwMDQtc2NhbGVkLmpwZyIsInNsaWRlc2hvdyI6IjViZDZiMDlkIn0%3D\">\n\t\t\t\t\t<div class=\"e-gallery-image elementor-gallery-item__image\" data-thumbnail=\"https:\/\/cardastrueart.com\/wp-content\/uploads\/2024\/04\/MGLA-GRUDZIEN-201700004-768x1148.jpg\" data-width=\"768\" data-height=\"1148\" aria-label=\"\" role=\"img\" ><\/div>\n\t\t\t\t\t\t\t\t\t\t\t\t\t\t<\/a>\n\t\t\t\t\t\t\t<a class=\"e-gallery-item elementor-gallery-item elementor-animated-content\" href=\"https:\/\/cardastrueart.com\/wp-content\/uploads\/2024\/04\/NOKTURN-2018-202000009-scaled.jpg\" data-elementor-open-lightbox=\"yes\" data-elementor-lightbox-slideshow=\"5bd6b09d\" data-e-action-hash=\"#elementor-action%3Aaction%3Dlightbox%26settings%3DeyJpZCI6NTUxNSwidXJsIjoiaHR0cHM6XC9cL2NhcmRhc3RydWVhcnQuY29tXC93cC1jb250ZW50XC91cGxvYWRzXC8yMDI0XC8wNFwvTk9LVFVSTi0yMDE4LTIwMjAwMDAwOS1zY2FsZWQuanBnIiwic2xpZGVzaG93IjoiNWJkNmIwOWQifQ%3D%3D\">\n\t\t\t\t\t<div class=\"e-gallery-image elementor-gallery-item__image\" data-thumbnail=\"https:\/\/cardastrueart.com\/wp-content\/uploads\/2024\/04\/NOKTURN-2018-202000009-768x1076.jpg\" data-width=\"768\" data-height=\"1076\" aria-label=\"\" role=\"img\" ><\/div>\n\t\t\t\t\t\t\t\t\t\t\t\t\t\t<\/a>\n\t\t\t\t\t\t\t<a class=\"e-gallery-item elementor-gallery-item elementor-animated-content\" href=\"https:\/\/cardastrueart.com\/wp-content\/uploads\/2024\/04\/67-scaled.jpg\" data-elementor-open-lightbox=\"yes\" data-elementor-lightbox-slideshow=\"5bd6b09d\" data-e-action-hash=\"#elementor-action%3Aaction%3Dlightbox%26settings%3DeyJpZCI6NTUxNiwidXJsIjoiaHR0cHM6XC9cL2NhcmRhc3RydWVhcnQuY29tXC93cC1jb250ZW50XC91cGxvYWRzXC8yMDI0XC8wNFwvNjctc2NhbGVkLmpwZyIsInNsaWRlc2hvdyI6IjViZDZiMDlkIn0%3D\">\n\t\t\t\t\t<div class=\"e-gallery-image elementor-gallery-item__image\" data-thumbnail=\"https:\/\/cardastrueart.com\/wp-content\/uploads\/2024\/04\/67-768x1115.jpg\" data-width=\"768\" data-height=\"1115\" aria-label=\"\" role=\"img\" ><\/div>\n\t\t\t\t\t\t\t\t\t\t\t\t\t\t<\/a>\n\t\t\t\t\t\t\t<a class=\"e-gallery-item elementor-gallery-item elementor-animated-content\" href=\"https:\/\/cardastrueart.com\/wp-content\/uploads\/2024\/04\/lod.jpeg\" data-elementor-open-lightbox=\"yes\" data-elementor-lightbox-slideshow=\"5bd6b09d\" data-e-action-hash=\"#elementor-action%3Aaction%3Dlightbox%26settings%3DeyJpZCI6NTU1OCwidXJsIjoiaHR0cHM6XC9cL2NhcmRhc3RydWVhcnQuY29tXC93cC1jb250ZW50XC91cGxvYWRzXC8yMDI0XC8wNFwvbG9kLmpwZWciLCJzbGlkZXNob3ciOiI1YmQ2YjA5ZCJ9\">\n\t\t\t\t\t<div class=\"e-gallery-image elementor-gallery-item__image\" data-thumbnail=\"https:\/\/cardastrueart.com\/wp-content\/uploads\/2024\/04\/lod-768x1189.jpeg\" data-width=\"768\" data-height=\"1189\" aria-label=\"\" role=\"img\" ><\/div>\n\t\t\t\t\t\t\t\t\t\t\t\t\t\t<\/a>\n\t\t\t\t\t\t\t<a class=\"e-gallery-item elementor-gallery-item elementor-animated-content\" href=\"https:\/\/cardastrueart.com\/wp-content\/uploads\/2024\/04\/piramida.jpeg\" data-elementor-open-lightbox=\"yes\" data-elementor-lightbox-slideshow=\"5bd6b09d\" data-e-action-hash=\"#elementor-action%3Aaction%3Dlightbox%26settings%3DeyJpZCI6NTU1OSwidXJsIjoiaHR0cHM6XC9cL2NhcmRhc3RydWVhcnQuY29tXC93cC1jb250ZW50XC91cGxvYWRzXC8yMDI0XC8wNFwvcGlyYW1pZGEuanBlZyIsInNsaWRlc2hvdyI6IjViZDZiMDlkIn0%3D\">\n\t\t\t\t\t<div class=\"e-gallery-image elementor-gallery-item__image\" data-thumbnail=\"https:\/\/cardastrueart.com\/wp-content\/uploads\/2024\/04\/piramida-768x963.jpeg\" data-width=\"768\" data-height=\"963\" aria-label=\"\" role=\"img\" ><\/div>\n\t\t\t\t\t\t\t\t\t\t\t\t\t\t<\/a>\n\t\t\t\t\t\t\t<a class=\"e-gallery-item elementor-gallery-item elementor-animated-content\" href=\"https:\/\/cardastrueart.com\/wp-content\/uploads\/2024\/04\/ultima.jpeg\" data-elementor-open-lightbox=\"yes\" data-elementor-lightbox-slideshow=\"5bd6b09d\" data-e-action-hash=\"#elementor-action%3Aaction%3Dlightbox%26settings%3DeyJpZCI6NTU2MCwidXJsIjoiaHR0cHM6XC9cL2NhcmRhc3RydWVhcnQuY29tXC93cC1jb250ZW50XC91cGxvYWRzXC8yMDI0XC8wNFwvdWx0aW1hLmpwZWciLCJzbGlkZXNob3ciOiI1YmQ2YjA5ZCJ9\">\n\t\t\t\t\t<div class=\"e-gallery-image elementor-gallery-item__image\" data-thumbnail=\"https:\/\/cardastrueart.com\/wp-content\/uploads\/2024\/04\/ultima-768x1258.jpeg\" data-width=\"768\" data-height=\"1258\" aria-label=\"\" role=\"img\" ><\/div>\n\t\t\t\t\t\t\t\t\t\t\t\t\t\t<\/a>\n\t\t\t\t\t\t\t<a class=\"e-gallery-item elementor-gallery-item elementor-animated-content\" href=\"https:\/\/cardastrueart.com\/wp-content\/uploads\/2024\/04\/wisielec.jpg\" data-elementor-open-lightbox=\"yes\" data-elementor-lightbox-slideshow=\"5bd6b09d\" data-e-action-hash=\"#elementor-action%3Aaction%3Dlightbox%26settings%3DeyJpZCI6NTU2MSwidXJsIjoiaHR0cHM6XC9cL2NhcmRhc3RydWVhcnQuY29tXC93cC1jb250ZW50XC91cGxvYWRzXC8yMDI0XC8wNFwvd2lzaWVsZWMuanBnIiwic2xpZGVzaG93IjoiNWJkNmIwOWQifQ%3D%3D\">\n\t\t\t\t\t<div class=\"e-gallery-image elementor-gallery-item__image\" data-thumbnail=\"https:\/\/cardastrueart.com\/wp-content\/uploads\/2024\/04\/wisielec-768x1103.jpg\" data-width=\"768\" data-height=\"1103\" aria-label=\"\" role=\"img\" ><\/div>\n\t\t\t\t\t\t\t\t\t\t\t\t\t\t<\/a>\n\t\t\t\t\t<\/div>\n\t\t\t<\/div>\n\t\t\t\t<\/div>\n\t\t\t\t<div class=\"elementor-element elementor-element-9bff923 elementor-widget elementor-widget-gallery\" data-id=\"9bff923\" data-element_type=\"widget\" data-settings=\"{&quot;lazyload&quot;:&quot;yes&quot;,&quot;gallery_layout&quot;:&quot;grid&quot;,&quot;columns&quot;:4,&quot;columns_tablet&quot;:2,&quot;columns_mobile&quot;:1,&quot;gap&quot;:{&quot;unit&quot;:&quot;px&quot;,&quot;size&quot;:10,&quot;sizes&quot;:[]},&quot;gap_tablet&quot;:{&quot;unit&quot;:&quot;px&quot;,&quot;size&quot;:10,&quot;sizes&quot;:[]},&quot;gap_mobile&quot;:{&quot;unit&quot;:&quot;px&quot;,&quot;size&quot;:10,&quot;sizes&quot;:[]},&quot;link_to&quot;:&quot;file&quot;,&quot;aspect_ratio&quot;:&quot;3:2&quot;,&quot;content_hover_animation&quot;:&quot;fade-in&quot;}\" data-widget_type=\"gallery.default\">\n\t\t\t\t<div class=\"elementor-widget-container\">\n\t\t\t\t\t<div class=\"elementor-gallery__container\">\n\t\t\t\t\t\t\t<a class=\"e-gallery-item elementor-gallery-item elementor-animated-content\" href=\"https:\/\/cardastrueart.com\/wp-content\/uploads\/2024\/04\/20240412_190749-scaled.jpg\" data-elementor-open-lightbox=\"yes\" data-elementor-lightbox-slideshow=\"9bff923\" data-e-action-hash=\"#elementor-action%3Aaction%3Dlightbox%26settings%3DeyJpZCI6NTU5OSwidXJsIjoiaHR0cHM6XC9cL2NhcmRhc3RydWVhcnQuY29tXC93cC1jb250ZW50XC91cGxvYWRzXC8yMDI0XC8wNFwvMjAyNDA0MTJfMTkwNzQ5LXNjYWxlZC5qcGciLCJzbGlkZXNob3ciOiI5YmZmOTIzIn0%3D\">\n\t\t\t\t\t<div class=\"e-gallery-image elementor-gallery-item__image\" data-thumbnail=\"https:\/\/cardastrueart.com\/wp-content\/uploads\/2024\/04\/20240412_190749-768x432.jpg\" data-width=\"768\" data-height=\"432\" aria-label=\"\" role=\"img\" ><\/div>\n\t\t\t\t\t\t\t\t\t\t\t\t\t\t<\/a>\n\t\t\t\t\t\t\t<a class=\"e-gallery-item elementor-gallery-item elementor-animated-content\" href=\"https:\/\/cardastrueart.com\/wp-content\/uploads\/2024\/04\/436954473_758077969756559_3688243103266757738_n.jpg\" data-elementor-open-lightbox=\"yes\" data-elementor-lightbox-slideshow=\"9bff923\" data-e-action-hash=\"#elementor-action%3Aaction%3Dlightbox%26settings%3DeyJpZCI6NTYwMywidXJsIjoiaHR0cHM6XC9cL2NhcmRhc3RydWVhcnQuY29tXC93cC1jb250ZW50XC91cGxvYWRzXC8yMDI0XC8wNFwvNDM2OTU0NDczXzc1ODA3Nzk2OTc1NjU1OV8zNjg4MjQzMTAzMjY2NzU3NzM4X24uanBnIiwic2xpZGVzaG93IjoiOWJmZjkyMyJ9\">\n\t\t\t\t\t<div class=\"e-gallery-image elementor-gallery-item__image\" data-thumbnail=\"https:\/\/cardastrueart.com\/wp-content\/uploads\/2024\/04\/436954473_758077969756559_3688243103266757738_n-768x576.jpg\" data-width=\"768\" data-height=\"576\" aria-label=\"\" role=\"img\" ><\/div>\n\t\t\t\t\t\t\t\t\t\t\t\t\t\t<\/a>\n\t\t\t\t\t\t\t<a class=\"e-gallery-item elementor-gallery-item elementor-animated-content\" href=\"https:\/\/cardastrueart.com\/wp-content\/uploads\/2024\/04\/436816097_758077169756639_1155254142744790019_n.jpg\" data-elementor-open-lightbox=\"yes\" data-elementor-lightbox-slideshow=\"9bff923\" data-e-action-hash=\"#elementor-action%3Aaction%3Dlightbox%26settings%3DeyJpZCI6NTYwMiwidXJsIjoiaHR0cHM6XC9cL2NhcmRhc3RydWVhcnQuY29tXC93cC1jb250ZW50XC91cGxvYWRzXC8yMDI0XC8wNFwvNDM2ODE2MDk3Xzc1ODA3NzE2OTc1NjYzOV8xMTU1MjU0MTQyNzQ0NzkwMDE5X24uanBnIiwic2xpZGVzaG93IjoiOWJmZjkyMyJ9\">\n\t\t\t\t\t<div class=\"e-gallery-image elementor-gallery-item__image\" data-thumbnail=\"https:\/\/cardastrueart.com\/wp-content\/uploads\/2024\/04\/436816097_758077169756639_1155254142744790019_n-768x576.jpg\" data-width=\"768\" data-height=\"576\" aria-label=\"\" role=\"img\" ><\/div>\n\t\t\t\t\t\t\t\t\t\t\t\t\t\t<\/a>\n\t\t\t\t\t\t\t<a class=\"e-gallery-item elementor-gallery-item elementor-animated-content\" href=\"https:\/\/cardastrueart.com\/wp-content\/uploads\/2024\/04\/437069080_758077243089965_4563383514372196586_n.jpg\" data-elementor-open-lightbox=\"yes\" data-elementor-lightbox-slideshow=\"9bff923\" data-e-action-hash=\"#elementor-action%3Aaction%3Dlightbox%26settings%3DeyJpZCI6NTYwOCwidXJsIjoiaHR0cHM6XC9cL2NhcmRhc3RydWVhcnQuY29tXC93cC1jb250ZW50XC91cGxvYWRzXC8yMDI0XC8wNFwvNDM3MDY5MDgwXzc1ODA3NzI0MzA4OTk2NV80NTYzMzgzNTE0MzcyMTk2NTg2X24uanBnIiwic2xpZGVzaG93IjoiOWJmZjkyMyJ9\">\n\t\t\t\t\t<div class=\"e-gallery-image elementor-gallery-item__image\" data-thumbnail=\"https:\/\/cardastrueart.com\/wp-content\/uploads\/2024\/04\/437069080_758077243089965_4563383514372196586_n-768x576.jpg\" data-width=\"768\" data-height=\"576\" aria-label=\"\" role=\"img\" ><\/div>\n\t\t\t\t\t\t\t\t\t\t\t\t\t\t<\/a>\n\t\t\t\t\t\t\t<a class=\"e-gallery-item elementor-gallery-item elementor-animated-content\" href=\"https:\/\/cardastrueart.com\/wp-content\/uploads\/2024\/04\/437029225_758078106423212_8717995289388087212_n.jpg\" data-elementor-open-lightbox=\"yes\" data-elementor-lightbox-slideshow=\"9bff923\" data-e-action-hash=\"#elementor-action%3Aaction%3Dlightbox%26settings%3DeyJpZCI6NTYwNSwidXJsIjoiaHR0cHM6XC9cL2NhcmRhc3RydWVhcnQuY29tXC93cC1jb250ZW50XC91cGxvYWRzXC8yMDI0XC8wNFwvNDM3MDI5MjI1Xzc1ODA3ODEwNjQyMzIxMl84NzE3OTk1Mjg5Mzg4MDg3MjEyX24uanBnIiwic2xpZGVzaG93IjoiOWJmZjkyMyJ9\">\n\t\t\t\t\t<div class=\"e-gallery-image elementor-gallery-item__image\" data-thumbnail=\"https:\/\/cardastrueart.com\/wp-content\/uploads\/2024\/04\/437029225_758078106423212_8717995289388087212_n-768x576.jpg\" data-width=\"768\" data-height=\"576\" aria-label=\"\" role=\"img\" ><\/div>\n\t\t\t\t\t\t\t\t\t\t\t\t\t\t<\/a>\n\t\t\t\t\t\t\t<a class=\"e-gallery-item elementor-gallery-item elementor-animated-content\" href=\"https:\/\/cardastrueart.com\/wp-content\/uploads\/2024\/04\/20240412_190830-scaled.jpg\" data-elementor-open-lightbox=\"yes\" data-elementor-lightbox-slideshow=\"9bff923\" data-e-action-hash=\"#elementor-action%3Aaction%3Dlightbox%26settings%3DeyJpZCI6NTYwMSwidXJsIjoiaHR0cHM6XC9cL2NhcmRhc3RydWVhcnQuY29tXC93cC1jb250ZW50XC91cGxvYWRzXC8yMDI0XC8wNFwvMjAyNDA0MTJfMTkwODMwLXNjYWxlZC5qcGciLCJzbGlkZXNob3ciOiI5YmZmOTIzIn0%3D\">\n\t\t\t\t\t<div class=\"e-gallery-image elementor-gallery-item__image\" data-thumbnail=\"https:\/\/cardastrueart.com\/wp-content\/uploads\/2024\/04\/20240412_190830-768x1365.jpg\" data-width=\"768\" data-height=\"1365\" aria-label=\"\" role=\"img\" ><\/div>\n\t\t\t\t\t\t\t\t\t\t\t\t\t\t<\/a>\n\t\t\t\t\t\t\t<a class=\"e-gallery-item elementor-gallery-item elementor-animated-content\" href=\"https:\/\/cardastrueart.com\/wp-content\/uploads\/2024\/04\/436960717_758078243089865_2273713133170706830_n.jpg\" data-elementor-open-lightbox=\"yes\" data-elementor-lightbox-slideshow=\"9bff923\" data-e-action-hash=\"#elementor-action%3Aaction%3Dlightbox%26settings%3DeyJpZCI6NTYwNCwidXJsIjoiaHR0cHM6XC9cL2NhcmRhc3RydWVhcnQuY29tXC93cC1jb250ZW50XC91cGxvYWRzXC8yMDI0XC8wNFwvNDM2OTYwNzE3Xzc1ODA3ODI0MzA4OTg2NV8yMjczNzEzMTMzMTcwNzA2ODMwX24uanBnIiwic2xpZGVzaG93IjoiOWJmZjkyMyJ9\">\n\t\t\t\t\t<div class=\"e-gallery-image elementor-gallery-item__image\" data-thumbnail=\"https:\/\/cardastrueart.com\/wp-content\/uploads\/2024\/04\/436960717_758078243089865_2273713133170706830_n-768x1024.jpg\" data-width=\"768\" data-height=\"1024\" aria-label=\"\" role=\"img\" ><\/div>\n\t\t\t\t\t\t\t\t\t\t\t\t\t\t<\/a>\n\t\t\t\t\t\t\t<a class=\"e-gallery-item elementor-gallery-item elementor-animated-content\" href=\"https:\/\/cardastrueart.com\/wp-content\/uploads\/2024\/04\/437044344_758078193089870_8742480469982852423_n.jpg\" data-elementor-open-lightbox=\"yes\" data-elementor-lightbox-slideshow=\"9bff923\" data-e-action-hash=\"#elementor-action%3Aaction%3Dlightbox%26settings%3DeyJpZCI6NTYwNywidXJsIjoiaHR0cHM6XC9cL2NhcmRhc3RydWVhcnQuY29tXC93cC1jb250ZW50XC91cGxvYWRzXC8yMDI0XC8wNFwvNDM3MDQ0MzQ0Xzc1ODA3ODE5MzA4OTg3MF84NzQyNDgwNDY5OTgyODUyNDIzX24uanBnIiwic2xpZGVzaG93IjoiOWJmZjkyMyJ9\">\n\t\t\t\t\t<div class=\"e-gallery-image elementor-gallery-item__image\" data-thumbnail=\"https:\/\/cardastrueart.com\/wp-content\/uploads\/2024\/04\/437044344_758078193089870_8742480469982852423_n-768x576.jpg\" data-width=\"768\" data-height=\"576\" aria-label=\"\" role=\"img\" ><\/div>\n\t\t\t\t\t\t\t\t\t\t\t\t\t\t<\/a>\n\t\t\t\t\t<\/div>\n\t\t\t<\/div>\n\t\t\t\t<\/div>\n\t\t\t\t\t<\/div>\n\t\t<\/div>\n\t\t\t\t\t<\/div>\n\t\t<\/section>\n\t\t\t\t<section class=\"elementor-section elementor-top-section elementor-element elementor-element-7ab2d985 elementor-section-boxed elementor-section-height-default elementor-section-height-default\" data-id=\"7ab2d985\" data-element_type=\"section\">\n\t\t\t\t\t\t<div class=\"elementor-container elementor-column-gap-default\">\n\t\t\t\t\t<div class=\"elementor-column elementor-col-33 elementor-top-column elementor-element elementor-element-47e64f67\" data-id=\"47e64f67\" data-element_type=\"column\">\n\t\t\t<div class=\"elementor-widget-wrap elementor-element-populated\">\n\t\t\t\t\t\t<div class=\"elementor-element elementor-element-53dd8a83 elementor-align-center elementor-widget elementor-widget-button\" data-id=\"53dd8a83\" data-element_type=\"widget\" data-widget_type=\"button.default\">\n\t\t\t\t<div class=\"elementor-widget-container\">\n\t\t\t\t\t\t\t<div class=\"elementor-button-wrapper\">\n\t\t\t\t\t<a class=\"elementor-button elementor-button-link elementor-size-xs\" href=\"https:\/\/cardastrueart.com\/en\/aktualnosci\/\">\n\t\t\t\t\t\t<span class=\"elementor-button-content-wrapper\">\n\t\t\t\t\t\t\t\t\t<span class=\"elementor-button-text\">Return<\/span>\n\t\t\t\t\t<\/span>\n\t\t\t\t\t<\/a>\n\t\t\t\t<\/div>\n\t\t\t\t\t\t<\/div>\n\t\t\t\t<\/div>\n\t\t\t\t\t<\/div>\n\t\t<\/div>\n\t\t\t\t<div class=\"elementor-column elementor-col-33 elementor-top-column elementor-element elementor-element-7caca219\" data-id=\"7caca219\" data-element_type=\"column\">\n\t\t\t<div class=\"elementor-widget-wrap elementor-element-populated\">\n\t\t\t\t\t\t<div class=\"elementor-element elementor-element-6bb8d77b elementor-widget elementor-widget-text-editor\" data-id=\"6bb8d77b\" data-element_type=\"widget\" data-widget_type=\"text-editor.default\">\n\t\t\t\t<div class=\"elementor-widget-container\">\n\t\t\t\t\t\t\t<p>\u00a9 CARDAS True Art, COSMA Gallery<br><\/p>\t\t\t\t\t\t<\/div>\n\t\t\t\t<\/div>\n\t\t\t\t\t<\/div>\n\t\t<\/div>\n\t\t\t\t<div class=\"elementor-column elementor-col-33 elementor-top-column elementor-element elementor-element-7b973e75\" data-id=\"7b973e75\" data-element_type=\"column\">\n\t\t\t<div class=\"elementor-widget-wrap elementor-element-populated\">\n\t\t\t\t\t\t<div class=\"elementor-element elementor-element-4c743f39 elementor-widget elementor-widget-image\" data-id=\"4c743f39\" data-element_type=\"widget\" data-widget_type=\"image.default\">\n\t\t\t\t<div class=\"elementor-widget-container\">\n\t\t\t\t\t\t\t\t\t\t\t\t\t\t<a href=\"https:\/\/cardastrueart.com\/en\/\">\n\t\t\t\t\t\t\t<img decoding=\"async\" width=\"300\" height=\"288\" src=\"https:\/\/cardastrueart.com\/wp-content\/uploads\/2020\/06\/ncp-300x288.png\" class=\"attachment-medium size-medium wp-image-5143\" alt=\"\" srcset=\"https:\/\/cardastrueart.com\/wp-content\/uploads\/2020\/06\/ncp-300x288.png 300w, https:\/\/cardastrueart.com\/wp-content\/uploads\/2020\/06\/ncp-1024x982.png 1024w, https:\/\/cardastrueart.com\/wp-content\/uploads\/2020\/06\/ncp-768x737.png 768w, https:\/\/cardastrueart.com\/wp-content\/uploads\/2020\/06\/ncp-13x12.png 13w, https:\/\/cardastrueart.com\/wp-content\/uploads\/2020\/06\/ncp.png 1277w\" sizes=\"(max-width: 300px) 100vw, 300px\" \/>\t\t\t\t\t\t\t\t<\/a>\n\t\t\t\t\t\t\t\t\t\t\t\t\t<\/div>\n\t\t\t\t<\/div>\n\t\t\t\t\t<\/div>\n\t\t<\/div>\n\t\t\t\t\t<\/div>\n\t\t<\/section>\n\t\t\t\t<\/div>","protected":false},"excerpt":{"rendered":"<p>P\u00f3\u0142mrok w Gda\u0144sku Ju\u017c 12 kwietnia o godzinie 19:00 &#8222;P\u00f3\u0142mrok&#8221; zawita\u0142 w go\u015bcinne progi Galerii COSMA w Gda\u0144sku. Go\u015bcie mog\u0105 obej\u017ce\u0107 rysunki o\u0142\u00f3wkiem i obrazy olejne z gromadzonej w Bydgoszczy obszernej kolekcji prac Damiana Leszczy\u0144skiego. Wystawa potrwa do 08 maja. Rozmowa z kuratorem wystawy na antenie Radio Kultura &#8211; podkast dost\u0119pny na &#8211; https:\/\/radiokultura.pl\/ Wi\u0119cej [&hellip;]<\/p>","protected":false},"author":5,"featured_media":0,"parent":4076,"menu_order":0,"comment_status":"closed","ping_status":"closed","template":"elementor_canvas","meta":{"footnotes":""},"class_list":["post-5510","page","type-page","status-publish","hentry"],"_links":{"self":[{"href":"https:\/\/cardastrueart.com\/en\/wp-json\/wp\/v2\/pages\/5510","targetHints":{"allow":["GET"]}}],"collection":[{"href":"https:\/\/cardastrueart.com\/en\/wp-json\/wp\/v2\/pages"}],"about":[{"href":"https:\/\/cardastrueart.com\/en\/wp-json\/wp\/v2\/types\/page"}],"author":[{"embeddable":true,"href":"https:\/\/cardastrueart.com\/en\/wp-json\/wp\/v2\/users\/5"}],"replies":[{"embeddable":true,"href":"https:\/\/cardastrueart.com\/en\/wp-json\/wp\/v2\/comments?post=5510"}],"version-history":[{"count":43,"href":"https:\/\/cardastrueart.com\/en\/wp-json\/wp\/v2\/pages\/5510\/revisions"}],"predecessor-version":[{"id":6128,"href":"https:\/\/cardastrueart.com\/en\/wp-json\/wp\/v2\/pages\/5510\/revisions\/6128"}],"up":[{"embeddable":true,"href":"https:\/\/cardastrueart.com\/en\/wp-json\/wp\/v2\/pages\/4076"}],"wp:attachment":[{"href":"https:\/\/cardastrueart.com\/en\/wp-json\/wp\/v2\/media?parent=5510"}],"curies":[{"name":"wp","href":"https:\/\/api.w.org\/{rel}","templated":true}]}}