{"id":5973,"date":"2024-11-18T11:23:06","date_gmt":"2024-11-18T10:23:06","guid":{"rendered":"https:\/\/cardastrueart.com\/?page_id=5973"},"modified":"2024-12-02T13:09:51","modified_gmt":"2024-12-02T12:09:51","slug":"goscie","status":"publish","type":"page","link":"https:\/\/cardastrueart.com\/en\/news\/goscie\/","title":{"rendered":"Go\u015bcie"},"content":{"rendered":"<div data-elementor-type=\"wp-page\" data-elementor-id=\"5973\" class=\"elementor elementor-5973\" data-elementor-post-type=\"page\">\n\t\t\t\t\t\t<section class=\"elementor-section elementor-top-section elementor-element elementor-element-20162798 elementor-section-boxed elementor-section-height-default elementor-section-height-default\" data-id=\"20162798\" data-element_type=\"section\">\n\t\t\t\t\t\t<div class=\"elementor-container elementor-column-gap-default\">\n\t\t\t\t\t<div class=\"elementor-column elementor-col-100 elementor-top-column elementor-element elementor-element-64feacc8\" data-id=\"64feacc8\" data-element_type=\"column\">\n\t\t\t<div class=\"elementor-widget-wrap elementor-element-populated\">\n\t\t\t\t\t\t<div class=\"elementor-element elementor-element-3c8631a7 elementor-widget elementor-widget-text-editor\" data-id=\"3c8631a7\" data-element_type=\"widget\" data-widget_type=\"text-editor.default\">\n\t\t\t\t<div class=\"elementor-widget-container\">\n\t\t\t\t\t\t\t<h1>GO\u015aCIE<\/h1><pre>Exhibition of paintings and drawings by Damian Leszczy\u0144ski\n<\/pre><div class=\"xdj266r x11i5rnm xat24cr x1mh8g0r x1vvkbs x126k92a\"><div dir=\"auto\">We invite you to the opening of the GUESTS exhibition, which will begin on October 2 at 6:00 PM at the Boles\u0142aw Biegas Museum in Warsaw.<\/div><\/div><div class=\"x11i5rnm xat24cr x1mh8g0r x1vvkbs xtlvy1s x126k92a\"><div dir=\"auto\">The curator of the exhibition is Bogus\u0142aw Deptu\u0142a.<\/div><\/div><div class=\"x11i5rnm xat24cr x1mh8g0r x1vvkbs xtlvy1s x126k92a\"><div dir=\"auto\">Cooperation: Gauger Art Gallery<\/div><div dir=\"auto\">Media patronage: <span style=\"color: #000080;\"><span class=\"html-span xdj266r x11i5rnm xat24cr x1mh8g0r xexx8yu x4uap5 x18d9i69 xkhd6sd x1hl2dhg x16tdsg8 x1vvkbs\"><a class=\"x1i10hfl xjbqb8w x1ejq31n xd10rxx x1sy0etr x17r0tee x972fbf xcfux6l x1qhh985 xm0m39n x9f619 x1ypdohk xt0psk2 xe8uvvx xdj266r x11i5rnm xat24cr x1mh8g0r xexx8yu x4uap5 x18d9i69 xkhd6sd x16tdsg8 x1hl2dhg xggy1nq x1a2a7pz x1sur9pj xkrqix3 x1fey0fg x1s688f\" style=\"color: #000080;\" tabindex=\"0\" role=\"link\" href=\"https:\/\/www.facebook.com\/niezlasztuka.net?__cft__[0]=AZVcNrzBfTTDXOZjmmm_aJmely7Rt7N2y0Z6D969aHmN9WQvSIdWUX-dqymcByihjTFj044BMUUEW1BBA_mesWdcyzkCZSPb-hpHdu8UkkuVti0IUI6WvDnVbO5qC2vkw4uHA3xYwn2Ye3EvyZJlnyty_H3A1Uz-VoHi-7OM4hh6kQyS_z7Zh3BZt0_Kc2gqogU&amp;__tn__=-]K-R\"><span class=\"xt0psk2\">Niez\u0142a Sztuka<\/span><\/a><\/span> <span class=\"html-span xdj266r x11i5rnm xat24cr x1mh8g0r xexx8yu x4uap5 x18d9i69 xkhd6sd x1hl2dhg x16tdsg8 x1vvkbs\"><a class=\"x1i10hfl xjbqb8w x1ejq31n xd10rxx x1sy0etr x17r0tee x972fbf xcfux6l x1qhh985 xm0m39n x9f619 x1ypdohk xt0psk2 xe8uvvx xdj266r x11i5rnm xat24cr x1mh8g0r xexx8yu x4uap5 x18d9i69 xkhd6sd x16tdsg8 x1hl2dhg xggy1nq x1a2a7pz x1sur9pj xkrqix3 x1fey0fg x1s688f\" style=\"color: #000080;\" tabindex=\"0\" role=\"link\" href=\"https:\/\/www.facebook.com\/artinfopl?__cft__[0]=AZVcNrzBfTTDXOZjmmm_aJmely7Rt7N2y0Z6D969aHmN9WQvSIdWUX-dqymcByihjTFj044BMUUEW1BBA_mesWdcyzkCZSPb-hpHdu8UkkuVti0IUI6WvDnVbO5qC2vkw4uHA3xYwn2Ye3EvyZJlnyty_H3A1Uz-VoHi-7OM4hh6kQyS_z7Zh3BZt0_Kc2gqogU&amp;__tn__=-]K-R\"><span class=\"xt0psk2\">Artinfo.pl<\/span><\/a><\/span><\/span><\/div><\/div><div dir=\"auto\"><div class=\"xdj266r x11i5rnm xat24cr x1mh8g0r x1vvkbs x126k92a\"><div dir=\"auto\">We also invite you to a virtual tour of Damian Leszczy\u0144ski's exhibition Go\u015bcie in <span class=\"html-span xdj266r x11i5rnm xat24cr x1mh8g0r xexx8yu x4uap5 x18d9i69 xkhd6sd x1hl2dhg x16tdsg8 x1vvkbs\" style=\"color: #000080;\"><a class=\"x1i10hfl xjbqb8w x1ejq31n xd10rxx x1sy0etr x17r0tee x972fbf xcfux6l x1qhh985 xm0m39n x9f619 x1ypdohk xt0psk2 xe8uvvx xdj266r x11i5rnm xat24cr x1mh8g0r xexx8yu x4uap5 x18d9i69 xkhd6sd x16tdsg8 x1hl2dhg xggy1nq x1a2a7pz x1sur9pj xkrqix3 x1fey0fg x1s688f\" style=\"color: #000080;\" tabindex=\"0\" role=\"link\" href=\"https:\/\/www.facebook.com\/Biegas.ArtGallery?__cft__[0]=AZU5xTbNB605kujYhTpjQy4tW3YOSWpDWoiA5GyNXu6k5TKfh9kANDlNTrsB08pl0t_dvKSm155ExMG4CdmhOEyuw2iop9lhZSDfdMkVBGOYkNKb06wMwEOn8-FYxpHFtw51SJfkfXXHMuzCT_K03PMQm8iZK5NH5ATf_UaDGTpNSpV00OvpJ4Q-DRH01QSexW4&amp;__tn__=-]K-R\"><span class=\"xt0psk2\">Biegas Art Gallery<\/span><\/a><\/span> in Warsaw<\/div><\/div><div class=\"x11i5rnm xat24cr x1mh8g0r x1vvkbs xtlvy1s x126k92a\">\u00a0<\/div><div class=\"x11i5rnm xat24cr x1mh8g0r x1vvkbs xtlvy1s x126k92a\"><div dir=\"auto\">\u00a0<\/div><\/div><div class=\"x11i5rnm xat24cr x1mh8g0r x1vvkbs xtlvy1s x126k92a\"><div dir=\"auto\"><span class=\"html-span xdj266r x11i5rnm xat24cr x1mh8g0r xexx8yu x4uap5 x18d9i69 xkhd6sd x1hl2dhg x16tdsg8 x1vvkbs\" style=\"color: #000080;\"><a class=\"x1i10hfl xjbqb8w x1ejq31n xd10rxx x1sy0etr x17r0tee x972fbf xcfux6l x1qhh985 xm0m39n x9f619 x1ypdohk xt0psk2 xe8uvvx xdj266r x11i5rnm xat24cr x1mh8g0r xexx8yu x4uap5 x18d9i69 xkhd6sd x16tdsg8 x1hl2dhg xggy1nq x1a2a7pz x1sur9pj xkrqix3 x1fey0fg x1s688f\" style=\"color: #000080;\" tabindex=\"0\" role=\"link\" href=\"https:\/\/www.spatial.io\/s\/Biegas-RCB-VR-Gallery-63e68e2f735b667d39f175d3?share=4637124132302634365&amp;fbclid=IwZXh0bgNhZW0CMTAAAR215TnzbUJ8FeEG1IDq2o8bC_RD7KNZfgI9kPs209Y7shEHMQlaT7vjccU_aem_dt0hieRHkWG7Pt2MbHkd2g\" target=\"_blank\" rel=\"nofollow noopener noreferrer\">&lt; Virtual tour of the exhibition Go\u015bcie<\/a><\/span><\/div><\/div><\/div>\t\t\t\t\t\t<\/div>\n\t\t\t\t<\/div>\n\t\t\t\t<div class=\"elementor-element elementor-element-4a63c656 elementor-widget elementor-widget-gallery\" data-id=\"4a63c656\" data-element_type=\"widget\" data-settings=\"{&quot;lazyload&quot;:&quot;yes&quot;,&quot;gallery_layout&quot;:&quot;grid&quot;,&quot;columns&quot;:4,&quot;columns_tablet&quot;:2,&quot;columns_mobile&quot;:1,&quot;gap&quot;:{&quot;unit&quot;:&quot;px&quot;,&quot;size&quot;:10,&quot;sizes&quot;:[]},&quot;gap_tablet&quot;:{&quot;unit&quot;:&quot;px&quot;,&quot;size&quot;:10,&quot;sizes&quot;:[]},&quot;gap_mobile&quot;:{&quot;unit&quot;:&quot;px&quot;,&quot;size&quot;:10,&quot;sizes&quot;:[]},&quot;link_to&quot;:&quot;file&quot;,&quot;aspect_ratio&quot;:&quot;3:2&quot;,&quot;content_hover_animation&quot;:&quot;fade-in&quot;}\" data-widget_type=\"gallery.default\">\n\t\t\t\t<div class=\"elementor-widget-container\">\n\t\t\t\t\t<div class=\"elementor-gallery__container\">\n\t\t\t\t\t\t\t<a class=\"e-gallery-item elementor-gallery-item elementor-animated-content\" href=\"https:\/\/cardastrueart.com\/wp-content\/uploads\/2024\/11\/461442882_18251517967248344_3853458415638117445_n.jpg\" data-elementor-open-lightbox=\"yes\" data-elementor-lightbox-slideshow=\"4a63c656\" data-e-action-hash=\"#elementor-action%3Aaction%3Dlightbox%26settings%3DeyJpZCI6NTk3NywidXJsIjoiaHR0cHM6XC9cL2NhcmRhc3RydWVhcnQuY29tXC93cC1jb250ZW50XC91cGxvYWRzXC8yMDI0XC8xMVwvNDYxNDQyODgyXzE4MjUxNTE3OTY3MjQ4MzQ0XzM4NTM0NTg0MTU2MzgxMTc0NDVfbi5qcGciLCJzbGlkZXNob3ciOiI0YTYzYzY1NiJ9\">\n\t\t\t\t\t<div class=\"e-gallery-image elementor-gallery-item__image\" data-thumbnail=\"https:\/\/cardastrueart.com\/wp-content\/uploads\/2024\/11\/461442882_18251517967248344_3853458415638117445_n-768x576.jpg\" data-width=\"768\" data-height=\"576\" aria-label=\"\" role=\"img\" ><\/div>\n\t\t\t\t\t\t\t\t\t\t\t\t\t\t<\/a>\n\t\t\t\t\t\t\t<a class=\"e-gallery-item elementor-gallery-item elementor-animated-content\" href=\"https:\/\/cardastrueart.com\/wp-content\/uploads\/2024\/11\/461948346_18251518021248344_3950550002088661973_n.jpg\" data-elementor-open-lightbox=\"yes\" data-elementor-lightbox-slideshow=\"4a63c656\" data-e-action-hash=\"#elementor-action%3Aaction%3Dlightbox%26settings%3DeyJpZCI6NTk4MSwidXJsIjoiaHR0cHM6XC9cL2NhcmRhc3RydWVhcnQuY29tXC93cC1jb250ZW50XC91cGxvYWRzXC8yMDI0XC8xMVwvNDYxOTQ4MzQ2XzE4MjUxNTE4MDIxMjQ4MzQ0XzM5NTA1NTAwMDIwODg2NjE5NzNfbi5qcGciLCJzbGlkZXNob3ciOiI0YTYzYzY1NiJ9\">\n\t\t\t\t\t<div class=\"e-gallery-image elementor-gallery-item__image\" data-thumbnail=\"https:\/\/cardastrueart.com\/wp-content\/uploads\/2024\/11\/461948346_18251518021248344_3950550002088661973_n-768x576.jpg\" data-width=\"768\" data-height=\"576\" aria-label=\"\" role=\"img\" ><\/div>\n\t\t\t\t\t\t\t\t\t\t\t\t\t\t<\/a>\n\t\t\t\t\t\t\t<a class=\"e-gallery-item elementor-gallery-item elementor-animated-content\" href=\"https:\/\/cardastrueart.com\/wp-content\/uploads\/2024\/11\/461400296_18251518048248344_7226721965275024111_n.jpg\" data-elementor-open-lightbox=\"yes\" data-elementor-lightbox-slideshow=\"4a63c656\" data-e-action-hash=\"#elementor-action%3Aaction%3Dlightbox%26settings%3DeyJpZCI6NTk3NCwidXJsIjoiaHR0cHM6XC9cL2NhcmRhc3RydWVhcnQuY29tXC93cC1jb250ZW50XC91cGxvYWRzXC8yMDI0XC8xMVwvNDYxNDAwMjk2XzE4MjUxNTE4MDQ4MjQ4MzQ0XzcyMjY3MjE5NjUyNzUwMjQxMTFfbi5qcGciLCJzbGlkZXNob3ciOiI0YTYzYzY1NiJ9\">\n\t\t\t\t\t<div class=\"e-gallery-image elementor-gallery-item__image\" data-thumbnail=\"https:\/\/cardastrueart.com\/wp-content\/uploads\/2024\/11\/461400296_18251518048248344_7226721965275024111_n-768x576.jpg\" data-width=\"768\" data-height=\"576\" aria-label=\"\" role=\"img\" ><\/div>\n\t\t\t\t\t\t\t\t\t\t\t\t\t\t<\/a>\n\t\t\t\t\t\t\t<a class=\"e-gallery-item elementor-gallery-item elementor-animated-content\" href=\"https:\/\/cardastrueart.com\/wp-content\/uploads\/2024\/11\/461410147_18251517994248344_6700874395480323725_n.jpg\" data-elementor-open-lightbox=\"yes\" data-elementor-lightbox-slideshow=\"4a63c656\" data-e-action-hash=\"#elementor-action%3Aaction%3Dlightbox%26settings%3DeyJpZCI6NTk3NSwidXJsIjoiaHR0cHM6XC9cL2NhcmRhc3RydWVhcnQuY29tXC93cC1jb250ZW50XC91cGxvYWRzXC8yMDI0XC8xMVwvNDYxNDEwMTQ3XzE4MjUxNTE3OTk0MjQ4MzQ0XzY3MDA4NzQzOTU0ODAzMjM3MjVfbi5qcGciLCJzbGlkZXNob3ciOiI0YTYzYzY1NiJ9\">\n\t\t\t\t\t<div class=\"e-gallery-image elementor-gallery-item__image\" data-thumbnail=\"https:\/\/cardastrueart.com\/wp-content\/uploads\/2024\/11\/461410147_18251517994248344_6700874395480323725_n-768x576.jpg\" data-width=\"768\" data-height=\"576\" aria-label=\"\" role=\"img\" ><\/div>\n\t\t\t\t\t\t\t\t\t\t\t\t\t\t<\/a>\n\t\t\t\t\t\t\t<a class=\"e-gallery-item elementor-gallery-item elementor-animated-content\" href=\"https:\/\/cardastrueart.com\/wp-content\/uploads\/2024\/11\/461418394_18251517985248344_1060795251342208911_n.jpg\" data-elementor-open-lightbox=\"yes\" data-elementor-lightbox-slideshow=\"4a63c656\" data-e-action-hash=\"#elementor-action%3Aaction%3Dlightbox%26settings%3DeyJpZCI6NTk3NiwidXJsIjoiaHR0cHM6XC9cL2NhcmRhc3RydWVhcnQuY29tXC93cC1jb250ZW50XC91cGxvYWRzXC8yMDI0XC8xMVwvNDYxNDE4Mzk0XzE4MjUxNTE3OTg1MjQ4MzQ0XzEwNjA3OTUyNTEzNDIyMDg5MTFfbi5qcGciLCJzbGlkZXNob3ciOiI0YTYzYzY1NiJ9\">\n\t\t\t\t\t<div class=\"e-gallery-image elementor-gallery-item__image\" data-thumbnail=\"https:\/\/cardastrueart.com\/wp-content\/uploads\/2024\/11\/461418394_18251517985248344_1060795251342208911_n-768x576.jpg\" data-width=\"768\" data-height=\"576\" aria-label=\"\" role=\"img\" ><\/div>\n\t\t\t\t\t\t\t\t\t\t\t\t\t\t<\/a>\n\t\t\t\t\t\t\t<a class=\"e-gallery-item elementor-gallery-item elementor-animated-content\" href=\"https:\/\/cardastrueart.com\/wp-content\/uploads\/2024\/11\/461607406_18251518039248344_253613182124126825_n.jpg\" data-elementor-open-lightbox=\"yes\" data-elementor-lightbox-slideshow=\"4a63c656\" data-e-action-hash=\"#elementor-action%3Aaction%3Dlightbox%26settings%3DeyJpZCI6NTk3OCwidXJsIjoiaHR0cHM6XC9cL2NhcmRhc3RydWVhcnQuY29tXC93cC1jb250ZW50XC91cGxvYWRzXC8yMDI0XC8xMVwvNDYxNjA3NDA2XzE4MjUxNTE4MDM5MjQ4MzQ0XzI1MzYxMzE4MjEyNDEyNjgyNV9uLmpwZyIsInNsaWRlc2hvdyI6IjRhNjNjNjU2In0%3D\">\n\t\t\t\t\t<div class=\"e-gallery-image elementor-gallery-item__image\" data-thumbnail=\"https:\/\/cardastrueart.com\/wp-content\/uploads\/2024\/11\/461607406_18251518039248344_253613182124126825_n-768x576.jpg\" data-width=\"768\" data-height=\"576\" aria-label=\"\" role=\"img\" ><\/div>\n\t\t\t\t\t\t\t\t\t\t\t\t\t\t<\/a>\n\t\t\t\t\t\t\t<a class=\"e-gallery-item elementor-gallery-item elementor-animated-content\" href=\"https:\/\/cardastrueart.com\/wp-content\/uploads\/2024\/11\/461990335_18251518030248344_3480568783498233777_n.jpg\" data-elementor-open-lightbox=\"yes\" data-elementor-lightbox-slideshow=\"4a63c656\" data-e-action-hash=\"#elementor-action%3Aaction%3Dlightbox%26settings%3DeyJpZCI6NTk3OSwidXJsIjoiaHR0cHM6XC9cL2NhcmRhc3RydWVhcnQuY29tXC93cC1jb250ZW50XC91cGxvYWRzXC8yMDI0XC8xMVwvNDYxOTkwMzM1XzE4MjUxNTE4MDMwMjQ4MzQ0XzM0ODA1Njg3ODM0OTgyMzM3Nzdfbi5qcGciLCJzbGlkZXNob3ciOiI0YTYzYzY1NiJ9\">\n\t\t\t\t\t<div class=\"e-gallery-image elementor-gallery-item__image\" data-thumbnail=\"https:\/\/cardastrueart.com\/wp-content\/uploads\/2024\/11\/461990335_18251518030248344_3480568783498233777_n-768x576.jpg\" data-width=\"768\" data-height=\"576\" aria-label=\"\" role=\"img\" ><\/div>\n\t\t\t\t\t\t\t\t\t\t\t\t\t\t<\/a>\n\t\t\t\t\t\t\t<a class=\"e-gallery-item elementor-gallery-item elementor-animated-content\" href=\"https:\/\/cardastrueart.com\/wp-content\/uploads\/2024\/11\/461607406_18251517976248344_2437811351606333161_n.jpg\" data-elementor-open-lightbox=\"yes\" data-elementor-lightbox-slideshow=\"4a63c656\" data-e-action-hash=\"#elementor-action%3Aaction%3Dlightbox%26settings%3DeyJpZCI6NTk4MCwidXJsIjoiaHR0cHM6XC9cL2NhcmRhc3RydWVhcnQuY29tXC93cC1jb250ZW50XC91cGxvYWRzXC8yMDI0XC8xMVwvNDYxNjA3NDA2XzE4MjUxNTE3OTc2MjQ4MzQ0XzI0Mzc4MTEzNTE2MDYzMzMxNjFfbi5qcGciLCJzbGlkZXNob3ciOiI0YTYzYzY1NiJ9\">\n\t\t\t\t\t<div class=\"e-gallery-image elementor-gallery-item__image\" data-thumbnail=\"https:\/\/cardastrueart.com\/wp-content\/uploads\/2024\/11\/461607406_18251517976248344_2437811351606333161_n-768x576.jpg\" data-width=\"768\" data-height=\"576\" aria-label=\"\" role=\"img\" ><\/div>\n\t\t\t\t\t\t\t\t\t\t\t\t\t\t<\/a>\n\t\t\t\t\t<\/div>\n\t\t\t<\/div>\n\t\t\t\t<\/div>\n\t\t\t\t\t<\/div>\n\t\t<\/div>\n\t\t\t\t\t<\/div>\n\t\t<\/section>\n\t\t\t\t<section class=\"elementor-section elementor-top-section elementor-element elementor-element-36244700 elementor-section-boxed elementor-section-height-default elementor-section-height-default\" data-id=\"36244700\" data-element_type=\"section\">\n\t\t\t\t\t\t<div class=\"elementor-container elementor-column-gap-default\">\n\t\t\t\t\t<div class=\"elementor-column elementor-col-33 elementor-top-column elementor-element elementor-element-5de35252\" data-id=\"5de35252\" data-element_type=\"column\">\n\t\t\t<div class=\"elementor-widget-wrap elementor-element-populated\">\n\t\t\t\t\t\t<div class=\"elementor-element elementor-element-67494be5 elementor-align-center elementor-widget elementor-widget-button\" data-id=\"67494be5\" data-element_type=\"widget\" data-widget_type=\"button.default\">\n\t\t\t\t<div class=\"elementor-widget-container\">\n\t\t\t\t\t\t\t<div class=\"elementor-button-wrapper\">\n\t\t\t\t\t<a class=\"elementor-button elementor-button-link elementor-size-xs\" href=\"https:\/\/cardastrueart.com\/en\/aktualnosci\/\">\n\t\t\t\t\t\t<span class=\"elementor-button-content-wrapper\">\n\t\t\t\t\t\t\t\t\t<span class=\"elementor-button-text\">Return<\/span>\n\t\t\t\t\t<\/span>\n\t\t\t\t\t<\/a>\n\t\t\t\t<\/div>\n\t\t\t\t\t\t<\/div>\n\t\t\t\t<\/div>\n\t\t\t\t\t<\/div>\n\t\t<\/div>\n\t\t\t\t<div class=\"elementor-column elementor-col-33 elementor-top-column elementor-element elementor-element-6b148c78\" data-id=\"6b148c78\" data-element_type=\"column\">\n\t\t\t<div class=\"elementor-widget-wrap elementor-element-populated\">\n\t\t\t\t\t\t<div class=\"elementor-element elementor-element-291ee7b3 elementor-widget elementor-widget-text-editor\" data-id=\"291ee7b3\" data-element_type=\"widget\" data-widget_type=\"text-editor.default\">\n\t\t\t\t<div class=\"elementor-widget-container\">\n\t\t\t\t\t\t\t<p>\u00a9 CARDAS True Art, BIEGAS Art Gallery<\/p>\t\t\t\t\t\t<\/div>\n\t\t\t\t<\/div>\n\t\t\t\t\t<\/div>\n\t\t<\/div>\n\t\t\t\t<div class=\"elementor-column elementor-col-33 elementor-top-column elementor-element elementor-element-1fb0821f\" data-id=\"1fb0821f\" data-element_type=\"column\">\n\t\t\t<div class=\"elementor-widget-wrap elementor-element-populated\">\n\t\t\t\t\t\t<div class=\"elementor-element elementor-element-521830fc elementor-widget elementor-widget-image\" data-id=\"521830fc\" data-element_type=\"widget\" data-widget_type=\"image.default\">\n\t\t\t\t<div class=\"elementor-widget-container\">\n\t\t\t\t\t\t\t\t\t\t\t\t\t\t<a href=\"https:\/\/cardastrueart.com\/en\/\">\n\t\t\t\t\t\t\t<img decoding=\"async\" width=\"300\" height=\"156\" src=\"https:\/\/cardastrueart.com\/wp-content\/uploads\/2024\/10\/CARDAS-logo-white-300x156.png\" class=\"attachment-medium size-medium wp-image-5852\" alt=\"\" srcset=\"https:\/\/cardastrueart.com\/wp-content\/uploads\/2024\/10\/CARDAS-logo-white-300x156.png 300w, https:\/\/cardastrueart.com\/wp-content\/uploads\/2024\/10\/CARDAS-logo-white-18x9.png 18w, https:\/\/cardastrueart.com\/wp-content\/uploads\/2024\/10\/CARDAS-logo-white.png 611w\" sizes=\"(max-width: 300px) 100vw, 300px\" \/>\t\t\t\t\t\t\t\t<\/a>\n\t\t\t\t\t\t\t\t\t\t\t\t\t<\/div>\n\t\t\t\t<\/div>\n\t\t\t\t\t<\/div>\n\t\t<\/div>\n\t\t\t\t\t<\/div>\n\t\t<\/section>\n\t\t\t\t<\/div>","protected":false},"excerpt":{"rendered":"<p>GO\u015aCIE Wystawa malarstwa i rysunku Damiana Leszczy\u0144skiego Zapraszamy na wernisa\u017c wystawy GO\u015aCIE, kt\u00f3ry rozpocznie si\u0119 2 pa\u017adziernika o godz. 18.00 w Muzeum im. Boles\u0142awa Biegasa w Warszawie.Kuratorem wystawy jest Bogus\u0142aw Deptu\u0142a.Wsp\u00f3\u0142praca: Gauger Art GalleryPatronat medialny: Niez\u0142a Sztuka Artinfo.plZapraszamy r\u00f3wnie\u017c na wirtualny spacer po wystawie Damiana Leszczy\u0144skiego GO\u015aCIE w Biegas Art Gallery w Warszawie.\u00a0\u00a0&lt; Wirtualny spacer [&hellip;]<\/p>","protected":false},"author":5,"featured_media":0,"parent":4076,"menu_order":0,"comment_status":"closed","ping_status":"closed","template":"elementor_canvas","meta":{"footnotes":""},"class_list":["post-5973","page","type-page","status-publish","hentry"],"_links":{"self":[{"href":"https:\/\/cardastrueart.com\/en\/wp-json\/wp\/v2\/pages\/5973","targetHints":{"allow":["GET"]}}],"collection":[{"href":"https:\/\/cardastrueart.com\/en\/wp-json\/wp\/v2\/pages"}],"about":[{"href":"https:\/\/cardastrueart.com\/en\/wp-json\/wp\/v2\/types\/page"}],"author":[{"embeddable":true,"href":"https:\/\/cardastrueart.com\/en\/wp-json\/wp\/v2\/users\/5"}],"replies":[{"embeddable":true,"href":"https:\/\/cardastrueart.com\/en\/wp-json\/wp\/v2\/comments?post=5973"}],"version-history":[{"count":17,"href":"https:\/\/cardastrueart.com\/en\/wp-json\/wp\/v2\/pages\/5973\/revisions"}],"predecessor-version":[{"id":6177,"href":"https:\/\/cardastrueart.com\/en\/wp-json\/wp\/v2\/pages\/5973\/revisions\/6177"}],"up":[{"embeddable":true,"href":"https:\/\/cardastrueart.com\/en\/wp-json\/wp\/v2\/pages\/4076"}],"wp:attachment":[{"href":"https:\/\/cardastrueart.com\/en\/wp-json\/wp\/v2\/media?parent=5973"}],"curies":[{"name":"wp","href":"https:\/\/api.w.org\/{rel}","templated":true}]}}