{"id":6069,"date":"2024-11-22T13:41:35","date_gmt":"2024-11-22T12:41:35","guid":{"rendered":"https:\/\/cardastrueart.com\/?page_id=6069"},"modified":"2024-12-02T12:59:58","modified_gmt":"2024-12-02T11:59:58","slug":"tarot-oficyna-tyszkiewicz","status":"publish","type":"page","link":"https:\/\/cardastrueart.com\/en\/tarot-oficyna-tyszkiewicz\/","title":{"rendered":"Tarot &#8211; Oficyna Tyszkiewicz"},"content":{"rendered":"<div data-elementor-type=\"wp-page\" data-elementor-id=\"6069\" class=\"elementor elementor-6069\" data-elementor-post-type=\"page\">\n\t\t\t\t\t\t<section class=\"elementor-section elementor-top-section elementor-element elementor-element-5bf89df0 elementor-section-boxed elementor-section-height-default elementor-section-height-default\" data-id=\"5bf89df0\" data-element_type=\"section\">\n\t\t\t\t\t\t<div class=\"elementor-container elementor-column-gap-default\">\n\t\t\t\t\t<div class=\"elementor-column elementor-col-100 elementor-top-column elementor-element elementor-element-4e054b1f\" data-id=\"4e054b1f\" data-element_type=\"column\">\n\t\t\t<div class=\"elementor-widget-wrap elementor-element-populated\">\n\t\t\t\t\t\t<div class=\"elementor-element elementor-element-3009d9ca elementor-widget__width-initial elementor-widget elementor-widget-text-editor\" data-id=\"3009d9ca\" data-element_type=\"widget\" data-widget_type=\"text-editor.default\">\n\t\t\t\t<div class=\"elementor-widget-container\">\n\t\t\t\t\t\t\t<h2><span style=\"font-size: 1em; color: var( --e-global-color-553517f );\">TAROT<\/span><\/h2><h2><span style=\"font-size: 1em; color: var( --e-global-color-553517f );\">Damian Leszczy\u0144ski<\/span><\/h2><p>w Oficynie Graficznej Tyszkiewicz we Wroc\u0142awiu<\/p><h1>\u00a0<\/h1><div>15 listopada odby\u0142 si\u0119 wernisa\u017c wystawy \u201eTAROT\u201d autorstwa prof. Damiana Leszczy\u0144skiego, kt\u00f3ry mia\u0142 miejsce w Oficynie Graficznej Tyszkiewicz. Wystawa powsta\u0142a we wsp\u00f3\u0142pracy z @cardas.true.art z Bydgoszczy.<\/div><p>Zapraszamy do zwiedzania, wst\u0119p wolny.<\/p><p>\u00a0<\/p><p>Poni\u017cej odno\u015bniki do strony Oficyny graficznej Tyszkiewicz na Facebook:<\/p><p><span style=\"text-decoration: underline;\"><span style=\"color: #0000ff;\"><a style=\"color: #0000ff; text-decoration: underline;\" href=\"https:\/\/www.facebook.com\/permalink.php?story_fbid=pfbid0rWbfTFkBGAPskSAgQzUMjkVbaExuw3SUNm6sm8pVJ4sAsgu5mw9QEVfKCsWThm7Cl&amp;id=61559498369604\">Przygotowania do wystawy<\/a><\/span><\/span><\/p><p><span style=\"text-decoration: underline;\"><span style=\"color: #0000ff;\"><a style=\"color: #0000ff; text-decoration: underline;\" href=\"https:\/\/www.facebook.com\/permalink.php?story_fbid=pfbid0Rh6khtapRQPcDj5KA9RH1CFVt5FiyABuNeEBuwdLAcj4TvMgWJZLUWQmYJtg115Rl&amp;id=61559498369604\" target=\"_blank\" rel=\"noopener\">Wernisa\u017c wystawy<\/a><\/span><\/span><\/p>\t\t\t\t\t\t<\/div>\n\t\t\t\t<\/div>\n\t\t\t\t<div class=\"elementor-element elementor-element-684f7d54 elementor-widget elementor-widget-gallery\" data-id=\"684f7d54\" data-element_type=\"widget\" data-settings=\"{&quot;lazyload&quot;:&quot;yes&quot;,&quot;gallery_layout&quot;:&quot;grid&quot;,&quot;columns&quot;:4,&quot;columns_tablet&quot;:2,&quot;columns_mobile&quot;:1,&quot;gap&quot;:{&quot;unit&quot;:&quot;px&quot;,&quot;size&quot;:10,&quot;sizes&quot;:[]},&quot;gap_tablet&quot;:{&quot;unit&quot;:&quot;px&quot;,&quot;size&quot;:10,&quot;sizes&quot;:[]},&quot;gap_mobile&quot;:{&quot;unit&quot;:&quot;px&quot;,&quot;size&quot;:10,&quot;sizes&quot;:[]},&quot;link_to&quot;:&quot;file&quot;,&quot;aspect_ratio&quot;:&quot;3:2&quot;,&quot;content_hover_animation&quot;:&quot;fade-in&quot;}\" data-widget_type=\"gallery.default\">\n\t\t\t\t<div class=\"elementor-widget-container\">\n\t\t\t\t\t<div class=\"elementor-gallery__container\">\n\t\t\t\t\t\t\t<a class=\"e-gallery-item elementor-gallery-item elementor-animated-content\" href=\"https:\/\/cardastrueart.com\/wp-content\/uploads\/2024\/11\/IMG-20241120-WA0020.jpg\" data-elementor-open-lightbox=\"yes\" data-elementor-lightbox-slideshow=\"684f7d54\" data-e-action-hash=\"#elementor-action%3Aaction%3Dlightbox%26settings%3DeyJpZCI6NjA3OCwidXJsIjoiaHR0cHM6XC9cL2NhcmRhc3RydWVhcnQuY29tXC93cC1jb250ZW50XC91cGxvYWRzXC8yMDI0XC8xMVwvSU1HLTIwMjQxMTIwLVdBMDAyMC5qcGciLCJzbGlkZXNob3ciOiI2ODRmN2Q1NCJ9\">\n\t\t\t\t\t<div class=\"e-gallery-image elementor-gallery-item__image\" data-thumbnail=\"https:\/\/cardastrueart.com\/wp-content\/uploads\/2024\/11\/IMG-20241120-WA0020-768x539.jpg\" data-width=\"768\" data-height=\"539\" aria-label=\"\" role=\"img\" ><\/div>\n\t\t\t\t\t\t\t\t\t\t\t\t\t\t<\/a>\n\t\t\t\t\t\t\t<a class=\"e-gallery-item elementor-gallery-item elementor-animated-content\" href=\"https:\/\/cardastrueart.com\/wp-content\/uploads\/2024\/11\/IMG-20241120-WA0014.jpg\" data-elementor-open-lightbox=\"yes\" data-elementor-lightbox-slideshow=\"684f7d54\" data-e-action-hash=\"#elementor-action%3Aaction%3Dlightbox%26settings%3DeyJpZCI6NjA3MiwidXJsIjoiaHR0cHM6XC9cL2NhcmRhc3RydWVhcnQuY29tXC93cC1jb250ZW50XC91cGxvYWRzXC8yMDI0XC8xMVwvSU1HLTIwMjQxMTIwLVdBMDAxNC5qcGciLCJzbGlkZXNob3ciOiI2ODRmN2Q1NCJ9\">\n\t\t\t\t\t<div class=\"e-gallery-image elementor-gallery-item__image\" data-thumbnail=\"https:\/\/cardastrueart.com\/wp-content\/uploads\/2024\/11\/IMG-20241120-WA0014-768x489.jpg\" data-width=\"768\" data-height=\"489\" aria-label=\"\" role=\"img\" ><\/div>\n\t\t\t\t\t\t\t\t\t\t\t\t\t\t<\/a>\n\t\t\t\t\t\t\t<a class=\"e-gallery-item elementor-gallery-item elementor-animated-content\" href=\"https:\/\/cardastrueart.com\/wp-content\/uploads\/2024\/11\/IMG-20241120-WA0010.jpg\" data-elementor-open-lightbox=\"yes\" data-elementor-lightbox-slideshow=\"684f7d54\" data-e-action-hash=\"#elementor-action%3Aaction%3Dlightbox%26settings%3DeyJpZCI6NjA3MCwidXJsIjoiaHR0cHM6XC9cL2NhcmRhc3RydWVhcnQuY29tXC93cC1jb250ZW50XC91cGxvYWRzXC8yMDI0XC8xMVwvSU1HLTIwMjQxMTIwLVdBMDAxMC5qcGciLCJzbGlkZXNob3ciOiI2ODRmN2Q1NCJ9\">\n\t\t\t\t\t<div class=\"e-gallery-image elementor-gallery-item__image\" data-thumbnail=\"https:\/\/cardastrueart.com\/wp-content\/uploads\/2024\/11\/IMG-20241120-WA0010-768x1024.jpg\" data-width=\"768\" data-height=\"1024\" aria-label=\"\" role=\"img\" ><\/div>\n\t\t\t\t\t\t\t\t\t\t\t\t\t\t<\/a>\n\t\t\t\t\t\t\t<a class=\"e-gallery-item elementor-gallery-item elementor-animated-content\" href=\"https:\/\/cardastrueart.com\/wp-content\/uploads\/2024\/11\/IMG-20241120-WA0012.jpg\" data-elementor-open-lightbox=\"yes\" data-elementor-lightbox-slideshow=\"684f7d54\" data-e-action-hash=\"#elementor-action%3Aaction%3Dlightbox%26settings%3DeyJpZCI6NjA3MSwidXJsIjoiaHR0cHM6XC9cL2NhcmRhc3RydWVhcnQuY29tXC93cC1jb250ZW50XC91cGxvYWRzXC8yMDI0XC8xMVwvSU1HLTIwMjQxMTIwLVdBMDAxMi5qcGciLCJzbGlkZXNob3ciOiI2ODRmN2Q1NCJ9\">\n\t\t\t\t\t<div class=\"e-gallery-image elementor-gallery-item__image\" data-thumbnail=\"https:\/\/cardastrueart.com\/wp-content\/uploads\/2024\/11\/IMG-20241120-WA0012-768x1024.jpg\" data-width=\"768\" data-height=\"1024\" aria-label=\"\" role=\"img\" ><\/div>\n\t\t\t\t\t\t\t\t\t\t\t\t\t\t<\/a>\n\t\t\t\t\t\t\t<a class=\"e-gallery-item elementor-gallery-item elementor-animated-content\" href=\"https:\/\/cardastrueart.com\/wp-content\/uploads\/2024\/11\/IMG-20241120-WA0015.jpg\" data-elementor-open-lightbox=\"yes\" data-elementor-lightbox-slideshow=\"684f7d54\" data-e-action-hash=\"#elementor-action%3Aaction%3Dlightbox%26settings%3DeyJpZCI6NjA3MywidXJsIjoiaHR0cHM6XC9cL2NhcmRhc3RydWVhcnQuY29tXC93cC1jb250ZW50XC91cGxvYWRzXC8yMDI0XC8xMVwvSU1HLTIwMjQxMTIwLVdBMDAxNS5qcGciLCJzbGlkZXNob3ciOiI2ODRmN2Q1NCJ9\">\n\t\t\t\t\t<div class=\"e-gallery-image elementor-gallery-item__image\" data-thumbnail=\"https:\/\/cardastrueart.com\/wp-content\/uploads\/2024\/11\/IMG-20241120-WA0015-768x933.jpg\" data-width=\"768\" data-height=\"933\" aria-label=\"\" role=\"img\" ><\/div>\n\t\t\t\t\t\t\t\t\t\t\t\t\t\t<\/a>\n\t\t\t\t\t\t\t<a class=\"e-gallery-item elementor-gallery-item elementor-animated-content\" href=\"https:\/\/cardastrueart.com\/wp-content\/uploads\/2024\/11\/IMG-20241120-WA0016.jpg\" data-elementor-open-lightbox=\"yes\" data-elementor-lightbox-slideshow=\"684f7d54\" data-e-action-hash=\"#elementor-action%3Aaction%3Dlightbox%26settings%3DeyJpZCI6NjA3NCwidXJsIjoiaHR0cHM6XC9cL2NhcmRhc3RydWVhcnQuY29tXC93cC1jb250ZW50XC91cGxvYWRzXC8yMDI0XC8xMVwvSU1HLTIwMjQxMTIwLVdBMDAxNi5qcGciLCJzbGlkZXNob3ciOiI2ODRmN2Q1NCJ9\">\n\t\t\t\t\t<div class=\"e-gallery-image elementor-gallery-item__image\" data-thumbnail=\"https:\/\/cardastrueart.com\/wp-content\/uploads\/2024\/11\/IMG-20241120-WA0016-768x791.jpg\" data-width=\"768\" data-height=\"791\" aria-label=\"\" role=\"img\" ><\/div>\n\t\t\t\t\t\t\t\t\t\t\t\t\t\t<\/a>\n\t\t\t\t\t\t\t<a class=\"e-gallery-item elementor-gallery-item elementor-animated-content\" href=\"https:\/\/cardastrueart.com\/wp-content\/uploads\/2024\/11\/IMG-20241120-WA0017.jpg\" data-elementor-open-lightbox=\"yes\" data-elementor-lightbox-slideshow=\"684f7d54\" data-e-action-hash=\"#elementor-action%3Aaction%3Dlightbox%26settings%3DeyJpZCI6NjA3NSwidXJsIjoiaHR0cHM6XC9cL2NhcmRhc3RydWVhcnQuY29tXC93cC1jb250ZW50XC91cGxvYWRzXC8yMDI0XC8xMVwvSU1HLTIwMjQxMTIwLVdBMDAxNy5qcGciLCJzbGlkZXNob3ciOiI2ODRmN2Q1NCJ9\">\n\t\t\t\t\t<div class=\"e-gallery-image elementor-gallery-item__image\" data-thumbnail=\"https:\/\/cardastrueart.com\/wp-content\/uploads\/2024\/11\/IMG-20241120-WA0017-768x828.jpg\" data-width=\"768\" data-height=\"828\" aria-label=\"\" role=\"img\" ><\/div>\n\t\t\t\t\t\t\t\t\t\t\t\t\t\t<\/a>\n\t\t\t\t\t\t\t<a class=\"e-gallery-item elementor-gallery-item elementor-animated-content\" href=\"https:\/\/cardastrueart.com\/wp-content\/uploads\/2024\/11\/IMG-20241120-WA0018.jpg\" data-elementor-open-lightbox=\"yes\" data-elementor-lightbox-slideshow=\"684f7d54\" data-e-action-hash=\"#elementor-action%3Aaction%3Dlightbox%26settings%3DeyJpZCI6NjA3NiwidXJsIjoiaHR0cHM6XC9cL2NhcmRhc3RydWVhcnQuY29tXC93cC1jb250ZW50XC91cGxvYWRzXC8yMDI0XC8xMVwvSU1HLTIwMjQxMTIwLVdBMDAxOC5qcGciLCJzbGlkZXNob3ciOiI2ODRmN2Q1NCJ9\">\n\t\t\t\t\t<div class=\"e-gallery-image elementor-gallery-item__image\" data-thumbnail=\"https:\/\/cardastrueart.com\/wp-content\/uploads\/2024\/11\/IMG-20241120-WA0018-768x689.jpg\" data-width=\"768\" data-height=\"689\" aria-label=\"\" role=\"img\" ><\/div>\n\t\t\t\t\t\t\t\t\t\t\t\t\t\t<\/a>\n\t\t\t\t\t\t\t<a class=\"e-gallery-item elementor-gallery-item elementor-animated-content\" href=\"https:\/\/cardastrueart.com\/wp-content\/uploads\/2024\/11\/IMG-20241120-WA0019.jpg\" data-elementor-open-lightbox=\"yes\" data-elementor-lightbox-slideshow=\"684f7d54\" data-e-action-hash=\"#elementor-action%3Aaction%3Dlightbox%26settings%3DeyJpZCI6NjA3NywidXJsIjoiaHR0cHM6XC9cL2NhcmRhc3RydWVhcnQuY29tXC93cC1jb250ZW50XC91cGxvYWRzXC8yMDI0XC8xMVwvSU1HLTIwMjQxMTIwLVdBMDAxOS5qcGciLCJzbGlkZXNob3ciOiI2ODRmN2Q1NCJ9\">\n\t\t\t\t\t<div class=\"e-gallery-image elementor-gallery-item__image\" data-thumbnail=\"https:\/\/cardastrueart.com\/wp-content\/uploads\/2024\/11\/IMG-20241120-WA0019-768x507.jpg\" data-width=\"768\" data-height=\"507\" aria-label=\"\" role=\"img\" ><\/div>\n\t\t\t\t\t\t\t\t\t\t\t\t\t\t<\/a>\n\t\t\t\t\t<\/div>\n\t\t\t<\/div>\n\t\t\t\t<\/div>\n\t\t\t\t\t<\/div>\n\t\t<\/div>\n\t\t\t\t\t<\/div>\n\t\t<\/section>\n\t\t\t\t<section class=\"elementor-section elementor-top-section elementor-element elementor-element-295cfc13 elementor-section-boxed elementor-section-height-default elementor-section-height-default\" data-id=\"295cfc13\" data-element_type=\"section\">\n\t\t\t\t\t\t<div class=\"elementor-container elementor-column-gap-default\">\n\t\t\t\t\t<div class=\"elementor-column elementor-col-33 elementor-top-column elementor-element elementor-element-55781f9f\" data-id=\"55781f9f\" data-element_type=\"column\">\n\t\t\t<div class=\"elementor-widget-wrap elementor-element-populated\">\n\t\t\t\t\t\t<div class=\"elementor-element elementor-element-31d4b811 elementor-align-center elementor-widget elementor-widget-button\" data-id=\"31d4b811\" data-element_type=\"widget\" data-widget_type=\"button.default\">\n\t\t\t\t<div class=\"elementor-widget-container\">\n\t\t\t\t\t\t\t<div class=\"elementor-button-wrapper\">\n\t\t\t\t\t<a class=\"elementor-button elementor-button-link elementor-size-xs\" href=\"https:\/\/cardastrueart.com\/en\/aktualnosci\/\">\n\t\t\t\t\t\t<span class=\"elementor-button-content-wrapper\">\n\t\t\t\t\t\t\t\t\t<span class=\"elementor-button-text\">Return<\/span>\n\t\t\t\t\t<\/span>\n\t\t\t\t\t<\/a>\n\t\t\t\t<\/div>\n\t\t\t\t\t\t<\/div>\n\t\t\t\t<\/div>\n\t\t\t\t\t<\/div>\n\t\t<\/div>\n\t\t\t\t<div class=\"elementor-column elementor-col-33 elementor-top-column elementor-element elementor-element-9d6b7c7\" data-id=\"9d6b7c7\" data-element_type=\"column\">\n\t\t\t<div class=\"elementor-widget-wrap elementor-element-populated\">\n\t\t\t\t\t\t<div class=\"elementor-element elementor-element-1587dd2d elementor-widget elementor-widget-text-editor\" data-id=\"1587dd2d\" data-element_type=\"widget\" data-widget_type=\"text-editor.default\">\n\t\t\t\t<div class=\"elementor-widget-container\">\n\t\t\t\t\t\t\t<p>\u00a9 CARDAS True Art<br><\/p>\t\t\t\t\t\t<\/div>\n\t\t\t\t<\/div>\n\t\t\t\t\t<\/div>\n\t\t<\/div>\n\t\t\t\t<div class=\"elementor-column elementor-col-33 elementor-top-column elementor-element elementor-element-8dc13f7\" data-id=\"8dc13f7\" data-element_type=\"column\">\n\t\t\t<div class=\"elementor-widget-wrap elementor-element-populated\">\n\t\t\t\t\t\t<div class=\"elementor-element elementor-element-5da9e948 elementor-widget elementor-widget-image\" data-id=\"5da9e948\" data-element_type=\"widget\" data-widget_type=\"image.default\">\n\t\t\t\t<div class=\"elementor-widget-container\">\n\t\t\t\t\t\t\t\t\t\t\t\t\t\t<a href=\"https:\/\/cardastrueart.com\/en\/\">\n\t\t\t\t\t\t\t<img decoding=\"async\" width=\"300\" height=\"156\" src=\"https:\/\/cardastrueart.com\/wp-content\/uploads\/2024\/10\/CARDAS-logo-white-300x156.png\" class=\"attachment-medium size-medium wp-image-5852\" alt=\"\" srcset=\"https:\/\/cardastrueart.com\/wp-content\/uploads\/2024\/10\/CARDAS-logo-white-300x156.png 300w, https:\/\/cardastrueart.com\/wp-content\/uploads\/2024\/10\/CARDAS-logo-white-18x9.png 18w, https:\/\/cardastrueart.com\/wp-content\/uploads\/2024\/10\/CARDAS-logo-white.png 611w\" sizes=\"(max-width: 300px) 100vw, 300px\" \/>\t\t\t\t\t\t\t\t<\/a>\n\t\t\t\t\t\t\t\t\t\t\t\t\t<\/div>\n\t\t\t\t<\/div>\n\t\t\t\t\t<\/div>\n\t\t<\/div>\n\t\t\t\t\t<\/div>\n\t\t<\/section>\n\t\t\t\t<\/div>","protected":false},"excerpt":{"rendered":"<p>TAROT Damian Leszczy\u0144ski w Oficynie Graficznej Tyszkiewicz we Wroc\u0142awiu \u00a0 15 listopada odby\u0142 si\u0119 wernisa\u017c wystawy \u201eTAROT\u201d autorstwa prof. Damiana Leszczy\u0144skiego, kt\u00f3ry mia\u0142 miejsce w Oficynie Graficznej Tyszkiewicz. Wystawa powsta\u0142a we wsp\u00f3\u0142pracy z @cardas.true.art z Bydgoszczy. Zapraszamy do zwiedzania, wst\u0119p wolny. \u00a0 Poni\u017cej odno\u015bniki do strony Oficyny graficznej Tyszkiewicz na Facebook: Przygotowania do wystawy Wernisa\u017c [&hellip;]<\/p>","protected":false},"author":5,"featured_media":0,"parent":0,"menu_order":0,"comment_status":"closed","ping_status":"closed","template":"elementor_canvas","meta":{"footnotes":""},"class_list":["post-6069","page","type-page","status-publish","hentry"],"_links":{"self":[{"href":"https:\/\/cardastrueart.com\/en\/wp-json\/wp\/v2\/pages\/6069","targetHints":{"allow":["GET"]}}],"collection":[{"href":"https:\/\/cardastrueart.com\/en\/wp-json\/wp\/v2\/pages"}],"about":[{"href":"https:\/\/cardastrueart.com\/en\/wp-json\/wp\/v2\/types\/page"}],"author":[{"embeddable":true,"href":"https:\/\/cardastrueart.com\/en\/wp-json\/wp\/v2\/users\/5"}],"replies":[{"embeddable":true,"href":"https:\/\/cardastrueart.com\/en\/wp-json\/wp\/v2\/comments?post=6069"}],"version-history":[{"count":6,"href":"https:\/\/cardastrueart.com\/en\/wp-json\/wp\/v2\/pages\/6069\/revisions"}],"predecessor-version":[{"id":6104,"href":"https:\/\/cardastrueart.com\/en\/wp-json\/wp\/v2\/pages\/6069\/revisions\/6104"}],"wp:attachment":[{"href":"https:\/\/cardastrueart.com\/en\/wp-json\/wp\/v2\/media?parent=6069"}],"curies":[{"name":"wp","href":"https:\/\/api.w.org\/{rel}","templated":true}]}}