{"id":6176,"date":"2025-09-16T14:33:07","date_gmt":"2025-09-16T12:33:07","guid":{"rendered":"https:\/\/cardastrueart.com\/?page_id=6176"},"modified":"2025-09-16T14:43:20","modified_gmt":"2025-09-16T12:43:20","slug":"fundacja-zw","status":"publish","type":"page","link":"https:\/\/cardastrueart.com\/en\/news\/fundacja-zw\/","title":{"rendered":"Fundacja ZW"},"content":{"rendered":"<div data-elementor-type=\"wp-page\" data-elementor-id=\"6176\" class=\"elementor elementor-6176\" data-elementor-post-type=\"page\">\n\t\t\t\t\t\t<section class=\"elementor-section elementor-top-section elementor-element elementor-element-18417f61 elementor-section-boxed elementor-section-height-default elementor-section-height-default\" data-id=\"18417f61\" data-element_type=\"section\">\n\t\t\t\t\t\t<div class=\"elementor-container elementor-column-gap-default\">\n\t\t\t\t\t<div class=\"elementor-column elementor-col-100 elementor-top-column elementor-element elementor-element-47bf6148\" data-id=\"47bf6148\" data-element_type=\"column\">\n\t\t\t<div class=\"elementor-widget-wrap elementor-element-populated\">\n\t\t\t\t\t\t<div class=\"elementor-element elementor-element-3b1ec53c elementor-widget elementor-widget-heading\" data-id=\"3b1ec53c\" data-element_type=\"widget\" data-widget_type=\"heading.default\">\n\t\t\t\t<div class=\"elementor-widget-container\">\n\t\t\t<h2 class=\"elementor-heading-title elementor-size-default\">Etnografia<br>Wsp\u00f3\u0142praca z Fundacj\u0105 ZW<\/h2>\t\t<\/div>\n\t\t\t\t<\/div>\n\t\t\t\t<div class=\"elementor-element elementor-element-723e8b07 elementor-widget elementor-widget-text-editor\" data-id=\"723e8b07\" data-element_type=\"widget\" data-widget_type=\"text-editor.default\">\n\t\t\t\t<div class=\"elementor-widget-container\">\n\t\t\t\t\t\t\t<p dir=\"ltr\" style=\"color: #242424; font-family: 'Segoe UI', 'Segoe UI Web (West European)', -apple-system, BlinkMacSystemFont, Roboto, 'Helvetica Neue', sans-serif; font-size: 15px; line-height: 1.38; margin-top: 0pt; margin-bottom: 0pt;\"><span style=\"border: 0px; font-style: inherit; font-variant-ligatures: inherit; font-variant-caps: inherit; font-variant-numeric: normal; font-variant-east-asian: normal; font-variant-alternates: normal; font-variant-position: inherit; font-variant-emoji: inherit; font-weight: inherit; font-stretch: inherit; font-size: 11pt; line-height: inherit; font-family: 'Open Sans', sans-serif; font-optical-sizing: inherit; font-size-adjust: inherit; font-kerning: inherit; font-feature-settings: inherit; font-variation-settings: inherit; margin: 0px; padding: 0px; vertical-align: baseline; color: #000000 !important; background-color: transparent !important;\" data-olk-copy-source=\"MessageBody\">W naszej pracowni zajmujemy si\u0119 nie tylko dzie\u0142ami sztuki, ale te\u017c przedmiotami codziennego u\u017cytku, kt\u00f3re stanowi\u0105 r\u00f3wnie wa\u017cn\u0105 cz\u0119\u015b\u0107 dziedzictwa kulturowego.<\/span><\/p><p dir=\"ltr\" style=\"color: #242424; font-family: 'Segoe UI', 'Segoe UI Web (West European)', -apple-system, BlinkMacSystemFont, Roboto, 'Helvetica Neue', sans-serif; font-size: 15px; line-height: 1.38; margin-top: 0pt; margin-bottom: 0pt;\"><span style=\"border: 0px; font-style: inherit; font-variant-ligatures: inherit; font-variant-caps: inherit; font-variant-numeric: normal; font-variant-east-asian: normal; font-variant-alternates: normal; font-variant-position: inherit; font-variant-emoji: inherit; font-weight: inherit; font-stretch: inherit; font-size: 11pt; line-height: inherit; font-family: 'Open Sans', sans-serif; font-optical-sizing: inherit; font-size-adjust: inherit; font-kerning: inherit; font-feature-settings: inherit; font-variation-settings: inherit; margin: 0px; padding: 0px; vertical-align: baseline; color: #000000 !important; background-color: transparent !important;\" data-olk-copy-source=\"MessageBody\">\u00a0<\/span><\/p><p dir=\"ltr\" style=\"color: #242424; font-family: 'Segoe UI', 'Segoe UI Web (West European)', -apple-system, BlinkMacSystemFont, Roboto, 'Helvetica Neue', sans-serif; font-size: 15px; line-height: 1.38; margin-top: 0pt; margin-bottom: 0pt;\"><span style=\"border: 0px; font-style: inherit; font-variant-ligatures: inherit; font-variant-caps: inherit; font-variant-numeric: normal; font-variant-east-asian: normal; font-variant-alternates: normal; font-variant-position: inherit; font-variant-emoji: inherit; font-weight: inherit; font-stretch: inherit; font-size: 11pt; line-height: inherit; font-family: 'Open Sans', sans-serif; font-optical-sizing: inherit; font-size-adjust: inherit; font-kerning: inherit; font-feature-settings: inherit; font-variation-settings: inherit; margin: 0px; padding: 0px; vertical-align: baseline; color: #000000 !important; background-color: transparent !important;\">Z szacunkiem odnosimy si\u0119 do przedmiot\u00f3w, kt\u00f3re kiedy\u015b stanowi\u0142y codzienne wyposa\u017cenie wiejskich gospodarstw, a dzi\u015b cz\u0119sto s\u0105 zapomniane, zniszczone i nikogo nie interesuj\u0105. Otoczyli\u015bmy opiek\u0105 konserwatorsk\u0105 zesp\u00f3\u0142 zabytkowych przedmiot\u00f3w pochodz\u0105cych z teren\u00f3w wiejskich, a dok\u0142adniej z zagrody z okolic Stalowej Woli. W\u0142a\u015bcicielem kolekcji jest Fundacja ZW z Torunia, kt\u00f3ra z ogromnym zaanga\u017cowaniem zadba\u0142a o to, aby ca\u0142e wyposa\u017cenie zosta\u0142o uratowane. Skrzynie posa\u017cne, narz\u0119dzia metalowe, drewniane cebry, maselnice.<\/span><\/p>\t\t\t\t\t\t<\/div>\n\t\t\t\t<\/div>\n\t\t\t\t<div class=\"elementor-element elementor-element-2e7c01c0 elementor-widget elementor-widget-gallery\" data-id=\"2e7c01c0\" data-element_type=\"widget\" data-settings=\"{&quot;gallery_layout&quot;:&quot;masonry&quot;,&quot;lazyload&quot;:&quot;yes&quot;,&quot;columns&quot;:4,&quot;columns_tablet&quot;:2,&quot;columns_mobile&quot;:1,&quot;gap&quot;:{&quot;unit&quot;:&quot;px&quot;,&quot;size&quot;:10,&quot;sizes&quot;:[]},&quot;gap_tablet&quot;:{&quot;unit&quot;:&quot;px&quot;,&quot;size&quot;:10,&quot;sizes&quot;:[]},&quot;gap_mobile&quot;:{&quot;unit&quot;:&quot;px&quot;,&quot;size&quot;:10,&quot;sizes&quot;:[]},&quot;link_to&quot;:&quot;file&quot;,&quot;content_hover_animation&quot;:&quot;fade-in&quot;}\" data-widget_type=\"gallery.default\">\n\t\t\t\t<div class=\"elementor-widget-container\">\n\t\t\t\t\t<div class=\"elementor-gallery__container\">\n\t\t\t\t\t\t\t<a class=\"e-gallery-item elementor-gallery-item elementor-animated-content\" href=\"https:\/\/cardastrueart.com\/wp-content\/uploads\/2025\/09\/20250820_082602-scaled.jpg\" data-elementor-open-lightbox=\"yes\" data-elementor-lightbox-slideshow=\"2e7c01c0\" data-e-action-hash=\"#elementor-action%3Aaction%3Dlightbox%26settings%3DeyJpZCI6NjE4MSwidXJsIjoiaHR0cHM6XC9cL2NhcmRhc3RydWVhcnQuY29tXC93cC1jb250ZW50XC91cGxvYWRzXC8yMDI1XC8wOVwvMjAyNTA4MjBfMDgyNjAyLXNjYWxlZC5qcGciLCJzbGlkZXNob3ciOiIyZTdjMDFjMCJ9\">\n\t\t\t\t\t<div class=\"e-gallery-image elementor-gallery-item__image\" data-thumbnail=\"https:\/\/cardastrueart.com\/wp-content\/uploads\/2025\/09\/20250820_082602-768x1024.jpg\" data-width=\"768\" data-height=\"1024\" aria-label=\"\" role=\"img\" ><\/div>\n\t\t\t\t\t\t\t\t\t\t\t\t\t\t<\/a>\n\t\t\t\t\t\t\t<a class=\"e-gallery-item elementor-gallery-item elementor-animated-content\" href=\"https:\/\/cardastrueart.com\/wp-content\/uploads\/2025\/09\/20250709_074241-scaled.jpg\" data-elementor-open-lightbox=\"yes\" data-elementor-lightbox-slideshow=\"2e7c01c0\" data-e-action-hash=\"#elementor-action%3Aaction%3Dlightbox%26settings%3DeyJpZCI6NjE4MiwidXJsIjoiaHR0cHM6XC9cL2NhcmRhc3RydWVhcnQuY29tXC93cC1jb250ZW50XC91cGxvYWRzXC8yMDI1XC8wOVwvMjAyNTA3MDlfMDc0MjQxLXNjYWxlZC5qcGciLCJzbGlkZXNob3ciOiIyZTdjMDFjMCJ9\">\n\t\t\t\t\t<div class=\"e-gallery-image elementor-gallery-item__image\" data-thumbnail=\"https:\/\/cardastrueart.com\/wp-content\/uploads\/2025\/09\/20250709_074241-768x576.jpg\" data-width=\"768\" data-height=\"576\" aria-label=\"\" role=\"img\" ><\/div>\n\t\t\t\t\t\t\t\t\t\t\t\t\t\t<\/a>\n\t\t\t\t\t\t\t<a class=\"e-gallery-item elementor-gallery-item elementor-animated-content\" href=\"https:\/\/cardastrueart.com\/wp-content\/uploads\/2025\/09\/20250708_101340-scaled.jpg\" data-elementor-open-lightbox=\"yes\" data-elementor-lightbox-slideshow=\"2e7c01c0\" data-e-action-hash=\"#elementor-action%3Aaction%3Dlightbox%26settings%3DeyJpZCI6NjE4MywidXJsIjoiaHR0cHM6XC9cL2NhcmRhc3RydWVhcnQuY29tXC93cC1jb250ZW50XC91cGxvYWRzXC8yMDI1XC8wOVwvMjAyNTA3MDhfMTAxMzQwLXNjYWxlZC5qcGciLCJzbGlkZXNob3ciOiIyZTdjMDFjMCJ9\">\n\t\t\t\t\t<div class=\"e-gallery-image elementor-gallery-item__image\" data-thumbnail=\"https:\/\/cardastrueart.com\/wp-content\/uploads\/2025\/09\/20250708_101340-768x662.jpg\" data-width=\"768\" data-height=\"662\" aria-label=\"\" role=\"img\" ><\/div>\n\t\t\t\t\t\t\t\t\t\t\t\t\t\t<\/a>\n\t\t\t\t\t\t\t<a class=\"e-gallery-item elementor-gallery-item elementor-animated-content\" href=\"https:\/\/cardastrueart.com\/wp-content\/uploads\/2025\/09\/20250530_084500-scaled.jpg\" data-elementor-open-lightbox=\"yes\" data-elementor-lightbox-slideshow=\"2e7c01c0\" data-e-action-hash=\"#elementor-action%3Aaction%3Dlightbox%26settings%3DeyJpZCI6NjE4NSwidXJsIjoiaHR0cHM6XC9cL2NhcmRhc3RydWVhcnQuY29tXC93cC1jb250ZW50XC91cGxvYWRzXC8yMDI1XC8wOVwvMjAyNTA1MzBfMDg0NTAwLXNjYWxlZC5qcGciLCJzbGlkZXNob3ciOiIyZTdjMDFjMCJ9\">\n\t\t\t\t\t<div class=\"e-gallery-image elementor-gallery-item__image\" data-thumbnail=\"https:\/\/cardastrueart.com\/wp-content\/uploads\/2025\/09\/20250530_084500-768x1024.jpg\" data-width=\"768\" data-height=\"1024\" aria-label=\"\" role=\"img\" ><\/div>\n\t\t\t\t\t\t\t\t\t\t\t\t\t\t<\/a>\n\t\t\t\t\t\t\t<a class=\"e-gallery-item elementor-gallery-item elementor-animated-content\" href=\"https:\/\/cardastrueart.com\/wp-content\/uploads\/2025\/09\/20250820_094149-1-scaled.jpg\" data-elementor-open-lightbox=\"yes\" data-elementor-lightbox-slideshow=\"2e7c01c0\" data-e-action-hash=\"#elementor-action%3Aaction%3Dlightbox%26settings%3DeyJpZCI6NjE4NiwidXJsIjoiaHR0cHM6XC9cL2NhcmRhc3RydWVhcnQuY29tXC93cC1jb250ZW50XC91cGxvYWRzXC8yMDI1XC8wOVwvMjAyNTA4MjBfMDk0MTQ5LTEtc2NhbGVkLmpwZyIsInNsaWRlc2hvdyI6IjJlN2MwMWMwIn0%3D\">\n\t\t\t\t\t<div class=\"e-gallery-image elementor-gallery-item__image\" data-thumbnail=\"https:\/\/cardastrueart.com\/wp-content\/uploads\/2025\/09\/20250820_094149-1-768x576.jpg\" data-width=\"768\" data-height=\"576\" aria-label=\"\" role=\"img\" ><\/div>\n\t\t\t\t\t\t\t\t\t\t\t\t\t\t<\/a>\n\t\t\t\t\t\t\t<a class=\"e-gallery-item elementor-gallery-item elementor-animated-content\" href=\"https:\/\/cardastrueart.com\/wp-content\/uploads\/2025\/09\/20250820_094135-1-scaled.jpg\" data-elementor-open-lightbox=\"yes\" data-elementor-lightbox-slideshow=\"2e7c01c0\" data-e-action-hash=\"#elementor-action%3Aaction%3Dlightbox%26settings%3DeyJpZCI6NjE4NywidXJsIjoiaHR0cHM6XC9cL2NhcmRhc3RydWVhcnQuY29tXC93cC1jb250ZW50XC91cGxvYWRzXC8yMDI1XC8wOVwvMjAyNTA4MjBfMDk0MTM1LTEtc2NhbGVkLmpwZyIsInNsaWRlc2hvdyI6IjJlN2MwMWMwIn0%3D\">\n\t\t\t\t\t<div class=\"e-gallery-image elementor-gallery-item__image\" data-thumbnail=\"https:\/\/cardastrueart.com\/wp-content\/uploads\/2025\/09\/20250820_094135-1-768x576.jpg\" data-width=\"768\" data-height=\"576\" aria-label=\"\" role=\"img\" ><\/div>\n\t\t\t\t\t\t\t\t\t\t\t\t\t\t<\/a>\n\t\t\t\t\t\t\t<a class=\"e-gallery-item elementor-gallery-item elementor-animated-content\" href=\"https:\/\/cardastrueart.com\/wp-content\/uploads\/2025\/09\/20250704_120343-1-scaled.jpg\" data-elementor-open-lightbox=\"yes\" data-elementor-lightbox-slideshow=\"2e7c01c0\" data-e-action-hash=\"#elementor-action%3Aaction%3Dlightbox%26settings%3DeyJpZCI6NjE4OSwidXJsIjoiaHR0cHM6XC9cL2NhcmRhc3RydWVhcnQuY29tXC93cC1jb250ZW50XC91cGxvYWRzXC8yMDI1XC8wOVwvMjAyNTA3MDRfMTIwMzQzLTEtc2NhbGVkLmpwZyIsInNsaWRlc2hvdyI6IjJlN2MwMWMwIn0%3D\">\n\t\t\t\t\t<div class=\"e-gallery-image elementor-gallery-item__image\" data-thumbnail=\"https:\/\/cardastrueart.com\/wp-content\/uploads\/2025\/09\/20250704_120343-1-768x1024.jpg\" data-width=\"768\" data-height=\"1024\" aria-label=\"\" role=\"img\" ><\/div>\n\t\t\t\t\t\t\t\t\t\t\t\t\t\t<\/a>\n\t\t\t\t\t\t\t<a class=\"e-gallery-item elementor-gallery-item elementor-animated-content\" href=\"https:\/\/cardastrueart.com\/wp-content\/uploads\/2025\/09\/20250820_092130-1-scaled.jpg\" data-elementor-open-lightbox=\"yes\" data-elementor-lightbox-slideshow=\"2e7c01c0\" data-e-action-hash=\"#elementor-action%3Aaction%3Dlightbox%26settings%3DeyJpZCI6NjE4MCwidXJsIjoiaHR0cHM6XC9cL2NhcmRhc3RydWVhcnQuY29tXC93cC1jb250ZW50XC91cGxvYWRzXC8yMDI1XC8wOVwvMjAyNTA4MjBfMDkyMTMwLTEtc2NhbGVkLmpwZyIsInNsaWRlc2hvdyI6IjJlN2MwMWMwIn0%3D\">\n\t\t\t\t\t<div class=\"e-gallery-image elementor-gallery-item__image\" data-thumbnail=\"https:\/\/cardastrueart.com\/wp-content\/uploads\/2025\/09\/20250820_092130-1-scaled.jpg\" data-width=\"768\" data-height=\"1024\" aria-label=\"\" role=\"img\" ><\/div>\n\t\t\t\t\t\t\t\t\t\t\t\t\t\t<\/a>\n\t\t\t\t\t<\/div>\n\t\t\t<\/div>\n\t\t\t\t<\/div>\n\t\t\t\t<div class=\"elementor-element elementor-element-10c0e073 elementor-widget elementor-widget-text-editor\" data-id=\"10c0e073\" data-element_type=\"widget\" data-widget_type=\"text-editor.default\">\n\t\t\t\t<div class=\"elementor-widget-container\">\n\t\t\t\t\t\t\t<p><!--StartFragment--><span style=\"font-size: 11pt; font-family: 'Open Sans', sans-serif; color: #000000; background-color: transparent; font-variant-numeric: normal; font-variant-east-asian: normal; font-variant-alternates: normal; vertical-align: baseline;\" data-olk-copy-source=\"MessageBody\">Stan przedmiot\u00f3w by\u0142 katastrofalny: zarobaczone, zgni\u0142e, pokryte warstw\u0105 ple\u015bni, rozkawa\u0142kowane, a metalowe elementy zardzewia\u0142e. Jak si\u0119 okazuje, wszystko mo\u017cna naprawi\u0107. Zgodnie z wol\u0105 w\u0142a\u015bcicieli wszystkie przedmioty wr\u00f3c\u0105 na swoje miejsce jako wyposa\u017cenie zagrody i b\u0119d\u0105 dost\u0119pne dla zwiedzaj\u0105cych.\u00a0<\/span><!--EndFragment--><\/p>\t\t\t\t\t\t<\/div>\n\t\t\t\t<\/div>\n\t\t\t\t\t<\/div>\n\t\t<\/div>\n\t\t\t\t\t<\/div>\n\t\t<\/section>\n\t\t\t\t<section class=\"elementor-section elementor-top-section elementor-element elementor-element-46ee542e elementor-section-boxed elementor-section-height-default elementor-section-height-default\" data-id=\"46ee542e\" data-element_type=\"section\">\n\t\t\t\t\t\t<div class=\"elementor-container elementor-column-gap-default\">\n\t\t\t\t\t<div class=\"elementor-column elementor-col-33 elementor-top-column elementor-element elementor-element-5d1d3708\" data-id=\"5d1d3708\" data-element_type=\"column\">\n\t\t\t<div class=\"elementor-widget-wrap elementor-element-populated\">\n\t\t\t\t\t\t<div class=\"elementor-element elementor-element-607f9c72 elementor-align-center elementor-widget elementor-widget-button\" data-id=\"607f9c72\" data-element_type=\"widget\" data-widget_type=\"button.default\">\n\t\t\t\t<div class=\"elementor-widget-container\">\n\t\t\t\t\t\t\t<div class=\"elementor-button-wrapper\">\n\t\t\t\t\t<a class=\"elementor-button elementor-button-link elementor-size-xs\" href=\"https:\/\/cardastrueart.com\/en\/aktualnosci\/\">\n\t\t\t\t\t\t<span class=\"elementor-button-content-wrapper\">\n\t\t\t\t\t\t\t\t\t<span class=\"elementor-button-text\">Return<\/span>\n\t\t\t\t\t<\/span>\n\t\t\t\t\t<\/a>\n\t\t\t\t<\/div>\n\t\t\t\t\t\t<\/div>\n\t\t\t\t<\/div>\n\t\t\t\t\t<\/div>\n\t\t<\/div>\n\t\t\t\t<div class=\"elementor-column elementor-col-33 elementor-top-column elementor-element elementor-element-5a9204dd\" data-id=\"5a9204dd\" data-element_type=\"column\">\n\t\t\t<div class=\"elementor-widget-wrap elementor-element-populated\">\n\t\t\t\t\t\t<div class=\"elementor-element elementor-element-3bb69ee3 elementor-widget elementor-widget-text-editor\" data-id=\"3bb69ee3\" data-element_type=\"widget\" data-widget_type=\"text-editor.default\">\n\t\t\t\t<div class=\"elementor-widget-container\">\n\t\t\t\t\t\t\t<p>\u00a9 CARDAS True Art<br><\/p>\t\t\t\t\t\t<\/div>\n\t\t\t\t<\/div>\n\t\t\t\t\t<\/div>\n\t\t<\/div>\n\t\t\t\t<div class=\"elementor-column elementor-col-33 elementor-top-column elementor-element elementor-element-37c58daf\" data-id=\"37c58daf\" data-element_type=\"column\">\n\t\t\t<div class=\"elementor-widget-wrap elementor-element-populated\">\n\t\t\t\t\t\t<div class=\"elementor-element elementor-element-fc71457 elementor-widget elementor-widget-image\" data-id=\"fc71457\" data-element_type=\"widget\" data-widget_type=\"image.default\">\n\t\t\t\t<div class=\"elementor-widget-container\">\n\t\t\t\t\t\t\t\t\t\t\t\t\t\t<a href=\"https:\/\/cardastrueart.com\/en\/\">\n\t\t\t\t\t\t\t<img decoding=\"async\" width=\"300\" height=\"156\" src=\"https:\/\/cardastrueart.com\/wp-content\/uploads\/2024\/10\/CARDAS-logo-white-300x156.png\" class=\"attachment-medium size-medium wp-image-5852\" alt=\"\" srcset=\"https:\/\/cardastrueart.com\/wp-content\/uploads\/2024\/10\/CARDAS-logo-white-300x156.png 300w, https:\/\/cardastrueart.com\/wp-content\/uploads\/2024\/10\/CARDAS-logo-white-18x9.png 18w, https:\/\/cardastrueart.com\/wp-content\/uploads\/2024\/10\/CARDAS-logo-white.png 611w\" sizes=\"(max-width: 300px) 100vw, 300px\" \/>\t\t\t\t\t\t\t\t<\/a>\n\t\t\t\t\t\t\t\t\t\t\t\t\t<\/div>\n\t\t\t\t<\/div>\n\t\t\t\t\t<\/div>\n\t\t<\/div>\n\t\t\t\t\t<\/div>\n\t\t<\/section>\n\t\t\t\t<\/div>","protected":false},"excerpt":{"rendered":"<p>Etnografia Wsp\u00f3\u0142praca z Fundacj\u0105 ZW W naszej pracowni zajmujemy si\u0119 nie tylko dzie\u0142ami sztuki, ale te\u017c przedmiotami codziennego u\u017cytku, kt\u00f3re stanowi\u0105 r\u00f3wnie wa\u017cn\u0105 cz\u0119\u015b\u0107 dziedzictwa kulturowego. Z szacunkiem odnosimy si\u0119 do przedmiot\u00f3w, kt\u00f3re kiedy\u015b stanowi\u0142y codzienne wyposa\u017cenie wiejskich gospodarstw, a dzi\u015b cz\u0119sto s\u0105 zapomniane, zniszczone i nikogo nie interesuj\u0105. Otoczyli\u015bmy opiek\u0105 konserwatorsk\u0105 zesp\u00f3\u0142 zabytkowych przedmiot\u00f3w [&hellip;]<\/p>","protected":false},"author":5,"featured_media":0,"parent":4076,"menu_order":0,"comment_status":"closed","ping_status":"closed","template":"elementor_canvas","meta":{"footnotes":""},"class_list":["post-6176","page","type-page","status-publish","hentry"],"_links":{"self":[{"href":"https:\/\/cardastrueart.com\/en\/wp-json\/wp\/v2\/pages\/6176","targetHints":{"allow":["GET"]}}],"collection":[{"href":"https:\/\/cardastrueart.com\/en\/wp-json\/wp\/v2\/pages"}],"about":[{"href":"https:\/\/cardastrueart.com\/en\/wp-json\/wp\/v2\/types\/page"}],"author":[{"embeddable":true,"href":"https:\/\/cardastrueart.com\/en\/wp-json\/wp\/v2\/users\/5"}],"replies":[{"embeddable":true,"href":"https:\/\/cardastrueart.com\/en\/wp-json\/wp\/v2\/comments?post=6176"}],"version-history":[{"count":4,"href":"https:\/\/cardastrueart.com\/en\/wp-json\/wp\/v2\/pages\/6176\/revisions"}],"predecessor-version":[{"id":6196,"href":"https:\/\/cardastrueart.com\/en\/wp-json\/wp\/v2\/pages\/6176\/revisions\/6196"}],"up":[{"embeddable":true,"href":"https:\/\/cardastrueart.com\/en\/wp-json\/wp\/v2\/pages\/4076"}],"wp:attachment":[{"href":"https:\/\/cardastrueart.com\/en\/wp-json\/wp\/v2\/media?parent=6176"}],"curies":[{"name":"wp","href":"https:\/\/api.w.org\/{rel}","templated":true}]}}